{"id":67,"date":"2026-02-25T13:55:14","date_gmt":"2026-02-25T13:55:14","guid":{"rendered":"https:\/\/almaria.ms3.decms.eu\/location-and-contacts\/"},"modified":"2026-03-26T11:18:34","modified_gmt":"2026-03-26T11:18:34","slug":"standort-und-kontakte","status":"publish","type":"page","link":"https:\/\/www.almaria.pt\/de\/standort-und-kontakte\/","title":{"rendered":"Kontakte"},"content":{"rendered":"<p>Entdecken Sie Lissabon von einem privilegierten Standort aus, in einem seiner renommierten und ikonischen Viertel.<\/p>\n<p><strong>Was macht ALMARIA so besonders und inspirierend?<\/strong><\/p>\n<p>Die Wertsch\u00e4tzung des historischen Erbes, seine Wiederbelebung des Stadtlebens sowie die Bereitstellung hervorragender Gastfreundschaft, Emotionen und unvergesslicher Momente sind die Werte der Marke und ihrer Einheiten im Herzen von Lissabon.<\/p>\n","protected":false},"excerpt":{"rendered":"<p>Entdecken Sie Lissabon von einem privilegierten Standort aus, in einem seiner renommierten und ikonischen Viertel. Was macht ALMARIA so besonders und inspirierend? Die Wertsch\u00e4tzung des historischen Erbes, seine Wiederbelebung des Stadtlebens sowie die Bereitstellung hervorragender Gastfreundschaft, Emotionen und unvergesslicher Momente sind die Werte der Marke und ihrer Einheiten im Herzen von Lissabon.<\/p>\n","protected":false},"author":8,"featured_media":0,"parent":0,"menu_order":80,"comment_status":"closed","ping_status":"closed","template":"template-location.php","meta":{"footnotes":""},"class_list":["post-67","page","type-page","status-publish","hentry"],"yoast_head":"<!-- This site is optimized with the Yoast SEO plugin v26.9 - https:\/\/yoast.com\/product\/yoast-seo-wordpress\/ -->\n<title>Kontakte &#8211; Almaria &#8211;<\/title>\n<meta name=\"description\" content=\"Entdecken Sie Lissabon von einem privilegierten Standort aus, in einem seiner renommierten und ikonischen Viertel.  Was macht ALMARIA so besonders und inspirierend?  Die Wertsch\u00e4tzung des historischen Erbes, seine Wiederbelebung des Stadtlebens sowie die Bereitstellung hervorragender Gastfreundschaft, Emotionen und unvergesslicher Momente sind die Werte der Marke und ihrer Einheiten im Herzen von Lissabon..\" \/>\n<meta name=\"robots\" content=\"index, follow, max-snippet:-1, max-image-preview:large, max-video-preview:-1\" \/>\n<link rel=\"canonical\" href=\"https:\/\/www.almaria.pt\/de\/standort-und-kontakte\/\" \/>\n<meta property=\"og:locale\" content=\"de_DE\" \/>\n<meta property=\"og:type\" content=\"article\" \/>\n<meta property=\"og:title\" content=\"Kontakte &#8211; Almaria &#8211;\" \/>\n<meta property=\"og:description\" content=\"Entdecken Sie Lissabon von einem privilegierten Standort aus, in einem seiner renommierten und ikonischen Viertel.  Was macht ALMARIA so besonders und inspirierend?  Die Wertsch\u00e4tzung des historischen Erbes, seine Wiederbelebung des Stadtlebens sowie die Bereitstellung hervorragender Gastfreundschaft, Emotionen und unvergesslicher Momente sind die Werte der Marke und ihrer Einheiten im Herzen von Lissabon..\" \/>\n<meta property=\"og:url\" content=\"https:\/\/www.almaria.pt\/de\/standort-und-kontakte\/\" \/>\n<meta property=\"og:site_name\" content=\"Almaria\" \/>\n<meta property=\"article:publisher\" content=\"https:\/\/www.facebook.com\/almariaedificioscomhistoria\/\" \/>\n<meta property=\"article:modified_time\" content=\"2026-03-26T11:18:34+00:00\" \/>\n<meta property=\"og:image\" content=\"https:\/\/www.almaria.pt\/wp-content\/uploads\/sites\/58\/2026\/03\/river-view-3-bedrooms-ex-libris-apartments-chiado-almaria-2.jpg\" \/>\n\t<meta property=\"og:image:width\" content=\"2200\" \/>\n\t<meta property=\"og:image:height\" content=\"1466\" \/>\n\t<meta property=\"og:image:type\" content=\"image\/jpeg\" \/>\n<meta name=\"twitter:card\" content=\"summary_large_image\" \/>\n<meta name=\"twitter:label1\" content=\"Est. reading time\" \/>\n\t<meta name=\"twitter:data1\" content=\"1\u00a0Minute\" \/>\n<script type=\"application\/ld+json\" class=\"yoast-schema-graph\">{\"@context\":\"https:\/\/schema.org\",\"@graph\":[{\"@type\":\"WebPage\",\"@id\":\"https:\/\/www.almaria.pt\/de\/standort-und-kontakte\/\",\"url\":\"https:\/\/www.almaria.pt\/de\/standort-und-kontakte\/\",\"name\":\"Kontakte &#8211; Almaria &#8211;\",\"isPartOf\":{\"@id\":\"https:\/\/www.almaria.pt\/de\/#website\"},\"datePublished\":\"2026-02-25T13:55:14+00:00\",\"dateModified\":\"2026-03-26T11:18:34+00:00\",\"description\":\"Entdecken Sie Lissabon von einem privilegierten Standort aus, in einem seiner renommierten und ikonischen Viertel. Was macht ALMARIA so besonders und inspirierend? Die Wertsch\u00e4tzung des historischen Erbes, seine Wiederbelebung des Stadtlebens sowie die Bereitstellung hervorragender Gastfreundschaft, Emotionen und unvergesslicher Momente sind die Werte der Marke und ihrer Einheiten im Herzen von Lissabon..\",\"breadcrumb\":{\"@id\":\"https:\/\/www.almaria.pt\/de\/standort-und-kontakte\/#breadcrumb\"},\"inLanguage\":\"de\",\"potentialAction\":[{\"@type\":\"ReadAction\",\"target\":[\"https:\/\/www.almaria.pt\/de\/standort-und-kontakte\/\"]}]},{\"@type\":\"BreadcrumbList\",\"@id\":\"https:\/\/www.almaria.pt\/de\/standort-und-kontakte\/#breadcrumb\",\"itemListElement\":[{\"@type\":\"ListItem\",\"position\":1,\"name\":\"Home\",\"item\":\"https:\/\/www.almaria.pt\/de\/\"},{\"@type\":\"ListItem\",\"position\":2,\"name\":\"Kontakte\"}]},{\"@type\":\"WebSite\",\"@id\":\"https:\/\/www.almaria.pt\/de\/#website\",\"url\":\"https:\/\/www.almaria.pt\/de\/\",\"name\":\"Almaria - Edif\u00edcios com Hist\u00f3ria\",\"description\":\"\",\"publisher\":{\"@id\":\"https:\/\/www.almaria.pt\/de\/#organization\"},\"alternateName\":\"Almaria - Edif\u00edcios com Hist\u00f3ria\",\"potentialAction\":[{\"@type\":\"SearchAction\",\"target\":{\"@type\":\"EntryPoint\",\"urlTemplate\":\"https:\/\/www.almaria.pt\/de\/?s={search_term_string}\"},\"query-input\":{\"@type\":\"PropertyValueSpecification\",\"valueRequired\":true,\"valueName\":\"search_term_string\"}}],\"inLanguage\":\"de\"},{\"@type\":\"Organization\",\"@id\":\"https:\/\/www.almaria.pt\/de\/#organization\",\"name\":\"Almaria - Edif\u00edcios com Hist\u00f3ria\",\"alternateName\":\"Almaria - Edif\u00edcios com Hist\u00f3ria\",\"url\":\"https:\/\/www.almaria.pt\/de\/\",\"logo\":{\"@type\":\"ImageObject\",\"inLanguage\":\"de\",\"@id\":\"https:\/\/www.almaria.pt\/de\/#\/schema\/logo\/image\/\",\"url\":\"https:\/\/www.almaria.pt\/wp-content\/uploads\/sites\/58\/2026\/03\/black-historic-luxury-apartments-lisbon-logo-Almaria-new.png\",\"contentUrl\":\"https:\/\/www.almaria.pt\/wp-content\/uploads\/sites\/58\/2026\/03\/black-historic-luxury-apartments-lisbon-logo-Almaria-new.png\",\"width\":230,\"height\":300,\"caption\":\"Almaria - Edif\u00edcios com Hist\u00f3ria\"},\"image\":{\"@id\":\"https:\/\/www.almaria.pt\/de\/#\/schema\/logo\/image\/\"},\"sameAs\":[\"https:\/\/www.facebook.com\/almariaedificioscomhistoria\/\",\"https:\/\/www.instagram.com\/almaria_lisbon_apartments\/?hl=en\",\"https:\/\/www.linkedin.com\/company\/almaria-edif\u00edcios-com-hist\u00f3ria\/?viewAsMember=true\"]}]}<\/script>\n<!-- \/ Yoast SEO plugin. -->","yoast_head_json":{"title":"Kontakte &#8211; Almaria &#8211;","description":"Entdecken Sie Lissabon von einem privilegierten Standort aus, in einem seiner renommierten und ikonischen Viertel.  Was macht ALMARIA so besonders und inspirierend?  Die Wertsch\u00e4tzung des historischen Erbes, seine Wiederbelebung des Stadtlebens sowie die Bereitstellung hervorragender Gastfreundschaft, Emotionen und unvergesslicher Momente sind die Werte der Marke und ihrer Einheiten im Herzen von Lissabon..","robots":{"index":"index","follow":"follow","max-snippet":"max-snippet:-1","max-image-preview":"max-image-preview:large","max-video-preview":"max-video-preview:-1"},"canonical":"https:\/\/www.almaria.pt\/de\/standort-und-kontakte\/","og_locale":"de_DE","og_type":"article","og_title":"Kontakte &#8211; Almaria &#8211;","og_description":"Entdecken Sie Lissabon von einem privilegierten Standort aus, in einem seiner renommierten und ikonischen Viertel.  Was macht ALMARIA so besonders und inspirierend?  Die Wertsch\u00e4tzung des historischen Erbes, seine Wiederbelebung des Stadtlebens sowie die Bereitstellung hervorragender Gastfreundschaft, Emotionen und unvergesslicher Momente sind die Werte der Marke und ihrer Einheiten im Herzen von Lissabon..","og_url":"https:\/\/www.almaria.pt\/de\/standort-und-kontakte\/","og_site_name":"Almaria","article_publisher":"https:\/\/www.facebook.com\/almariaedificioscomhistoria\/","article_modified_time":"2026-03-26T11:18:34+00:00","og_image":[{"width":2200,"height":1466,"url":"https:\/\/www.almaria.pt\/wp-content\/uploads\/sites\/58\/2026\/03\/river-view-3-bedrooms-ex-libris-apartments-chiado-almaria-2.jpg","type":"image\/jpeg"}],"twitter_card":"summary_large_image","twitter_misc":{"Est. reading time":"1\u00a0Minute"},"schema":{"@context":"https:\/\/schema.org","@graph":[{"@type":"WebPage","@id":"https:\/\/www.almaria.pt\/de\/standort-und-kontakte\/","url":"https:\/\/www.almaria.pt\/de\/standort-und-kontakte\/","name":"Kontakte &#8211; Almaria &#8211;","isPartOf":{"@id":"https:\/\/www.almaria.pt\/de\/#website"},"datePublished":"2026-02-25T13:55:14+00:00","dateModified":"2026-03-26T11:18:34+00:00","description":"Entdecken Sie Lissabon von einem privilegierten Standort aus, in einem seiner renommierten und ikonischen Viertel. Was macht ALMARIA so besonders und inspirierend? Die Wertsch\u00e4tzung des historischen Erbes, seine Wiederbelebung des Stadtlebens sowie die Bereitstellung hervorragender Gastfreundschaft, Emotionen und unvergesslicher Momente sind die Werte der Marke und ihrer Einheiten im Herzen von Lissabon..","breadcrumb":{"@id":"https:\/\/www.almaria.pt\/de\/standort-und-kontakte\/#breadcrumb"},"inLanguage":"de","potentialAction":[{"@type":"ReadAction","target":["https:\/\/www.almaria.pt\/de\/standort-und-kontakte\/"]}]},{"@type":"BreadcrumbList","@id":"https:\/\/www.almaria.pt\/de\/standort-und-kontakte\/#breadcrumb","itemListElement":[{"@type":"ListItem","position":1,"name":"Home","item":"https:\/\/www.almaria.pt\/de\/"},{"@type":"ListItem","position":2,"name":"Kontakte"}]},{"@type":"WebSite","@id":"https:\/\/www.almaria.pt\/de\/#website","url":"https:\/\/www.almaria.pt\/de\/","name":"Almaria - Edif\u00edcios com Hist\u00f3ria","description":"","publisher":{"@id":"https:\/\/www.almaria.pt\/de\/#organization"},"alternateName":"Almaria - Edif\u00edcios com Hist\u00f3ria","potentialAction":[{"@type":"SearchAction","target":{"@type":"EntryPoint","urlTemplate":"https:\/\/www.almaria.pt\/de\/?s={search_term_string}"},"query-input":{"@type":"PropertyValueSpecification","valueRequired":true,"valueName":"search_term_string"}}],"inLanguage":"de"},{"@type":"Organization","@id":"https:\/\/www.almaria.pt\/de\/#organization","name":"Almaria - Edif\u00edcios com Hist\u00f3ria","alternateName":"Almaria - Edif\u00edcios com Hist\u00f3ria","url":"https:\/\/www.almaria.pt\/de\/","logo":{"@type":"ImageObject","inLanguage":"de","@id":"https:\/\/www.almaria.pt\/de\/#\/schema\/logo\/image\/","url":"https:\/\/www.almaria.pt\/wp-content\/uploads\/sites\/58\/2026\/03\/black-historic-luxury-apartments-lisbon-logo-Almaria-new.png","contentUrl":"https:\/\/www.almaria.pt\/wp-content\/uploads\/sites\/58\/2026\/03\/black-historic-luxury-apartments-lisbon-logo-Almaria-new.png","width":230,"height":300,"caption":"Almaria - Edif\u00edcios com Hist\u00f3ria"},"image":{"@id":"https:\/\/www.almaria.pt\/de\/#\/schema\/logo\/image\/"},"sameAs":["https:\/\/www.facebook.com\/almariaedificioscomhistoria\/","https:\/\/www.instagram.com\/almaria_lisbon_apartments\/?hl=en","https:\/\/www.linkedin.com\/company\/almaria-edif\u00edcios-com-hist\u00f3ria\/?viewAsMember=true"]}]}},"acf":[],"_links":{"self":[{"href":"https:\/\/www.almaria.pt\/de\/wp-json\/wp\/v2\/pages\/67","targetHints":{"allow":["GET"]}}],"collection":[{"href":"https:\/\/www.almaria.pt\/de\/wp-json\/wp\/v2\/pages"}],"about":[{"href":"https:\/\/www.almaria.pt\/de\/wp-json\/wp\/v2\/types\/page"}],"author":[{"embeddable":true,"href":"https:\/\/www.almaria.pt\/de\/wp-json\/wp\/v2\/users\/8"}],"replies":[{"embeddable":true,"href":"https:\/\/www.almaria.pt\/de\/wp-json\/wp\/v2\/comments?post=67"}],"version-history":[{"count":0,"href":"https:\/\/www.almaria.pt\/de\/wp-json\/wp\/v2\/pages\/67\/revisions"}],"wp:attachment":[{"href":"https:\/\/www.almaria.pt\/de\/wp-json\/wp\/v2\/media?parent=67"}],"curies":[{"name":"wp","href":"https:\/\/api.w.org\/{rel}","templated":true}]}}