{"id":87,"date":"2026-02-25T16:24:28","date_gmt":"2026-02-25T16:24:28","guid":{"rendered":"https:\/\/almaria.ms3.decms.eu\/?page_id=87"},"modified":"2026-03-30T09:43:06","modified_gmt":"2026-03-30T09:43:06","slug":"allgemeine-geschaeftsbedingungen","status":"publish","type":"page","link":"https:\/\/www.almaria.pt\/de\/allgemeine-geschaeftsbedingungen\/","title":{"rendered":"Allgemeine Gesch\u00e4ftsbedingungen"},"content":{"rendered":"<p><strong>Die Rezeption ist nur zwischen 9:00 und 18:00 Uhr besetzt. Bitte informieren Sie das Geb\u00e4ude vorab per E-Mail an reservations@almaria.pt oder per WhatsApp unter  +351 912 848 555 \u00fcber Ihre Ankunftszeit. <\/strong><\/p>\n<p>Sollten Sie nach 18:00 Uhr anreisen, ist das kein Problem! Obwohl die Rezeption bereits geschlossen ist, k\u00f6nnen Sie sich gerne an unseren Concierge wenden, um Ihren Check-in zu vereinbaren.<\/p>\n<p>&nbsp;<\/p>\n<p><strong>Sp\u00e4ter Check-out:<\/strong><br \/>\nDer Check-out muss bis 12:00 Uhr abgeschlossen sein. Sollten Sie mehr Zeit ben\u00f6tigen, k\u00f6nnen Sie Ihren Check-out kostenlos bis 14:00 Uhr verl\u00e4ngern. Fragen Sie einfach unseren Concierge nach der Verf\u00fcgbarkeit.<\/p>\n<p>Check-out ab 14:00 Uhr \u2013 Kosten entsprechend 1 \u00dcbernachtung\/Tag.<\/p>\n<p>Die st\u00e4dtische Touristensteuer von Lissabon betr\u00e4gt 4 \u20ac pro Person und Nacht und gilt f\u00fcr alle G\u00e4ste \u00fcber 13 Jahre bei einem Aufenthalt von bis zu 7 aufeinanderfolgenden N\u00e4chten. Die Zahlung dieses Betrags wird beim Check-in verlangt und ist nicht im Buchungsbetrag enthalten.<\/p>\n<p>&nbsp;<\/p>\n<p><strong>Allgemeine und wichtige Regeln in Almaria:<\/strong><\/p>\n<p>Bei Almaria legen wir Wert auf das Gef\u00fchl von Komfort, Sicherheit und Ruhe, das wir unseren G\u00e4sten bieten, und zwar aus folgendem Grund:<\/p>\n<p>Zwischen 20:00 Uhr und 8:00 Uhr bitten wir um Ruhe;<br \/>\nRauchen ist in Wohnungen und \u00f6ffentlichen R\u00e4umen nicht gestattet. Es k\u00f6nnen Strafen anfallen.<br \/>\nWir erlauben es Personen unter 18 Jahren nicht, alleine in unserer Unterkunft zu \u00fcbernachten.<br \/>\nEs ist den G\u00e4sten nicht gestattet, Gegenst\u00e4nde zum pers\u00f6nlichen Gebrauch (Bade-\/K\u00fcchent\u00fccher, Gl\u00e4ser, Besteck usw.) aus der Unterkunft mitzunehmen;<br \/>\nWir haben in keinem der Almaria-Geb\u00e4ude Parkpl\u00e4tze.<br \/>\nDie Reinigung der belegten Apartments erfolgt t\u00e4glich bis 17:00 Uhr;<br \/>\nWenn die Anzahl der G\u00e4ste die in der Reservierung angegebene Anzahl \u00fcberschreitet, k\u00f6nnen zus\u00e4tzliche Kosten anfallen, die je nach Alter (Kind oder Erwachsener) variieren.<\/p>\n<p>&nbsp;<\/p>\n<p><strong>Bitte beachten Sie, dass wir keine Junggesellen-\/Junggesellinnenabschiede akzeptieren, die die Gef\u00fchle unserer G\u00e4ste beeintr\u00e4chtigen k\u00f6nnten.<\/strong><br \/>\nWenn dies der Zweck Ihrer Gruppe ist, buchen Sie bitte keine Unterkunft im Almaria, da dies nicht gestattet ist.<\/p>\n<p>Check in 3:00 PMC<br \/>\nheck out 12:00 PM<br \/>\nKindersalter 12<br \/>\nHaustiere nicht erlaubt<\/p>\n","protected":false},"excerpt":{"rendered":"<p>Die Rezeption ist nur zwischen 9:00 und 18:00 Uhr besetzt. Bitte informieren Sie das Geb\u00e4ude vorab per E-Mail an reservations@almaria.pt oder per WhatsApp unter +351 912 848 555 \u00fcber Ihre Ankunftszeit. Sollten Sie nach 18:00 Uhr anreisen, ist das kein Problem! Obwohl die Rezeption bereits geschlossen ist, k\u00f6nnen Sie sich gerne an unseren Concierge wenden, [&hellip;]<\/p>\n","protected":false},"author":8,"featured_media":0,"parent":0,"menu_order":889,"comment_status":"closed","ping_status":"closed","template":"","meta":{"footnotes":""},"class_list":["post-87","page","type-page","status-publish","hentry"],"yoast_head":"<!-- This site is optimized with the Yoast SEO plugin v26.9 - https:\/\/yoast.com\/product\/yoast-seo-wordpress\/ -->\n<title>Allgemeine Gesch\u00e4ftsbedingungen &#8211; Almaria &#8211;<\/title>\n<meta name=\"description\" content=\"Die Rezeption ist nur zwischen 9:00 und 18:00 Uhr besetzt. Bitte informieren Sie das Geb\u00e4ude vorab per E-Mail an reservations@almaria.pt oder per WhatsApp unter +351 912 848 555 \u00fcber Ihre Ankunftszeit\" \/>\n<meta name=\"robots\" content=\"index, follow, max-snippet:-1, max-image-preview:large, max-video-preview:-1\" \/>\n<link rel=\"canonical\" href=\"https:\/\/www.almaria.pt\/de\/allgemeine-geschaeftsbedingungen\/\" \/>\n<meta property=\"og:locale\" content=\"de_DE\" \/>\n<meta property=\"og:type\" content=\"article\" \/>\n<meta property=\"og:title\" content=\"Allgemeine Gesch\u00e4ftsbedingungen &#8211; Almaria &#8211;\" \/>\n<meta property=\"og:description\" content=\"Die Rezeption ist nur zwischen 9:00 und 18:00 Uhr besetzt. Bitte informieren Sie das Geb\u00e4ude vorab per E-Mail an reservations@almaria.pt oder per WhatsApp unter +351 912 848 555 \u00fcber Ihre Ankunftszeit\" \/>\n<meta property=\"og:url\" content=\"https:\/\/www.almaria.pt\/de\/allgemeine-geschaeftsbedingungen\/\" \/>\n<meta property=\"og:site_name\" content=\"Almaria\" \/>\n<meta property=\"article:publisher\" content=\"https:\/\/www.facebook.com\/almariaedificioscomhistoria\/\" \/>\n<meta property=\"article:modified_time\" content=\"2026-03-30T09:43:06+00:00\" \/>\n<meta property=\"og:image\" content=\"https:\/\/www.almaria.pt\/wp-content\/uploads\/sites\/58\/2026\/03\/river-view-3-bedrooms-ex-libris-apartments-chiado-almaria-2.jpg\" \/>\n\t<meta property=\"og:image:width\" content=\"2200\" \/>\n\t<meta property=\"og:image:height\" content=\"1466\" \/>\n\t<meta property=\"og:image:type\" content=\"image\/jpeg\" \/>\n<meta name=\"twitter:card\" content=\"summary_large_image\" \/>\n<meta name=\"twitter:label1\" content=\"Est. reading time\" \/>\n\t<meta name=\"twitter:data1\" content=\"2\u00a0Minuten\" \/>\n<script type=\"application\/ld+json\" class=\"yoast-schema-graph\">{\"@context\":\"https:\/\/schema.org\",\"@graph\":[{\"@type\":\"WebPage\",\"@id\":\"https:\/\/www.almaria.pt\/de\/allgemeine-geschaeftsbedingungen\/\",\"url\":\"https:\/\/www.almaria.pt\/de\/allgemeine-geschaeftsbedingungen\/\",\"name\":\"Allgemeine Gesch\u00e4ftsbedingungen &#8211; Almaria &#8211;\",\"isPartOf\":{\"@id\":\"https:\/\/www.almaria.pt\/de\/#website\"},\"datePublished\":\"2026-02-25T16:24:28+00:00\",\"dateModified\":\"2026-03-30T09:43:06+00:00\",\"description\":\"Die Rezeption ist nur zwischen 9:00 und 18:00 Uhr besetzt. Bitte informieren Sie das Geb\u00e4ude vorab per E-Mail an reservations@almaria.pt oder per WhatsApp unter +351 912 848 555 \u00fcber Ihre Ankunftszeit\",\"breadcrumb\":{\"@id\":\"https:\/\/www.almaria.pt\/de\/allgemeine-geschaeftsbedingungen\/#breadcrumb\"},\"inLanguage\":\"de\",\"potentialAction\":[{\"@type\":\"ReadAction\",\"target\":[\"https:\/\/www.almaria.pt\/de\/allgemeine-geschaeftsbedingungen\/\"]}]},{\"@type\":\"BreadcrumbList\",\"@id\":\"https:\/\/www.almaria.pt\/de\/allgemeine-geschaeftsbedingungen\/#breadcrumb\",\"itemListElement\":[{\"@type\":\"ListItem\",\"position\":1,\"name\":\"Home\",\"item\":\"https:\/\/www.almaria.pt\/de\/\"},{\"@type\":\"ListItem\",\"position\":2,\"name\":\"Allgemeine Gesch\u00e4ftsbedingungen\"}]},{\"@type\":\"WebSite\",\"@id\":\"https:\/\/www.almaria.pt\/de\/#website\",\"url\":\"https:\/\/www.almaria.pt\/de\/\",\"name\":\"Almaria - Edif\u00edcios com Hist\u00f3ria\",\"description\":\"\",\"publisher\":{\"@id\":\"https:\/\/www.almaria.pt\/de\/#organization\"},\"alternateName\":\"Almaria - Edif\u00edcios com Hist\u00f3ria\",\"potentialAction\":[{\"@type\":\"SearchAction\",\"target\":{\"@type\":\"EntryPoint\",\"urlTemplate\":\"https:\/\/www.almaria.pt\/de\/?s={search_term_string}\"},\"query-input\":{\"@type\":\"PropertyValueSpecification\",\"valueRequired\":true,\"valueName\":\"search_term_string\"}}],\"inLanguage\":\"de\"},{\"@type\":\"Organization\",\"@id\":\"https:\/\/www.almaria.pt\/de\/#organization\",\"name\":\"Almaria - Edif\u00edcios com Hist\u00f3ria\",\"alternateName\":\"Almaria - Edif\u00edcios com Hist\u00f3ria\",\"url\":\"https:\/\/www.almaria.pt\/de\/\",\"logo\":{\"@type\":\"ImageObject\",\"inLanguage\":\"de\",\"@id\":\"https:\/\/www.almaria.pt\/de\/#\/schema\/logo\/image\/\",\"url\":\"https:\/\/www.almaria.pt\/wp-content\/uploads\/sites\/58\/2026\/03\/black-historic-luxury-apartments-lisbon-logo-Almaria-new.png\",\"contentUrl\":\"https:\/\/www.almaria.pt\/wp-content\/uploads\/sites\/58\/2026\/03\/black-historic-luxury-apartments-lisbon-logo-Almaria-new.png\",\"width\":230,\"height\":300,\"caption\":\"Almaria - Edif\u00edcios com Hist\u00f3ria\"},\"image\":{\"@id\":\"https:\/\/www.almaria.pt\/de\/#\/schema\/logo\/image\/\"},\"sameAs\":[\"https:\/\/www.facebook.com\/almariaedificioscomhistoria\/\",\"https:\/\/www.instagram.com\/almaria_lisbon_apartments\/?hl=en\",\"https:\/\/www.linkedin.com\/company\/almaria-edif\u00edcios-com-hist\u00f3ria\/?viewAsMember=true\"]}]}<\/script>\n<!-- \/ Yoast SEO plugin. -->","yoast_head_json":{"title":"Allgemeine Gesch\u00e4ftsbedingungen &#8211; Almaria &#8211;","description":"Die Rezeption ist nur zwischen 9:00 und 18:00 Uhr besetzt. Bitte informieren Sie das Geb\u00e4ude vorab per E-Mail an reservations@almaria.pt oder per WhatsApp unter +351 912 848 555 \u00fcber Ihre Ankunftszeit","robots":{"index":"index","follow":"follow","max-snippet":"max-snippet:-1","max-image-preview":"max-image-preview:large","max-video-preview":"max-video-preview:-1"},"canonical":"https:\/\/www.almaria.pt\/de\/allgemeine-geschaeftsbedingungen\/","og_locale":"de_DE","og_type":"article","og_title":"Allgemeine Gesch\u00e4ftsbedingungen &#8211; Almaria &#8211;","og_description":"Die Rezeption ist nur zwischen 9:00 und 18:00 Uhr besetzt. Bitte informieren Sie das Geb\u00e4ude vorab per E-Mail an reservations@almaria.pt oder per WhatsApp unter +351 912 848 555 \u00fcber Ihre Ankunftszeit","og_url":"https:\/\/www.almaria.pt\/de\/allgemeine-geschaeftsbedingungen\/","og_site_name":"Almaria","article_publisher":"https:\/\/www.facebook.com\/almariaedificioscomhistoria\/","article_modified_time":"2026-03-30T09:43:06+00:00","og_image":[{"width":2200,"height":1466,"url":"https:\/\/www.almaria.pt\/wp-content\/uploads\/sites\/58\/2026\/03\/river-view-3-bedrooms-ex-libris-apartments-chiado-almaria-2.jpg","type":"image\/jpeg"}],"twitter_card":"summary_large_image","twitter_misc":{"Est. reading time":"2\u00a0Minuten"},"schema":{"@context":"https:\/\/schema.org","@graph":[{"@type":"WebPage","@id":"https:\/\/www.almaria.pt\/de\/allgemeine-geschaeftsbedingungen\/","url":"https:\/\/www.almaria.pt\/de\/allgemeine-geschaeftsbedingungen\/","name":"Allgemeine Gesch\u00e4ftsbedingungen &#8211; Almaria &#8211;","isPartOf":{"@id":"https:\/\/www.almaria.pt\/de\/#website"},"datePublished":"2026-02-25T16:24:28+00:00","dateModified":"2026-03-30T09:43:06+00:00","description":"Die Rezeption ist nur zwischen 9:00 und 18:00 Uhr besetzt. Bitte informieren Sie das Geb\u00e4ude vorab per E-Mail an reservations@almaria.pt oder per WhatsApp unter +351 912 848 555 \u00fcber Ihre Ankunftszeit","breadcrumb":{"@id":"https:\/\/www.almaria.pt\/de\/allgemeine-geschaeftsbedingungen\/#breadcrumb"},"inLanguage":"de","potentialAction":[{"@type":"ReadAction","target":["https:\/\/www.almaria.pt\/de\/allgemeine-geschaeftsbedingungen\/"]}]},{"@type":"BreadcrumbList","@id":"https:\/\/www.almaria.pt\/de\/allgemeine-geschaeftsbedingungen\/#breadcrumb","itemListElement":[{"@type":"ListItem","position":1,"name":"Home","item":"https:\/\/www.almaria.pt\/de\/"},{"@type":"ListItem","position":2,"name":"Allgemeine Gesch\u00e4ftsbedingungen"}]},{"@type":"WebSite","@id":"https:\/\/www.almaria.pt\/de\/#website","url":"https:\/\/www.almaria.pt\/de\/","name":"Almaria - Edif\u00edcios com Hist\u00f3ria","description":"","publisher":{"@id":"https:\/\/www.almaria.pt\/de\/#organization"},"alternateName":"Almaria - Edif\u00edcios com Hist\u00f3ria","potentialAction":[{"@type":"SearchAction","target":{"@type":"EntryPoint","urlTemplate":"https:\/\/www.almaria.pt\/de\/?s={search_term_string}"},"query-input":{"@type":"PropertyValueSpecification","valueRequired":true,"valueName":"search_term_string"}}],"inLanguage":"de"},{"@type":"Organization","@id":"https:\/\/www.almaria.pt\/de\/#organization","name":"Almaria - Edif\u00edcios com Hist\u00f3ria","alternateName":"Almaria - Edif\u00edcios com Hist\u00f3ria","url":"https:\/\/www.almaria.pt\/de\/","logo":{"@type":"ImageObject","inLanguage":"de","@id":"https:\/\/www.almaria.pt\/de\/#\/schema\/logo\/image\/","url":"https:\/\/www.almaria.pt\/wp-content\/uploads\/sites\/58\/2026\/03\/black-historic-luxury-apartments-lisbon-logo-Almaria-new.png","contentUrl":"https:\/\/www.almaria.pt\/wp-content\/uploads\/sites\/58\/2026\/03\/black-historic-luxury-apartments-lisbon-logo-Almaria-new.png","width":230,"height":300,"caption":"Almaria - Edif\u00edcios com Hist\u00f3ria"},"image":{"@id":"https:\/\/www.almaria.pt\/de\/#\/schema\/logo\/image\/"},"sameAs":["https:\/\/www.facebook.com\/almariaedificioscomhistoria\/","https:\/\/www.instagram.com\/almaria_lisbon_apartments\/?hl=en","https:\/\/www.linkedin.com\/company\/almaria-edif\u00edcios-com-hist\u00f3ria\/?viewAsMember=true"]}]}},"acf":[],"_links":{"self":[{"href":"https:\/\/www.almaria.pt\/de\/wp-json\/wp\/v2\/pages\/87","targetHints":{"allow":["GET"]}}],"collection":[{"href":"https:\/\/www.almaria.pt\/de\/wp-json\/wp\/v2\/pages"}],"about":[{"href":"https:\/\/www.almaria.pt\/de\/wp-json\/wp\/v2\/types\/page"}],"author":[{"embeddable":true,"href":"https:\/\/www.almaria.pt\/de\/wp-json\/wp\/v2\/users\/8"}],"replies":[{"embeddable":true,"href":"https:\/\/www.almaria.pt\/de\/wp-json\/wp\/v2\/comments?post=87"}],"version-history":[{"count":0,"href":"https:\/\/www.almaria.pt\/de\/wp-json\/wp\/v2\/pages\/87\/revisions"}],"wp:attachment":[{"href":"https:\/\/www.almaria.pt\/de\/wp-json\/wp\/v2\/media?parent=87"}],"curies":[{"name":"wp","href":"https:\/\/api.w.org\/{rel}","templated":true}]}}