{"id":9,"date":"2026-02-17T15:40:46","date_gmt":"2026-02-17T15:40:46","guid":{"rendered":"https:\/\/almaria.ms3.decms.eu\/?page_id=9"},"modified":"2026-03-26T11:09:05","modified_gmt":"2026-03-26T11:09:05","slug":"almaria","status":"publish","type":"page","link":"https:\/\/www.almaria.pt\/de\/","title":{"rendered":"Almaria &#8211; Edif\u00edcios com Hist\u00f3ria"},"content":{"rendered":"<p style=\"text-align: center;\">Entdecken Sie Lissabon von einem privilegierten Standort aus, in einem seiner renommierten und ikonischen Viertel. Entdecken Sie Lissabon, indem Sie erleben, wie es ist, ein Lissabonner zu sein.<\/p>\n<p style=\"text-align: center;\"><strong>Entdecken Sie Lissabon wie ein echter Lisboeta.<\/strong><\/p>\n<p style=\"text-align: center;\">Mit seinen ideal im Herzen der Stadt gelegenen Geb\u00e4uden bietet Almaria \u2013 Buildings with History den perfekten Ausgangspunkt f\u00fcr alle, die Lissabon kennenlernen, an der lokalen Szenerie und Gemeinschaft teilhaben und mit ihr interagieren und das historische und kulturelle Erbe der Stadt wiedererleben m\u00f6chten. Momente erleben.<\/p>\n","protected":false},"excerpt":{"rendered":"<p>Entdecken Sie Lissabon von einem privilegierten Standort aus, in einem seiner renommierten und ikonischen Viertel. Entdecken Sie Lissabon, indem Sie erleben, wie es ist, ein Lissabonner zu sein. Entdecken Sie Lissabon wie ein echter Lisboeta. Mit seinen ideal im Herzen der Stadt gelegenen Geb\u00e4uden bietet Almaria \u2013 Buildings with History den perfekten Ausgangspunkt f\u00fcr alle, [&hellip;]<\/p>\n","protected":false},"author":8,"featured_media":0,"parent":0,"menu_order":0,"comment_status":"closed","ping_status":"closed","template":"","meta":{"footnotes":""},"class_list":["post-9","page","type-page","status-publish","hentry"],"yoast_head":"<!-- This site is optimized with the Yoast SEO plugin v26.9 - https:\/\/yoast.com\/product\/yoast-seo-wordpress\/ -->\n<title>Almaria - Edif\u00edcios com Hist\u00f3ria &#8211; Almaria &#8211;<\/title>\n<meta name=\"description\" content=\"Entdecken Sie Lissabon von einem privilegierten Standort aus, in einem seiner renommierten und ikonischen Viertel. Entdecken Sie Lissabon, indem Sie erleben, wie es ist, ein Lissabonner zu sein. Entdecken Sie Lissabon wie ein echter Lisboeta. Mit seinen ideal im Herzen der Stadt gelegenen Geb\u00e4uden bietet Almaria \u2013 Buildings with History den perfekten Ausgangspunkt f\u00fcr alle, die Lissabon kennenlernen, an der lokalen Szenerie und Gemeinschaft teilhaben und mit ihr interagieren und das historische und kulturelle Erbe der Stadt wiedererleben m\u00f6chten\" \/>\n<meta name=\"robots\" content=\"index, follow, max-snippet:-1, max-image-preview:large, max-video-preview:-1\" \/>\n<link rel=\"canonical\" href=\"https:\/\/www.almaria.pt\/de\/\" \/>\n<meta property=\"og:locale\" content=\"de_DE\" \/>\n<meta property=\"og:type\" content=\"article\" \/>\n<meta property=\"og:title\" content=\"Almaria - Edif\u00edcios com Hist\u00f3ria &#8211; Almaria &#8211;\" \/>\n<meta property=\"og:description\" content=\"Entdecken Sie Lissabon von einem privilegierten Standort aus, in einem seiner renommierten und ikonischen Viertel. Entdecken Sie Lissabon, indem Sie erleben, wie es ist, ein Lissabonner zu sein. Entdecken Sie Lissabon wie ein echter Lisboeta. Mit seinen ideal im Herzen der Stadt gelegenen Geb\u00e4uden bietet Almaria \u2013 Buildings with History den perfekten Ausgangspunkt f\u00fcr alle, die Lissabon kennenlernen, an der lokalen Szenerie und Gemeinschaft teilhaben und mit ihr interagieren und das historische und kulturelle Erbe der Stadt wiedererleben m\u00f6chten\" \/>\n<meta property=\"og:url\" content=\"https:\/\/www.almaria.pt\/de\/\" \/>\n<meta property=\"og:site_name\" content=\"Almaria\" \/>\n<meta property=\"article:publisher\" content=\"https:\/\/www.facebook.com\/almariaedificioscomhistoria\/\" \/>\n<meta property=\"article:modified_time\" content=\"2026-03-26T11:09:05+00:00\" \/>\n<meta property=\"og:image\" content=\"https:\/\/www.almaria.pt\/wp-content\/uploads\/sites\/58\/2026\/03\/river-view-3-bedrooms-ex-libris-apartments-chiado-almaria-2.jpg\" \/>\n\t<meta property=\"og:image:width\" content=\"2200\" \/>\n\t<meta property=\"og:image:height\" content=\"1466\" \/>\n\t<meta property=\"og:image:type\" content=\"image\/jpeg\" \/>\n<meta name=\"twitter:card\" content=\"summary_large_image\" \/>\n<meta name=\"twitter:label1\" content=\"Est. reading time\" \/>\n\t<meta name=\"twitter:data1\" content=\"1\u00a0Minute\" \/>\n<script type=\"application\/ld+json\" class=\"yoast-schema-graph\">{\"@context\":\"https:\/\/schema.org\",\"@graph\":[{\"@type\":\"WebPage\",\"@id\":\"https:\/\/www.almaria.pt\/de\/\",\"url\":\"https:\/\/www.almaria.pt\/de\/\",\"name\":\"Almaria - Edif\u00edcios com Hist\u00f3ria &#8211; Almaria &#8211;\",\"isPartOf\":{\"@id\":\"https:\/\/www.almaria.pt\/de\/#website\"},\"datePublished\":\"2026-02-17T15:40:46+00:00\",\"dateModified\":\"2026-03-26T11:09:05+00:00\",\"description\":\"Entdecken Sie Lissabon von einem privilegierten Standort aus, in einem seiner renommierten und ikonischen Viertel. Entdecken Sie Lissabon, indem Sie erleben, wie es ist, ein Lissabonner zu sein. Entdecken Sie Lissabon wie ein echter Lisboeta. Mit seinen ideal im Herzen der Stadt gelegenen Geb\u00e4uden bietet Almaria \u2013 Buildings with History den perfekten Ausgangspunkt f\u00fcr alle, die Lissabon kennenlernen, an der lokalen Szenerie und Gemeinschaft teilhaben und mit ihr interagieren und das historische und kulturelle Erbe der Stadt wiedererleben m\u00f6chten\",\"breadcrumb\":{\"@id\":\"https:\/\/www.almaria.pt\/de\/#breadcrumb\"},\"inLanguage\":\"de\",\"potentialAction\":[{\"@type\":\"ReadAction\",\"target\":[\"https:\/\/www.almaria.pt\/de\/\"]}]},{\"@type\":\"BreadcrumbList\",\"@id\":\"https:\/\/www.almaria.pt\/de\/#breadcrumb\",\"itemListElement\":[{\"@type\":\"ListItem\",\"position\":1,\"name\":\"Home\",\"item\":\"https:\/\/www.almaria.pt\/de\/\"},{\"@type\":\"ListItem\",\"position\":2,\"name\":\"Almaria &#8211; Edif\u00edcios com Hist\u00f3ria\"}]},{\"@type\":\"WebSite\",\"@id\":\"https:\/\/www.almaria.pt\/de\/#website\",\"url\":\"https:\/\/www.almaria.pt\/de\/\",\"name\":\"Almaria - Edif\u00edcios com Hist\u00f3ria\",\"description\":\"\",\"publisher\":{\"@id\":\"https:\/\/www.almaria.pt\/de\/#organization\"},\"alternateName\":\"Almaria - Edif\u00edcios com Hist\u00f3ria\",\"potentialAction\":[{\"@type\":\"SearchAction\",\"target\":{\"@type\":\"EntryPoint\",\"urlTemplate\":\"https:\/\/www.almaria.pt\/de\/?s={search_term_string}\"},\"query-input\":{\"@type\":\"PropertyValueSpecification\",\"valueRequired\":true,\"valueName\":\"search_term_string\"}}],\"inLanguage\":\"de\"},{\"@type\":\"Organization\",\"@id\":\"https:\/\/www.almaria.pt\/de\/#organization\",\"name\":\"Almaria - Edif\u00edcios com Hist\u00f3ria\",\"alternateName\":\"Almaria - Edif\u00edcios com Hist\u00f3ria\",\"url\":\"https:\/\/www.almaria.pt\/de\/\",\"logo\":{\"@type\":\"ImageObject\",\"inLanguage\":\"de\",\"@id\":\"https:\/\/www.almaria.pt\/de\/#\/schema\/logo\/image\/\",\"url\":\"https:\/\/www.almaria.pt\/wp-content\/uploads\/sites\/58\/2026\/03\/black-historic-luxury-apartments-lisbon-logo-Almaria-new.png\",\"contentUrl\":\"https:\/\/www.almaria.pt\/wp-content\/uploads\/sites\/58\/2026\/03\/black-historic-luxury-apartments-lisbon-logo-Almaria-new.png\",\"width\":230,\"height\":300,\"caption\":\"Almaria - Edif\u00edcios com Hist\u00f3ria\"},\"image\":{\"@id\":\"https:\/\/www.almaria.pt\/de\/#\/schema\/logo\/image\/\"},\"sameAs\":[\"https:\/\/www.facebook.com\/almariaedificioscomhistoria\/\",\"https:\/\/www.instagram.com\/almaria_lisbon_apartments\/?hl=en\",\"https:\/\/www.linkedin.com\/company\/almaria-edif\u00edcios-com-hist\u00f3ria\/?viewAsMember=true\"]}]}<\/script>\n<!-- \/ Yoast SEO plugin. -->","yoast_head_json":{"title":"Almaria - Edif\u00edcios com Hist\u00f3ria &#8211; Almaria &#8211;","description":"Entdecken Sie Lissabon von einem privilegierten Standort aus, in einem seiner renommierten und ikonischen Viertel. Entdecken Sie Lissabon, indem Sie erleben, wie es ist, ein Lissabonner zu sein. Entdecken Sie Lissabon wie ein echter Lisboeta. Mit seinen ideal im Herzen der Stadt gelegenen Geb\u00e4uden bietet Almaria \u2013 Buildings with History den perfekten Ausgangspunkt f\u00fcr alle, die Lissabon kennenlernen, an der lokalen Szenerie und Gemeinschaft teilhaben und mit ihr interagieren und das historische und kulturelle Erbe der Stadt wiedererleben m\u00f6chten","robots":{"index":"index","follow":"follow","max-snippet":"max-snippet:-1","max-image-preview":"max-image-preview:large","max-video-preview":"max-video-preview:-1"},"canonical":"https:\/\/www.almaria.pt\/de\/","og_locale":"de_DE","og_type":"article","og_title":"Almaria - Edif\u00edcios com Hist\u00f3ria &#8211; Almaria &#8211;","og_description":"Entdecken Sie Lissabon von einem privilegierten Standort aus, in einem seiner renommierten und ikonischen Viertel. Entdecken Sie Lissabon, indem Sie erleben, wie es ist, ein Lissabonner zu sein. Entdecken Sie Lissabon wie ein echter Lisboeta. Mit seinen ideal im Herzen der Stadt gelegenen Geb\u00e4uden bietet Almaria \u2013 Buildings with History den perfekten Ausgangspunkt f\u00fcr alle, die Lissabon kennenlernen, an der lokalen Szenerie und Gemeinschaft teilhaben und mit ihr interagieren und das historische und kulturelle Erbe der Stadt wiedererleben m\u00f6chten","og_url":"https:\/\/www.almaria.pt\/de\/","og_site_name":"Almaria","article_publisher":"https:\/\/www.facebook.com\/almariaedificioscomhistoria\/","article_modified_time":"2026-03-26T11:09:05+00:00","og_image":[{"width":2200,"height":1466,"url":"https:\/\/www.almaria.pt\/wp-content\/uploads\/sites\/58\/2026\/03\/river-view-3-bedrooms-ex-libris-apartments-chiado-almaria-2.jpg","type":"image\/jpeg"}],"twitter_card":"summary_large_image","twitter_misc":{"Est. reading time":"1\u00a0Minute"},"schema":{"@context":"https:\/\/schema.org","@graph":[{"@type":"WebPage","@id":"https:\/\/www.almaria.pt\/de\/","url":"https:\/\/www.almaria.pt\/de\/","name":"Almaria - Edif\u00edcios com Hist\u00f3ria &#8211; Almaria &#8211;","isPartOf":{"@id":"https:\/\/www.almaria.pt\/de\/#website"},"datePublished":"2026-02-17T15:40:46+00:00","dateModified":"2026-03-26T11:09:05+00:00","description":"Entdecken Sie Lissabon von einem privilegierten Standort aus, in einem seiner renommierten und ikonischen Viertel. Entdecken Sie Lissabon, indem Sie erleben, wie es ist, ein Lissabonner zu sein. Entdecken Sie Lissabon wie ein echter Lisboeta. Mit seinen ideal im Herzen der Stadt gelegenen Geb\u00e4uden bietet Almaria \u2013 Buildings with History den perfekten Ausgangspunkt f\u00fcr alle, die Lissabon kennenlernen, an der lokalen Szenerie und Gemeinschaft teilhaben und mit ihr interagieren und das historische und kulturelle Erbe der Stadt wiedererleben m\u00f6chten","breadcrumb":{"@id":"https:\/\/www.almaria.pt\/de\/#breadcrumb"},"inLanguage":"de","potentialAction":[{"@type":"ReadAction","target":["https:\/\/www.almaria.pt\/de\/"]}]},{"@type":"BreadcrumbList","@id":"https:\/\/www.almaria.pt\/de\/#breadcrumb","itemListElement":[{"@type":"ListItem","position":1,"name":"Home","item":"https:\/\/www.almaria.pt\/de\/"},{"@type":"ListItem","position":2,"name":"Almaria &#8211; Edif\u00edcios com Hist\u00f3ria"}]},{"@type":"WebSite","@id":"https:\/\/www.almaria.pt\/de\/#website","url":"https:\/\/www.almaria.pt\/de\/","name":"Almaria - Edif\u00edcios com Hist\u00f3ria","description":"","publisher":{"@id":"https:\/\/www.almaria.pt\/de\/#organization"},"alternateName":"Almaria - Edif\u00edcios com Hist\u00f3ria","potentialAction":[{"@type":"SearchAction","target":{"@type":"EntryPoint","urlTemplate":"https:\/\/www.almaria.pt\/de\/?s={search_term_string}"},"query-input":{"@type":"PropertyValueSpecification","valueRequired":true,"valueName":"search_term_string"}}],"inLanguage":"de"},{"@type":"Organization","@id":"https:\/\/www.almaria.pt\/de\/#organization","name":"Almaria - Edif\u00edcios com Hist\u00f3ria","alternateName":"Almaria - Edif\u00edcios com Hist\u00f3ria","url":"https:\/\/www.almaria.pt\/de\/","logo":{"@type":"ImageObject","inLanguage":"de","@id":"https:\/\/www.almaria.pt\/de\/#\/schema\/logo\/image\/","url":"https:\/\/www.almaria.pt\/wp-content\/uploads\/sites\/58\/2026\/03\/black-historic-luxury-apartments-lisbon-logo-Almaria-new.png","contentUrl":"https:\/\/www.almaria.pt\/wp-content\/uploads\/sites\/58\/2026\/03\/black-historic-luxury-apartments-lisbon-logo-Almaria-new.png","width":230,"height":300,"caption":"Almaria - Edif\u00edcios com Hist\u00f3ria"},"image":{"@id":"https:\/\/www.almaria.pt\/de\/#\/schema\/logo\/image\/"},"sameAs":["https:\/\/www.facebook.com\/almariaedificioscomhistoria\/","https:\/\/www.instagram.com\/almaria_lisbon_apartments\/?hl=en","https:\/\/www.linkedin.com\/company\/almaria-edif\u00edcios-com-hist\u00f3ria\/?viewAsMember=true"]}]}},"acf":[],"_links":{"self":[{"href":"https:\/\/www.almaria.pt\/de\/wp-json\/wp\/v2\/pages\/9","targetHints":{"allow":["GET"]}}],"collection":[{"href":"https:\/\/www.almaria.pt\/de\/wp-json\/wp\/v2\/pages"}],"about":[{"href":"https:\/\/www.almaria.pt\/de\/wp-json\/wp\/v2\/types\/page"}],"author":[{"embeddable":true,"href":"https:\/\/www.almaria.pt\/de\/wp-json\/wp\/v2\/users\/8"}],"replies":[{"embeddable":true,"href":"https:\/\/www.almaria.pt\/de\/wp-json\/wp\/v2\/comments?post=9"}],"version-history":[{"count":0,"href":"https:\/\/www.almaria.pt\/de\/wp-json\/wp\/v2\/pages\/9\/revisions"}],"wp:attachment":[{"href":"https:\/\/www.almaria.pt\/de\/wp-json\/wp\/v2\/media?parent=9"}],"curies":[{"name":"wp","href":"https:\/\/api.w.org\/{rel}","templated":true}]}}