{"id":92,"date":"2026-02-25T16:20:04","date_gmt":"2026-02-25T16:20:04","guid":{"rendered":"https:\/\/almaria.ms3.decms.eu\/?page_id=92"},"modified":"2026-04-02T09:30:26","modified_gmt":"2026-04-02T09:30:26","slug":"datenschutz-und-cookies","status":"publish","type":"page","link":"https:\/\/www.almaria.pt\/de\/datenschutz-und-cookies\/","title":{"rendered":"Datenschutz und Cookies"},"content":{"rendered":"<h3><em>Datenschutzrichtlinie &#8211; Website \u2013 25. Mai 2018<\/em><\/h3>\n<p>Dieser Datenschutzhinweis informiert Sie \u00fcber die Informationen, die wir sammeln, wenn Sie unsere Website nutzen. Beim Erfassen dieser Informationen fungieren wir als Datenverantwortlicher und sind gesetzlich verpflichtet, Ihnen Informationen \u00fcber uns, den Grund und die Art und Weise unserer Verwendung Ihrer Daten sowie \u00fcber Ihre Rechte in Bezug auf Ihre Daten bereitzustellen.<\/p>\n<h3><em>Wer sind wir?<\/em><\/h3>\n<p>Wir sind das Unternehmen Almaria \u2013 Geb\u00e4ude mit Geschichte. Unsere Adresse lautet Rua Tierno Galvan, Turm 3 \u2013 3. Stock, Einheit DI, DK und DJ, 1170-274 Lissabon. Sie k\u00f6nnen uns unter der oben genannten Adresse, per E-Mail unter reservations@almaria.pt oder telefonisch unter 351 912 848 555 kontaktieren.<\/p>\n<p>Wir sind nicht verpflichtet, einen Datenschutzbeauftragten zu haben. Alle Fragen zu unserer Verwendung Ihrer personenbezogenen Daten richten Sie bitte an die oben genannten Ansprechpartner.<\/p>\n<h3><em>Wie wir Ihre personenbezogenen Daten verwenden<\/em><\/h3>\n<p><a href=\"https:\/\/www.almaria.pt\/de\/hotel-policies.html#_When_you_use\">Wenn Sie unsere Website nutzen<\/a><\/p>\n<p><a href=\"https:\/\/www.almaria.pt\/de\/hotel-policies.html#_When_you_submit\">Wenn Sie ein Formular \u00fcber unsere Website \u00fcbermitteln<\/a><\/p>\n<p><a href=\"https:\/\/www.almaria.pt\/de\/hotel-policies.html#_When_you_sign\">Wenn Sie sich f\u00fcr unseren Newsletter anmelden<\/a><\/p>\n<p><a href=\"https:\/\/www.almaria.pt\/de\/hotel-policies.html#_When_you_download\">Wenn Sie ein Beispieldokument herunterladen<\/a><\/p>\n<p><a href=\"https:\/\/www.almaria.pt\/de\/hotel-policies.html#_When_you_submit_1\">Wenn Sie eine Bewertung \u00fcber uns abgeben<\/a><\/p>\n<p><a href=\"https:\/\/www.almaria.pt\/de\/hotel-policies.html#_Your_right_to\">Ihre Rechte als Betroffener<\/a><\/p>\n<p><a href=\"https:\/\/www.almaria.pt\/de\/hotel-policies.html#_Your_right_to\">Beschwerderecht<\/a><\/p>\n<p><a href=\"https:\/\/www.almaria.pt\/de\/hotel-policies.html#_Updates_to_this\">Aktualisierungen dieser Datenschutzrichtlinie<\/a><\/p>\n<h3><em>Wenn Sie unsere Website nutzen<\/em><\/h3>\n<p>Wenn Sie unsere Website nutzen, um die Produkte und Dienstleistungen zu durchsuchen und die von uns bereitgestellten Informationen anzuzeigen, werden von uns und Dritten eine Reihe von Cookies verwendet, um die Funktion der Website zu erm\u00f6glichen, n\u00fctzliche Informationen \u00fcber Besucher zu sammeln und Ihr Benutzererlebnis zu verbessern.<\/p>\n<p>(\u2026) Einige der von uns verwendeten Cookies sind f\u00fcr die Funktion unserer Website unbedingt erforderlich. Bei Cookies, die zwar n\u00fctzlich, aber nicht unbedingt erforderlich sind, fragen wir vor der Platzierung immer nach Ihrer Zustimmung. Wir verwenden zwei Arten von Cookies:<br \/>\n\u2013 Permanente Cookies \u2013 Diese werden im Internetbrowser (Browser) auf Ihren Zugangsger\u00e4ten (PC, Handy und Tablet) gespeichert und bei jedem erneuten Besuch des Benutzers auf der Website verwendet. Sie werden im Allgemeinen verwendet, um die Navigation entsprechend den Interessen des Besuchers zu steuern und uns so die Bereitstellung eines pers\u00f6nlicheren Dienstes zu erm\u00f6glichen.<br \/>\n\u2013 Sitzungscookies \u2013 Diese sind tempor\u00e4r und verbleiben in den Cookies Ihres Internetbrowsers, bis Sie die Website verlassen. Die erhaltenen Informationen erm\u00f6glichen es uns, Probleme zu identifizieren und ein besseres Browser-Erlebnis zu bieten.<\/p>\n<p>Nachdem der Benutzer die Verwendung von Cookies autorisiert hat, kann er jederzeit einige oder alle unserer Cookies deaktivieren. Alle Internetbrowser erm\u00f6glichen es Besuchern, Cookies zu akzeptieren, abzulehnen oder zu l\u00f6schen, indem sie die Einstellungen in ihrem Browser verwalten. Bitte beachten Sie, dass durch die Deaktivierung von Cookies Teile unserer Website m\u00f6glicherweise nicht richtig funktionieren.<\/p>\n<p>Weitere Informationen zu Cookies finden Sie unter folgendem Link:\u00a0<em><a href=\"http:\/\/www.allaboutcookies.org\/\">www.allaboutcookies.org<\/a><\/em><\/p>\n<p>&nbsp;<\/p>\n<a href=\"#dedge-didomi-show-cookie-preferences\" class=\"dedge-didomi-preferences-button\">Consent preferences<\/a>\n<p>&nbsp;<\/p>\n<p>&nbsp;<\/p>\n<h3><em>Wenn Sie ein Formular \u00fcber unsere Website \u00fcbermitteln<\/em><\/h3>\n<p>Wenn Sie ein Formular \u00fcber unsere Website einreichen, fragen wir nach Ihrem Namen, Ihrer Telefonnummer, Ihrer Funktion und Ihrer E-Mail-Adresse.<\/p>\n<p>Wir verwenden diese Informationen, um auf Ihre Anfrage zu antworten, indem wir Ihnen alle gew\u00fcnschten Informationen zu unseren Produkten und Dienstleistungen zukommen lassen. Wir k\u00f6nnen Ihnen nach dem Absenden von Formularen auch E-Mail-Nachrichten senden, um Ihr Interesse einzusch\u00e4tzen und sicherzustellen, dass wir auf Ihre Anfrage antworten. Wir tun dies auf der Grundlage unseres berechtigten Interesses, vor einem Verkauf genaue Informationen bereitzustellen.<\/p>\n<p>Ihr Formular wird als E-Mail auf unseren Computern innerhalb des Europ\u00e4ischen Wirtschaftsraums (EWR) gespeichert und verarbeitet.<\/p>\n<p>Wir verwenden die von Ihnen bereitgestellten Informationen nicht, um automatisierte Entscheidungen zu treffen, die Sie betreffen k\u00f6nnten.<\/p>\n<p>Wir bewahren die Formular-E-Mails zwei Jahre lang auf, danach werden sie archiviert und sieben Jahre lang aufbewahrt, danach l\u00f6schen wir sie.<\/p>\n<h3><em>Wenn Sie sich f\u00fcr unseren Newsletter anmelden<\/em><\/h3>\n<p>Wenn Sie sich f\u00fcr unseren Newsletter anmelden, fragen wir nach Ihrer E-Mail-Adresse.<\/p>\n<p>Wir bitten Sie um Ihr Einverst\u00e4ndnis, Ihre E-Mail-Adresse zu verwenden, um Ihnen unseren Newsletter mit Informationen zu unseren Produkten und anderen Informationen, die f\u00fcr Sie von Interesse sein k\u00f6nnten, zu senden.<\/p>\n<p>Sie k\u00f6nnen Ihre Einwilligung jederzeit widerrufen und wir stellen die Zusendung des Newsletters an Sie ein.<\/p>\n<p>Ihre E-Mail-Adresse wird an ein in den USA ans\u00e4ssiges automatisiertes E-Mail-Versandsystem weitergegeben. Dieses Unternehmen hat sich vertraglich zu einer angemessenen Sicherheit bei der Verarbeitung Ihrer personenbezogenen Daten verpflichtet, so dass diese gem\u00e4\u00df den gesetzlichen Vorgaben der Europ\u00e4ischen Union gesch\u00fctzt werden.<\/p>\n<p>Wir verwenden die von Ihnen bereitgestellten Informationen nicht, um automatisierte Entscheidungen zu treffen, die Sie betreffen k\u00f6nnten.<\/p>\n<p>Wir bewahren Ihre personenbezogenen Daten so lange auf, wie wir unseren Newsletter erstellen und versenden. Im Falle eines Widerrufs werden Ihre Daten von uns f\u00fcr die Nichtverwendung gekennzeichnet und nach Ablauf von zwei Jahren gel\u00f6scht.<\/p>\n<h3><em>Wenn Sie ein Beispieldokument herunterladen<\/em><\/h3>\n<p>Wenn Sie von unserer Website einen Download anfordern, beispielsweise ein Whitepaper, fragen wir nach Ihrem Namen, Ihrem Firmennamen (optional) und Ihrer E-Mail-Adresse.<\/p>\n<p>Wir verwenden diese Informationen, um Ihnen einen Link zum Herunterladen des angeforderten Dokuments zu senden. Wir k\u00f6nnen Ihnen nach dem Download auch eine E-Mail senden, um Ihr Interesse an unseren Produkten und Dienstleistungen zu verfolgen. Wir tun dies auf der Grundlage unseres berechtigten Interesses an der Vermarktung unserer Produkte und Dienstleistungen an potenzielle Kunden.<\/p>\n<p>Ihr Name und Ihre E-Mail-Adresse werden an ein Zahlungssystem mit Sitz in Luxemburg weitergegeben. Dieses Unternehmen hat sich vertraglich dazu verpflichtet, f\u00fcr eine angemessene Sicherheit bei der Verarbeitung Ihrer personenbezogenen Daten zu sorgen, das hei\u00dft, dass diese gem\u00e4\u00df den gesetzlichen Anforderungen der Europ\u00e4ischen Union gesch\u00fctzt werden.<\/p>\n<p>Wir verwenden die von Ihnen bereitgestellten Informationen nicht, um automatisierte Entscheidungen zu treffen, die Sie betreffen k\u00f6nnten.<\/p>\n<p>Ihre personenbezogenen Daten werden nach der Download-Anforderung ein Jahr lang gespeichert und anschlie\u00dfend gel\u00f6scht.<\/p>\n<h3><em>Wenn Sie eine Bewertung \u00fcber uns abgeben<\/em><\/h3>\n<p>Wenn Sie einen Kommentar \u00fcber uns abgeben, erfassen wir Ihren Namen, Ihre E-Mail-Adresse und Ihre IP-Adresse (Internet Protocol), also die Adresse Ihres Computers im Internet.<\/p>\n<p>Wir verwenden diese Informationen, um potenziellen Kunden verifizierte, unabh\u00e4ngige Meinungen zu unseren Produkten und Dienstleistungen bereitzustellen. Ihr Name, der Inhalt Ihres Kommentars und Ihre E-Mail-Adresse k\u00f6nnen auf unserer Website \u00f6ffentlich angezeigt werden. Wir tun dies auf der Grundlage unseres berechtigten Interesses an der Vermarktung unserer Produkte und Dienstleistungen.<\/p>\n<p>Wir verwenden die von Ihnen bereitgestellten Informationen nicht, um automatisierte Entscheidungen zu treffen, die Sie betreffen k\u00f6nnten.<\/p>\n<p>Ihre personenbezogenen Daten werden so lange gespeichert, wie wir das Produkt oder die Dienstleistung vermarkten, auf die sich der Kommentar bezieht, und anschlie\u00dfend gel\u00f6scht. Sie k\u00f6nnen uns jederzeit bitten, Ihren Kommentar zu entfernen.<\/p>\n<h3><em>Ihre Rechte als Betroffener<\/em><\/h3>\n<p>Sie k\u00f6nnen uns gesetzlich fragen, welche Informationen wir \u00fcber Sie gesammelt haben, und Sie k\u00f6nnen uns bitten, diese zu korrigieren, wenn sie nicht korrekt sind. Wir bitten Sie um Ihre Einwilligung zur Verarbeitung Ihrer personenbezogenen Daten. Sie k\u00f6nnen diese Einwilligung jederzeit widerrufen.<\/p>\n<p>Wir k\u00f6nnen Ihre personenbezogenen Daten verarbeiten, weil Sie uns Ihre Einwilligung erteilt haben oder um einen Vertrag zu erf\u00fcllen. Sie k\u00f6nnen uns um eine Kopie der Informationen in digitalem Format bitten, damit Sie diese an einen anderen Anbieter \u00fcbertragen k\u00f6nnen.<\/p>\n<p>Wir k\u00f6nnen Ihre personenbezogenen Daten verarbeiten, weil Sie uns Ihre Einwilligung erteilt haben oder ein berechtigtes Interesse besteht. Sie k\u00f6nnen die L\u00f6schung Ihrer Daten verlangen.<\/p>\n<p>Sie haben das Recht, uns aufzufordern, die Verarbeitung Ihrer personenbezogenen Daten f\u00fcr einen bestimmten Zeitraum auszusetzen, wenn Sie der Ansicht sind, dass wir dies nicht rechtm\u00e4\u00dfig tun.<\/p>\n<p>Und schlie\u00dflich k\u00f6nnen Sie uns unter bestimmten Umst\u00e4nden bitten, keine automatisierte Verarbeitung oder Profilerstellung durchzuf\u00fchren.<\/p>\n<p>Um eine Anfrage bez\u00fcglich Ihrer pers\u00f6nlichen Daten einzureichen, k\u00f6nnen Sie dies per E-Mail, Post oder Telefon tun. Die Kontaktinformationen finden Sie oben im\u00a0\u00a0\u00a0<a href=\"https:\/\/www.almaria.pt\/de\/hotel-policies.html#_Who_are_we?\">Wer wir sind<\/a><\/p>\n<h3><em>Beschwerderecht<\/em><\/h3>\n<p>Wenn Sie eine Beschwerde \u00fcber unseren Umgang mit Ihren personenbezogenen Daten haben, w\u00fcrden wir es vorziehen, wenn Sie sich zun\u00e4chst direkt an uns wenden, damit wir Ihre Beschwerde kl\u00e4ren k\u00f6nnen. Es besteht jedoch auch die M\u00f6glichkeit, die Nationale Datenschutzkommission \u00fcber ihre Website unter folgender Adresse zu kontaktieren:\u00a0\u00a0\u00a0<a href=\"https:\/\/www.cnpd.pt\/\">https:\/\/www.cnpd.pt\/<\/a>\u00a0\u00a0\u00a0oder bei\u00dfen:<\/p>\n<p>Nationale Datenschutzkommission<\/p>\n<p>St. Bento Stra\u00dfe Nr. 148-3.<\/p>\n<p>1200-821 Lissabon<\/p>\n<h3><em>Aktualisierungen dieser Datenschutzrichtlinie<\/em><\/h3>\n<p>Wir werden diese Richtlinie regelm\u00e4\u00dfig \u00fcberpr\u00fcfen und diese Datenschutzrichtlinie gegebenenfalls aktualisieren, wenn sich unsere Dienste und die Verarbeitung personenbezogener Daten weiterentwickeln. Wenn wir beabsichtigen, Ihre personenbezogenen Daten auf eine Weise zu verwenden, die wir zuvor nicht identifiziert haben, werden wir Sie kontaktieren, um Sie \u00fcber diese Verwendung zu informieren und Sie gegebenenfalls um Ihre Zustimmung zu bitten.<\/p>\n<p>Wir werden die Versionsnummer und das Datum dieses Dokuments bei jeder \u00c4nderung aktualisieren.<\/p>\n","protected":false},"excerpt":{"rendered":"<p>Datenschutzrichtlinie &#8211; Website \u2013 25. Mai 2018 Dieser Datenschutzhinweis informiert Sie \u00fcber die Informationen, die wir sammeln, wenn Sie unsere Website nutzen. Beim Erfassen dieser Informationen fungieren wir als Datenverantwortlicher und sind gesetzlich verpflichtet, Ihnen Informationen \u00fcber uns, den Grund und die Art und Weise unserer Verwendung Ihrer Daten sowie \u00fcber Ihre Rechte in Bezug [&hellip;]<\/p>\n","protected":false},"author":8,"featured_media":0,"parent":0,"menu_order":990,"comment_status":"closed","ping_status":"closed","template":"","meta":{"footnotes":""},"class_list":["post-92","page","type-page","status-publish","hentry"],"yoast_head":"<!-- This site is optimized with the Yoast SEO plugin v26.9 - https:\/\/yoast.com\/product\/yoast-seo-wordpress\/ -->\n<title>Datenschutz und Cookies &#8211; Almaria &#8211;<\/title>\n<meta name=\"description\" content=\"Datenschutzrichtlinie - Website \u2013 25. Mai 2018 Dieser Datenschutzhinweis informiert Sie \u00fcber die Informationen, die wir sammeln, wenn Sie unsere Website nutzen\" \/>\n<meta name=\"robots\" content=\"index, follow, max-snippet:-1, max-image-preview:large, max-video-preview:-1\" \/>\n<link rel=\"canonical\" href=\"https:\/\/www.almaria.pt\/de\/datenschutz-und-cookies\/\" \/>\n<meta property=\"og:locale\" content=\"de_DE\" \/>\n<meta property=\"og:type\" content=\"article\" \/>\n<meta property=\"og:title\" content=\"Datenschutz und Cookies &#8211; Almaria &#8211;\" \/>\n<meta property=\"og:description\" content=\"Datenschutzrichtlinie - Website \u2013 25. Mai 2018 Dieser Datenschutzhinweis informiert Sie \u00fcber die Informationen, die wir sammeln, wenn Sie unsere Website nutzen\" \/>\n<meta property=\"og:url\" content=\"https:\/\/www.almaria.pt\/de\/datenschutz-und-cookies\/\" \/>\n<meta property=\"og:site_name\" content=\"Almaria\" \/>\n<meta property=\"article:publisher\" content=\"https:\/\/www.facebook.com\/almariaedificioscomhistoria\/\" \/>\n<meta property=\"article:modified_time\" content=\"2026-04-02T09:30:26+00:00\" \/>\n<meta property=\"og:image\" content=\"https:\/\/www.almaria.pt\/wp-content\/uploads\/sites\/58\/2026\/03\/river-view-3-bedrooms-ex-libris-apartments-chiado-almaria-2.jpg\" \/>\n\t<meta property=\"og:image:width\" content=\"2200\" \/>\n\t<meta property=\"og:image:height\" content=\"1466\" \/>\n\t<meta property=\"og:image:type\" content=\"image\/jpeg\" \/>\n<meta name=\"twitter:card\" content=\"summary_large_image\" \/>\n<meta name=\"twitter:label1\" content=\"Est. reading time\" \/>\n\t<meta name=\"twitter:data1\" content=\"6\u00a0Minuten\" \/>\n<script type=\"application\/ld+json\" class=\"yoast-schema-graph\">{\"@context\":\"https:\/\/schema.org\",\"@graph\":[{\"@type\":\"WebPage\",\"@id\":\"https:\/\/www.almaria.pt\/de\/datenschutz-und-cookies\/\",\"url\":\"https:\/\/www.almaria.pt\/de\/datenschutz-und-cookies\/\",\"name\":\"Datenschutz und Cookies &#8211; Almaria &#8211;\",\"isPartOf\":{\"@id\":\"https:\/\/www.almaria.pt\/de\/#website\"},\"datePublished\":\"2026-02-25T16:20:04+00:00\",\"dateModified\":\"2026-04-02T09:30:26+00:00\",\"description\":\"Datenschutzrichtlinie - Website \u2013 25. Mai 2018 Dieser Datenschutzhinweis informiert Sie \u00fcber die Informationen, die wir sammeln, wenn Sie unsere Website nutzen\",\"breadcrumb\":{\"@id\":\"https:\/\/www.almaria.pt\/de\/datenschutz-und-cookies\/#breadcrumb\"},\"inLanguage\":\"de\",\"potentialAction\":[{\"@type\":\"ReadAction\",\"target\":[\"https:\/\/www.almaria.pt\/de\/datenschutz-und-cookies\/\"]}]},{\"@type\":\"BreadcrumbList\",\"@id\":\"https:\/\/www.almaria.pt\/de\/datenschutz-und-cookies\/#breadcrumb\",\"itemListElement\":[{\"@type\":\"ListItem\",\"position\":1,\"name\":\"Home\",\"item\":\"https:\/\/www.almaria.pt\/de\/\"},{\"@type\":\"ListItem\",\"position\":2,\"name\":\"Datenschutz und Cookies\"}]},{\"@type\":\"WebSite\",\"@id\":\"https:\/\/www.almaria.pt\/de\/#website\",\"url\":\"https:\/\/www.almaria.pt\/de\/\",\"name\":\"Almaria - Edif\u00edcios com Hist\u00f3ria\",\"description\":\"\",\"publisher\":{\"@id\":\"https:\/\/www.almaria.pt\/de\/#organization\"},\"alternateName\":\"Almaria - Edif\u00edcios com Hist\u00f3ria\",\"potentialAction\":[{\"@type\":\"SearchAction\",\"target\":{\"@type\":\"EntryPoint\",\"urlTemplate\":\"https:\/\/www.almaria.pt\/de\/?s={search_term_string}\"},\"query-input\":{\"@type\":\"PropertyValueSpecification\",\"valueRequired\":true,\"valueName\":\"search_term_string\"}}],\"inLanguage\":\"de\"},{\"@type\":\"Organization\",\"@id\":\"https:\/\/www.almaria.pt\/de\/#organization\",\"name\":\"Almaria - Edif\u00edcios com Hist\u00f3ria\",\"alternateName\":\"Almaria - Edif\u00edcios com Hist\u00f3ria\",\"url\":\"https:\/\/www.almaria.pt\/de\/\",\"logo\":{\"@type\":\"ImageObject\",\"inLanguage\":\"de\",\"@id\":\"https:\/\/www.almaria.pt\/de\/#\/schema\/logo\/image\/\",\"url\":\"https:\/\/www.almaria.pt\/wp-content\/uploads\/sites\/58\/2026\/03\/black-historic-luxury-apartments-lisbon-logo-Almaria-new.png\",\"contentUrl\":\"https:\/\/www.almaria.pt\/wp-content\/uploads\/sites\/58\/2026\/03\/black-historic-luxury-apartments-lisbon-logo-Almaria-new.png\",\"width\":230,\"height\":300,\"caption\":\"Almaria - Edif\u00edcios com Hist\u00f3ria\"},\"image\":{\"@id\":\"https:\/\/www.almaria.pt\/de\/#\/schema\/logo\/image\/\"},\"sameAs\":[\"https:\/\/www.facebook.com\/almariaedificioscomhistoria\/\",\"https:\/\/www.instagram.com\/almaria_lisbon_apartments\/?hl=en\",\"https:\/\/www.linkedin.com\/company\/almaria-edif\u00edcios-com-hist\u00f3ria\/?viewAsMember=true\"]}]}<\/script>\n<!-- \/ Yoast SEO plugin. -->","yoast_head_json":{"title":"Datenschutz und Cookies &#8211; Almaria &#8211;","description":"Datenschutzrichtlinie - Website \u2013 25. Mai 2018 Dieser Datenschutzhinweis informiert Sie \u00fcber die Informationen, die wir sammeln, wenn Sie unsere Website nutzen","robots":{"index":"index","follow":"follow","max-snippet":"max-snippet:-1","max-image-preview":"max-image-preview:large","max-video-preview":"max-video-preview:-1"},"canonical":"https:\/\/www.almaria.pt\/de\/datenschutz-und-cookies\/","og_locale":"de_DE","og_type":"article","og_title":"Datenschutz und Cookies &#8211; Almaria &#8211;","og_description":"Datenschutzrichtlinie - Website \u2013 25. Mai 2018 Dieser Datenschutzhinweis informiert Sie \u00fcber die Informationen, die wir sammeln, wenn Sie unsere Website nutzen","og_url":"https:\/\/www.almaria.pt\/de\/datenschutz-und-cookies\/","og_site_name":"Almaria","article_publisher":"https:\/\/www.facebook.com\/almariaedificioscomhistoria\/","article_modified_time":"2026-04-02T09:30:26+00:00","og_image":[{"width":2200,"height":1466,"url":"https:\/\/www.almaria.pt\/wp-content\/uploads\/sites\/58\/2026\/03\/river-view-3-bedrooms-ex-libris-apartments-chiado-almaria-2.jpg","type":"image\/jpeg"}],"twitter_card":"summary_large_image","twitter_misc":{"Est. reading time":"6\u00a0Minuten"},"schema":{"@context":"https:\/\/schema.org","@graph":[{"@type":"WebPage","@id":"https:\/\/www.almaria.pt\/de\/datenschutz-und-cookies\/","url":"https:\/\/www.almaria.pt\/de\/datenschutz-und-cookies\/","name":"Datenschutz und Cookies &#8211; Almaria &#8211;","isPartOf":{"@id":"https:\/\/www.almaria.pt\/de\/#website"},"datePublished":"2026-02-25T16:20:04+00:00","dateModified":"2026-04-02T09:30:26+00:00","description":"Datenschutzrichtlinie - Website \u2013 25. Mai 2018 Dieser Datenschutzhinweis informiert Sie \u00fcber die Informationen, die wir sammeln, wenn Sie unsere Website nutzen","breadcrumb":{"@id":"https:\/\/www.almaria.pt\/de\/datenschutz-und-cookies\/#breadcrumb"},"inLanguage":"de","potentialAction":[{"@type":"ReadAction","target":["https:\/\/www.almaria.pt\/de\/datenschutz-und-cookies\/"]}]},{"@type":"BreadcrumbList","@id":"https:\/\/www.almaria.pt\/de\/datenschutz-und-cookies\/#breadcrumb","itemListElement":[{"@type":"ListItem","position":1,"name":"Home","item":"https:\/\/www.almaria.pt\/de\/"},{"@type":"ListItem","position":2,"name":"Datenschutz und Cookies"}]},{"@type":"WebSite","@id":"https:\/\/www.almaria.pt\/de\/#website","url":"https:\/\/www.almaria.pt\/de\/","name":"Almaria - Edif\u00edcios com Hist\u00f3ria","description":"","publisher":{"@id":"https:\/\/www.almaria.pt\/de\/#organization"},"alternateName":"Almaria - Edif\u00edcios com Hist\u00f3ria","potentialAction":[{"@type":"SearchAction","target":{"@type":"EntryPoint","urlTemplate":"https:\/\/www.almaria.pt\/de\/?s={search_term_string}"},"query-input":{"@type":"PropertyValueSpecification","valueRequired":true,"valueName":"search_term_string"}}],"inLanguage":"de"},{"@type":"Organization","@id":"https:\/\/www.almaria.pt\/de\/#organization","name":"Almaria - Edif\u00edcios com Hist\u00f3ria","alternateName":"Almaria - Edif\u00edcios com Hist\u00f3ria","url":"https:\/\/www.almaria.pt\/de\/","logo":{"@type":"ImageObject","inLanguage":"de","@id":"https:\/\/www.almaria.pt\/de\/#\/schema\/logo\/image\/","url":"https:\/\/www.almaria.pt\/wp-content\/uploads\/sites\/58\/2026\/03\/black-historic-luxury-apartments-lisbon-logo-Almaria-new.png","contentUrl":"https:\/\/www.almaria.pt\/wp-content\/uploads\/sites\/58\/2026\/03\/black-historic-luxury-apartments-lisbon-logo-Almaria-new.png","width":230,"height":300,"caption":"Almaria - Edif\u00edcios com Hist\u00f3ria"},"image":{"@id":"https:\/\/www.almaria.pt\/de\/#\/schema\/logo\/image\/"},"sameAs":["https:\/\/www.facebook.com\/almariaedificioscomhistoria\/","https:\/\/www.instagram.com\/almaria_lisbon_apartments\/?hl=en","https:\/\/www.linkedin.com\/company\/almaria-edif\u00edcios-com-hist\u00f3ria\/?viewAsMember=true"]}]}},"acf":[],"_links":{"self":[{"href":"https:\/\/www.almaria.pt\/de\/wp-json\/wp\/v2\/pages\/92","targetHints":{"allow":["GET"]}}],"collection":[{"href":"https:\/\/www.almaria.pt\/de\/wp-json\/wp\/v2\/pages"}],"about":[{"href":"https:\/\/www.almaria.pt\/de\/wp-json\/wp\/v2\/types\/page"}],"author":[{"embeddable":true,"href":"https:\/\/www.almaria.pt\/de\/wp-json\/wp\/v2\/users\/8"}],"replies":[{"embeddable":true,"href":"https:\/\/www.almaria.pt\/de\/wp-json\/wp\/v2\/comments?post=92"}],"version-history":[{"count":0,"href":"https:\/\/www.almaria.pt\/de\/wp-json\/wp\/v2\/pages\/92\/revisions"}],"wp:attachment":[{"href":"https:\/\/www.almaria.pt\/de\/wp-json\/wp\/v2\/media?parent=92"}],"curies":[{"name":"wp","href":"https:\/\/api.w.org\/{rel}","templated":true}]}}