{"id":100,"date":"2026-02-25T15:41:34","date_gmt":"2026-02-25T15:41:34","guid":{"rendered":"https:\/\/almaria.ms3.decms.eu\/did-you-know-that\/"},"modified":"2026-03-16T14:31:44","modified_gmt":"2026-03-16T14:31:44","slug":"sabia-que","status":"publish","type":"page","link":"https:\/\/www.almaria.pt\/es\/sabia-que\/","title":{"rendered":"Sab\u00eda que?"},"content":{"rendered":"<p>La lengua portuguesa es hablada por m\u00e1s de 200 millones de personas, repartidas por casi todos los continentes:<br \/>\nEuropa, \u00c1frica, Am\u00e9rica y Asia. Esta diversidad ha contribuido a profundizar los v\u00ednculos hist\u00f3ricos y culturales de Portugal con el mundo.<\/p>\n<p>La lengua portuguesa es la quinta lengua m\u00e1s hablada del mundo y la sexta m\u00e1s utilizada en internet.<\/p>\n<p>Roma tiene m\u00e1s iglesias portuguesas que algunas de nuestras ciudades.<\/p>\n<p>La segunda ciudad con m\u00e1s portugueses nativos es Par\u00eds.<\/p>\n<p>La br\u00fajula mar\u00edtima fue inventada por un portugu\u00e9s.<\/p>\n<p>Asimismo, fue un portugu\u00e9s el que invent\u00f3 el ca\u00f1\u00f3n.<\/p>\n<p>La vela latina fue inventada por los portugueses.<\/p>\n","protected":false},"excerpt":{"rendered":"<p>La lengua portuguesa es hablada por m\u00e1s de 200 millones de personas, repartidas por casi todos los continentes: Europa, \u00c1frica, Am\u00e9rica y Asia. Esta diversidad ha contribuido a profundizar los v\u00ednculos hist\u00f3ricos y culturales de Portugal con el mundo. La lengua portuguesa es la quinta lengua m\u00e1s hablada del mundo y la sexta m\u00e1s utilizada [&hellip;]<\/p>\n","protected":false},"author":8,"featured_media":0,"parent":0,"menu_order":8,"comment_status":"closed","ping_status":"closed","template":"template-default-2.php","meta":{"footnotes":""},"class_list":["post-100","page","type-page","status-publish","hentry"],"yoast_head":"<!-- This site is optimized with the Yoast SEO plugin v26.9 - https:\/\/yoast.com\/product\/yoast-seo-wordpress\/ -->\n<title>Sab\u00eda que? ~ Almaria ~<\/title>\n<meta name=\"description\" content=\"La lengua portuguesa es hablada por m\u00e1s de 200 millones de personas, repartidas por casi todos los continentes: Europa, \u00c1frica, Am\u00e9rica y Asia. Esta diversidad ha contribuido a profundizar los v\u00ednculos hist\u00f3ricos y culturales de Portugal con el mundo.  La lengua portuguesa es la quinta lengua m\u00e1s hablada del mundo y la sexta m\u00e1s utilizada en internet.  Roma tiene m\u00e1s iglesias portuguesas que algunas de nuestras ciudades.  La segunda ciudad con m\u00e1s portugueses nativos es Par\u00eds.  La br\u00fajula mar\u00edtima fue inventada por un portugu\u00e9s.  Asimismo, fue un portugu\u00e9s el que invent\u00f3 el ca\u00f1\u00f3n.  La vela latina fue inventada por los portugueses.\" \/>\n<meta name=\"robots\" content=\"index, follow, max-snippet:-1, max-image-preview:large, max-video-preview:-1\" \/>\n<link rel=\"canonical\" href=\"https:\/\/www.almaria.pt\/es\/sabia-que\/\" \/>\n<meta property=\"og:locale\" content=\"es_ES\" \/>\n<meta property=\"og:type\" content=\"article\" \/>\n<meta property=\"og:title\" content=\"Sab\u00eda que? ~ Almaria ~\" \/>\n<meta property=\"og:description\" content=\"La lengua portuguesa es hablada por m\u00e1s de 200 millones de personas, repartidas por casi todos los continentes: Europa, \u00c1frica, Am\u00e9rica y Asia. Esta diversidad ha contribuido a profundizar los v\u00ednculos hist\u00f3ricos y culturales de Portugal con el mundo.  La lengua portuguesa es la quinta lengua m\u00e1s hablada del mundo y la sexta m\u00e1s utilizada en internet.  Roma tiene m\u00e1s iglesias portuguesas que algunas de nuestras ciudades.  La segunda ciudad con m\u00e1s portugueses nativos es Par\u00eds.  La br\u00fajula mar\u00edtima fue inventada por un portugu\u00e9s.  Asimismo, fue un portugu\u00e9s el que invent\u00f3 el ca\u00f1\u00f3n.  La vela latina fue inventada por los portugueses.\" \/>\n<meta property=\"og:url\" content=\"https:\/\/www.almaria.pt\/es\/sabia-que\/\" \/>\n<meta property=\"og:site_name\" content=\"Almaria\" \/>\n<meta property=\"article:publisher\" content=\"https:\/\/www.facebook.com\/almariaedificioscomhistoria\/\" \/>\n<meta property=\"article:modified_time\" content=\"2026-03-16T14:31:44+00:00\" \/>\n<meta property=\"og:image\" content=\"https:\/\/www.almaria.pt\/wp-content\/uploads\/sites\/58\/2026\/03\/river-view-3-bedrooms-ex-libris-apartments-chiado-almaria-2.jpg\" \/>\n\t<meta property=\"og:image:width\" content=\"2200\" \/>\n\t<meta property=\"og:image:height\" content=\"1466\" \/>\n\t<meta property=\"og:image:type\" content=\"image\/jpeg\" \/>\n<meta name=\"twitter:card\" content=\"summary_large_image\" \/>\n<meta name=\"twitter:label1\" content=\"Est. reading time\" \/>\n\t<meta name=\"twitter:data1\" content=\"1 minuto\" \/>\n<script type=\"application\/ld+json\" class=\"yoast-schema-graph\">{\"@context\":\"https:\/\/schema.org\",\"@graph\":[{\"@type\":\"WebPage\",\"@id\":\"https:\/\/www.almaria.pt\/es\/sabia-que\/\",\"url\":\"https:\/\/www.almaria.pt\/es\/sabia-que\/\",\"name\":\"Sab\u00eda que? ~ Almaria ~\",\"isPartOf\":{\"@id\":\"https:\/\/www.almaria.pt\/es\/#website\"},\"datePublished\":\"2026-02-25T15:41:34+00:00\",\"dateModified\":\"2026-03-16T14:31:44+00:00\",\"description\":\"La lengua portuguesa es hablada por m\u00e1s de 200 millones de personas, repartidas por casi todos los continentes: Europa, \u00c1frica, Am\u00e9rica y Asia. Esta diversidad ha contribuido a profundizar los v\u00ednculos hist\u00f3ricos y culturales de Portugal con el mundo. La lengua portuguesa es la quinta lengua m\u00e1s hablada del mundo y la sexta m\u00e1s utilizada en internet. Roma tiene m\u00e1s iglesias portuguesas que algunas de nuestras ciudades. La segunda ciudad con m\u00e1s portugueses nativos es Par\u00eds. La br\u00fajula mar\u00edtima fue inventada por un portugu\u00e9s. Asimismo, fue un portugu\u00e9s el que invent\u00f3 el ca\u00f1\u00f3n. La vela latina fue inventada por los portugueses.\",\"breadcrumb\":{\"@id\":\"https:\/\/www.almaria.pt\/es\/sabia-que\/#breadcrumb\"},\"inLanguage\":\"es\",\"potentialAction\":[{\"@type\":\"ReadAction\",\"target\":[\"https:\/\/www.almaria.pt\/es\/sabia-que\/\"]}]},{\"@type\":\"BreadcrumbList\",\"@id\":\"https:\/\/www.almaria.pt\/es\/sabia-que\/#breadcrumb\",\"itemListElement\":[{\"@type\":\"ListItem\",\"position\":1,\"name\":\"Home\",\"item\":\"https:\/\/www.almaria.pt\/es\/\"},{\"@type\":\"ListItem\",\"position\":2,\"name\":\"Sab\u00eda que?\"}]},{\"@type\":\"WebSite\",\"@id\":\"https:\/\/www.almaria.pt\/es\/#website\",\"url\":\"https:\/\/www.almaria.pt\/es\/\",\"name\":\"Almaria - Edif\u00edcios com Hist\u00f3ria\",\"description\":\"\",\"publisher\":{\"@id\":\"https:\/\/www.almaria.pt\/es\/#organization\"},\"alternateName\":\"Almaria - Edif\u00edcios com Hist\u00f3ria\",\"potentialAction\":[{\"@type\":\"SearchAction\",\"target\":{\"@type\":\"EntryPoint\",\"urlTemplate\":\"https:\/\/www.almaria.pt\/es\/?s={search_term_string}\"},\"query-input\":{\"@type\":\"PropertyValueSpecification\",\"valueRequired\":true,\"valueName\":\"search_term_string\"}}],\"inLanguage\":\"es\"},{\"@type\":\"Organization\",\"@id\":\"https:\/\/www.almaria.pt\/es\/#organization\",\"name\":\"Almaria - Edif\u00edcios com Hist\u00f3ria\",\"alternateName\":\"Almaria - Edif\u00edcios com Hist\u00f3ria\",\"url\":\"https:\/\/www.almaria.pt\/es\/\",\"logo\":{\"@type\":\"ImageObject\",\"inLanguage\":\"es\",\"@id\":\"https:\/\/www.almaria.pt\/es\/#\/schema\/logo\/image\/\",\"url\":\"https:\/\/www.almaria.pt\/wp-content\/uploads\/sites\/58\/2026\/03\/black-historic-luxury-apartments-lisbon-logo-Almaria-new.png\",\"contentUrl\":\"https:\/\/www.almaria.pt\/wp-content\/uploads\/sites\/58\/2026\/03\/black-historic-luxury-apartments-lisbon-logo-Almaria-new.png\",\"width\":230,\"height\":300,\"caption\":\"Almaria - Edif\u00edcios com Hist\u00f3ria\"},\"image\":{\"@id\":\"https:\/\/www.almaria.pt\/es\/#\/schema\/logo\/image\/\"},\"sameAs\":[\"https:\/\/www.facebook.com\/almariaedificioscomhistoria\/\",\"https:\/\/www.instagram.com\/almaria_lisbon_apartments\/?hl=en\",\"https:\/\/www.linkedin.com\/company\/almaria-edif\u00edcios-com-hist\u00f3ria\/?viewAsMember=true\"]}]}<\/script>\n<!-- \/ Yoast SEO plugin. -->","yoast_head_json":{"title":"Sab\u00eda que? ~ Almaria ~","description":"La lengua portuguesa es hablada por m\u00e1s de 200 millones de personas, repartidas por casi todos los continentes: Europa, \u00c1frica, Am\u00e9rica y Asia. Esta diversidad ha contribuido a profundizar los v\u00ednculos hist\u00f3ricos y culturales de Portugal con el mundo.  La lengua portuguesa es la quinta lengua m\u00e1s hablada del mundo y la sexta m\u00e1s utilizada en internet.  Roma tiene m\u00e1s iglesias portuguesas que algunas de nuestras ciudades.  La segunda ciudad con m\u00e1s portugueses nativos es Par\u00eds.  La br\u00fajula mar\u00edtima fue inventada por un portugu\u00e9s.  Asimismo, fue un portugu\u00e9s el que invent\u00f3 el ca\u00f1\u00f3n.  La vela latina fue inventada por los portugueses.","robots":{"index":"index","follow":"follow","max-snippet":"max-snippet:-1","max-image-preview":"max-image-preview:large","max-video-preview":"max-video-preview:-1"},"canonical":"https:\/\/www.almaria.pt\/es\/sabia-que\/","og_locale":"es_ES","og_type":"article","og_title":"Sab\u00eda que? ~ Almaria ~","og_description":"La lengua portuguesa es hablada por m\u00e1s de 200 millones de personas, repartidas por casi todos los continentes: Europa, \u00c1frica, Am\u00e9rica y Asia. Esta diversidad ha contribuido a profundizar los v\u00ednculos hist\u00f3ricos y culturales de Portugal con el mundo.  La lengua portuguesa es la quinta lengua m\u00e1s hablada del mundo y la sexta m\u00e1s utilizada en internet.  Roma tiene m\u00e1s iglesias portuguesas que algunas de nuestras ciudades.  La segunda ciudad con m\u00e1s portugueses nativos es Par\u00eds.  La br\u00fajula mar\u00edtima fue inventada por un portugu\u00e9s.  Asimismo, fue un portugu\u00e9s el que invent\u00f3 el ca\u00f1\u00f3n.  La vela latina fue inventada por los portugueses.","og_url":"https:\/\/www.almaria.pt\/es\/sabia-que\/","og_site_name":"Almaria","article_publisher":"https:\/\/www.facebook.com\/almariaedificioscomhistoria\/","article_modified_time":"2026-03-16T14:31:44+00:00","og_image":[{"width":2200,"height":1466,"url":"https:\/\/www.almaria.pt\/wp-content\/uploads\/sites\/58\/2026\/03\/river-view-3-bedrooms-ex-libris-apartments-chiado-almaria-2.jpg","type":"image\/jpeg"}],"twitter_card":"summary_large_image","twitter_misc":{"Est. reading time":"1 minuto"},"schema":{"@context":"https:\/\/schema.org","@graph":[{"@type":"WebPage","@id":"https:\/\/www.almaria.pt\/es\/sabia-que\/","url":"https:\/\/www.almaria.pt\/es\/sabia-que\/","name":"Sab\u00eda que? ~ Almaria ~","isPartOf":{"@id":"https:\/\/www.almaria.pt\/es\/#website"},"datePublished":"2026-02-25T15:41:34+00:00","dateModified":"2026-03-16T14:31:44+00:00","description":"La lengua portuguesa es hablada por m\u00e1s de 200 millones de personas, repartidas por casi todos los continentes: Europa, \u00c1frica, Am\u00e9rica y Asia. Esta diversidad ha contribuido a profundizar los v\u00ednculos hist\u00f3ricos y culturales de Portugal con el mundo. La lengua portuguesa es la quinta lengua m\u00e1s hablada del mundo y la sexta m\u00e1s utilizada en internet. Roma tiene m\u00e1s iglesias portuguesas que algunas de nuestras ciudades. La segunda ciudad con m\u00e1s portugueses nativos es Par\u00eds. La br\u00fajula mar\u00edtima fue inventada por un portugu\u00e9s. Asimismo, fue un portugu\u00e9s el que invent\u00f3 el ca\u00f1\u00f3n. La vela latina fue inventada por los portugueses.","breadcrumb":{"@id":"https:\/\/www.almaria.pt\/es\/sabia-que\/#breadcrumb"},"inLanguage":"es","potentialAction":[{"@type":"ReadAction","target":["https:\/\/www.almaria.pt\/es\/sabia-que\/"]}]},{"@type":"BreadcrumbList","@id":"https:\/\/www.almaria.pt\/es\/sabia-que\/#breadcrumb","itemListElement":[{"@type":"ListItem","position":1,"name":"Home","item":"https:\/\/www.almaria.pt\/es\/"},{"@type":"ListItem","position":2,"name":"Sab\u00eda que?"}]},{"@type":"WebSite","@id":"https:\/\/www.almaria.pt\/es\/#website","url":"https:\/\/www.almaria.pt\/es\/","name":"Almaria - Edif\u00edcios com Hist\u00f3ria","description":"","publisher":{"@id":"https:\/\/www.almaria.pt\/es\/#organization"},"alternateName":"Almaria - Edif\u00edcios com Hist\u00f3ria","potentialAction":[{"@type":"SearchAction","target":{"@type":"EntryPoint","urlTemplate":"https:\/\/www.almaria.pt\/es\/?s={search_term_string}"},"query-input":{"@type":"PropertyValueSpecification","valueRequired":true,"valueName":"search_term_string"}}],"inLanguage":"es"},{"@type":"Organization","@id":"https:\/\/www.almaria.pt\/es\/#organization","name":"Almaria - Edif\u00edcios com Hist\u00f3ria","alternateName":"Almaria - Edif\u00edcios com Hist\u00f3ria","url":"https:\/\/www.almaria.pt\/es\/","logo":{"@type":"ImageObject","inLanguage":"es","@id":"https:\/\/www.almaria.pt\/es\/#\/schema\/logo\/image\/","url":"https:\/\/www.almaria.pt\/wp-content\/uploads\/sites\/58\/2026\/03\/black-historic-luxury-apartments-lisbon-logo-Almaria-new.png","contentUrl":"https:\/\/www.almaria.pt\/wp-content\/uploads\/sites\/58\/2026\/03\/black-historic-luxury-apartments-lisbon-logo-Almaria-new.png","width":230,"height":300,"caption":"Almaria - Edif\u00edcios com Hist\u00f3ria"},"image":{"@id":"https:\/\/www.almaria.pt\/es\/#\/schema\/logo\/image\/"},"sameAs":["https:\/\/www.facebook.com\/almariaedificioscomhistoria\/","https:\/\/www.instagram.com\/almaria_lisbon_apartments\/?hl=en","https:\/\/www.linkedin.com\/company\/almaria-edif\u00edcios-com-hist\u00f3ria\/?viewAsMember=true"]}]}},"acf":[],"_links":{"self":[{"href":"https:\/\/www.almaria.pt\/es\/wp-json\/wp\/v2\/pages\/100","targetHints":{"allow":["GET"]}}],"collection":[{"href":"https:\/\/www.almaria.pt\/es\/wp-json\/wp\/v2\/pages"}],"about":[{"href":"https:\/\/www.almaria.pt\/es\/wp-json\/wp\/v2\/types\/page"}],"author":[{"embeddable":true,"href":"https:\/\/www.almaria.pt\/es\/wp-json\/wp\/v2\/users\/8"}],"replies":[{"embeddable":true,"href":"https:\/\/www.almaria.pt\/es\/wp-json\/wp\/v2\/comments?post=100"}],"version-history":[{"count":0,"href":"https:\/\/www.almaria.pt\/es\/wp-json\/wp\/v2\/pages\/100\/revisions"}],"wp:attachment":[{"href":"https:\/\/www.almaria.pt\/es\/wp-json\/wp\/v2\/media?parent=100"}],"curies":[{"name":"wp","href":"https:\/\/api.w.org\/{rel}","templated":true}]}}