{"id":117,"date":"2026-02-26T16:34:45","date_gmt":"2026-02-26T16:34:45","guid":{"rendered":"https:\/\/almaria.ms3.decms.eu\/ask-the-concierge\/"},"modified":"2026-04-13T09:27:42","modified_gmt":"2026-04-13T09:27:42","slug":"ask-the-concierge","status":"publish","type":"page","link":"https:\/\/www.almaria.pt\/es\/ask-the-concierge\/","title":{"rendered":"Ask the Concierge"},"content":{"rendered":"<p>Bienvenido a Ask the Concierge, la gu\u00eda de confianza para descubrir lo mejor de Lisboa.<\/p>\n<p>Aqu\u00ed encontrar\u00e1 recomendaciones cuidadosamente seleccionadas por el Equipo Almaria, desde encontrar el restaurante perfecto, explorar barrios llenos de personalidad o descubrir experiencias \u00fanicas que solo quienes conocen verdaderamente la ciudad pueden sugerir.<\/p>\n<p>D\u00e9jese inspirar por nuestras sugerencias y prep\u00e1rese para enamorarse a\u00fan m\u00e1s de Lisboa.<\/p>\n","protected":false},"excerpt":{"rendered":"<p>Bienvenido a Ask the Concierge, la gu\u00eda de confianza para descubrir lo mejor de Lisboa. Aqu\u00ed encontrar\u00e1 recomendaciones cuidadosamente seleccionadas por el Equipo Almaria, desde encontrar el restaurante perfecto, explorar barrios llenos de personalidad o descubrir experiencias \u00fanicas que solo quienes conocen verdaderamente la ciudad pueden sugerir. D\u00e9jese inspirar por nuestras sugerencias y prep\u00e1rese para [&hellip;]<\/p>\n","protected":false},"author":8,"featured_media":0,"parent":0,"menu_order":10,"comment_status":"closed","ping_status":"closed","template":"","meta":{"footnotes":""},"class_list":["post-117","page","type-page","status-publish","hentry"],"yoast_head":"<!-- This site is optimized with the Yoast SEO plugin v26.9 - https:\/\/yoast.com\/product\/yoast-seo-wordpress\/ -->\n<title>Ask the Concierge &#8211; Almaria &#8211;<\/title>\n<meta name=\"description\" content=\"Bienvenido a Ask the Concierge, la gu\u00eda de confianza para descubrir lo mejor de Lisboa.  Aqu\u00ed encontrar\u00e1 recomendaciones cuidadosamente seleccionadas por el Equipo Almaria, desde encontrar el restaurante perfecto, explorar barrios llenos de personalidad o descubrir experiencias \u00fanicas que solo quienes conocen verdaderamente la ciudad pueden sugerir.  D\u00e9jese inspirar por nuestras sugerencias y prep\u00e1rese para enamorarse a\u00fan m\u00e1s de Lisboa..\" \/>\n<meta name=\"robots\" content=\"index, follow, max-snippet:-1, max-image-preview:large, max-video-preview:-1\" \/>\n<link rel=\"canonical\" href=\"https:\/\/www.almaria.pt\/es\/ask-the-concierge\/\" \/>\n<meta property=\"og:locale\" content=\"es_ES\" \/>\n<meta property=\"og:type\" content=\"article\" \/>\n<meta property=\"og:title\" content=\"Ask the Concierge &#8211; Almaria &#8211;\" \/>\n<meta property=\"og:description\" content=\"Bienvenido a Ask the Concierge, la gu\u00eda de confianza para descubrir lo mejor de Lisboa.  Aqu\u00ed encontrar\u00e1 recomendaciones cuidadosamente seleccionadas por el Equipo Almaria, desde encontrar el restaurante perfecto, explorar barrios llenos de personalidad o descubrir experiencias \u00fanicas que solo quienes conocen verdaderamente la ciudad pueden sugerir.  D\u00e9jese inspirar por nuestras sugerencias y prep\u00e1rese para enamorarse a\u00fan m\u00e1s de Lisboa..\" \/>\n<meta property=\"og:url\" content=\"https:\/\/www.almaria.pt\/es\/ask-the-concierge\/\" \/>\n<meta property=\"og:site_name\" content=\"Almaria\" \/>\n<meta property=\"article:publisher\" content=\"https:\/\/www.facebook.com\/almariaedificioscomhistoria\/\" \/>\n<meta property=\"article:modified_time\" content=\"2026-04-13T09:27:42+00:00\" \/>\n<meta property=\"og:image\" content=\"https:\/\/www.almaria.pt\/wp-content\/uploads\/sites\/58\/2026\/03\/river-view-3-bedrooms-ex-libris-apartments-chiado-almaria-2.jpg\" \/>\n\t<meta property=\"og:image:width\" content=\"2200\" \/>\n\t<meta property=\"og:image:height\" content=\"1466\" \/>\n\t<meta property=\"og:image:type\" content=\"image\/jpeg\" \/>\n<meta name=\"twitter:card\" content=\"summary_large_image\" \/>\n<meta name=\"twitter:label1\" content=\"Est. reading time\" \/>\n\t<meta name=\"twitter:data1\" content=\"1 minuto\" \/>\n<script type=\"application\/ld+json\" class=\"yoast-schema-graph\">{\"@context\":\"https:\/\/schema.org\",\"@graph\":[{\"@type\":\"WebPage\",\"@id\":\"https:\/\/www.almaria.pt\/es\/ask-the-concierge\/\",\"url\":\"https:\/\/www.almaria.pt\/es\/ask-the-concierge\/\",\"name\":\"Ask the Concierge &#8211; Almaria &#8211;\",\"isPartOf\":{\"@id\":\"https:\/\/www.almaria.pt\/es\/#website\"},\"datePublished\":\"2026-02-26T16:34:45+00:00\",\"dateModified\":\"2026-04-13T09:27:42+00:00\",\"description\":\"Bienvenido a Ask the Concierge, la gu\u00eda de confianza para descubrir lo mejor de Lisboa. Aqu\u00ed encontrar\u00e1 recomendaciones cuidadosamente seleccionadas por el Equipo Almaria, desde encontrar el restaurante perfecto, explorar barrios llenos de personalidad o descubrir experiencias \u00fanicas que solo quienes conocen verdaderamente la ciudad pueden sugerir. D\u00e9jese inspirar por nuestras sugerencias y prep\u00e1rese para enamorarse a\u00fan m\u00e1s de Lisboa..\",\"breadcrumb\":{\"@id\":\"https:\/\/www.almaria.pt\/es\/ask-the-concierge\/#breadcrumb\"},\"inLanguage\":\"es\",\"potentialAction\":[{\"@type\":\"ReadAction\",\"target\":[\"https:\/\/www.almaria.pt\/es\/ask-the-concierge\/\"]}]},{\"@type\":\"BreadcrumbList\",\"@id\":\"https:\/\/www.almaria.pt\/es\/ask-the-concierge\/#breadcrumb\",\"itemListElement\":[{\"@type\":\"ListItem\",\"position\":1,\"name\":\"Home\",\"item\":\"https:\/\/www.almaria.pt\/es\/\"},{\"@type\":\"ListItem\",\"position\":2,\"name\":\"Ask the Concierge\"}]},{\"@type\":\"WebSite\",\"@id\":\"https:\/\/www.almaria.pt\/es\/#website\",\"url\":\"https:\/\/www.almaria.pt\/es\/\",\"name\":\"Almaria - Edif\u00edcios com Hist\u00f3ria\",\"description\":\"\",\"publisher\":{\"@id\":\"https:\/\/www.almaria.pt\/es\/#organization\"},\"alternateName\":\"Almaria - Edif\u00edcios com Hist\u00f3ria\",\"potentialAction\":[{\"@type\":\"SearchAction\",\"target\":{\"@type\":\"EntryPoint\",\"urlTemplate\":\"https:\/\/www.almaria.pt\/es\/?s={search_term_string}\"},\"query-input\":{\"@type\":\"PropertyValueSpecification\",\"valueRequired\":true,\"valueName\":\"search_term_string\"}}],\"inLanguage\":\"es\"},{\"@type\":\"Organization\",\"@id\":\"https:\/\/www.almaria.pt\/es\/#organization\",\"name\":\"Almaria - Edif\u00edcios com Hist\u00f3ria\",\"alternateName\":\"Almaria - Edif\u00edcios com Hist\u00f3ria\",\"url\":\"https:\/\/www.almaria.pt\/es\/\",\"logo\":{\"@type\":\"ImageObject\",\"inLanguage\":\"es\",\"@id\":\"https:\/\/www.almaria.pt\/es\/#\/schema\/logo\/image\/\",\"url\":\"https:\/\/www.almaria.pt\/wp-content\/uploads\/sites\/58\/2026\/03\/black-historic-luxury-apartments-lisbon-logo-Almaria-new.png\",\"contentUrl\":\"https:\/\/www.almaria.pt\/wp-content\/uploads\/sites\/58\/2026\/03\/black-historic-luxury-apartments-lisbon-logo-Almaria-new.png\",\"width\":230,\"height\":300,\"caption\":\"Almaria - Edif\u00edcios com Hist\u00f3ria\"},\"image\":{\"@id\":\"https:\/\/www.almaria.pt\/es\/#\/schema\/logo\/image\/\"},\"sameAs\":[\"https:\/\/www.facebook.com\/almariaedificioscomhistoria\/\",\"https:\/\/www.instagram.com\/almaria_lisbon_apartments\/?hl=en\",\"https:\/\/www.linkedin.com\/company\/almaria-edif\u00edcios-com-hist\u00f3ria\/?viewAsMember=true\"]}]}<\/script>\n<!-- \/ Yoast SEO plugin. -->","yoast_head_json":{"title":"Ask the Concierge &#8211; Almaria &#8211;","description":"Bienvenido a Ask the Concierge, la gu\u00eda de confianza para descubrir lo mejor de Lisboa.  Aqu\u00ed encontrar\u00e1 recomendaciones cuidadosamente seleccionadas por el Equipo Almaria, desde encontrar el restaurante perfecto, explorar barrios llenos de personalidad o descubrir experiencias \u00fanicas que solo quienes conocen verdaderamente la ciudad pueden sugerir.  D\u00e9jese inspirar por nuestras sugerencias y prep\u00e1rese para enamorarse a\u00fan m\u00e1s de Lisboa..","robots":{"index":"index","follow":"follow","max-snippet":"max-snippet:-1","max-image-preview":"max-image-preview:large","max-video-preview":"max-video-preview:-1"},"canonical":"https:\/\/www.almaria.pt\/es\/ask-the-concierge\/","og_locale":"es_ES","og_type":"article","og_title":"Ask the Concierge &#8211; Almaria &#8211;","og_description":"Bienvenido a Ask the Concierge, la gu\u00eda de confianza para descubrir lo mejor de Lisboa.  Aqu\u00ed encontrar\u00e1 recomendaciones cuidadosamente seleccionadas por el Equipo Almaria, desde encontrar el restaurante perfecto, explorar barrios llenos de personalidad o descubrir experiencias \u00fanicas que solo quienes conocen verdaderamente la ciudad pueden sugerir.  D\u00e9jese inspirar por nuestras sugerencias y prep\u00e1rese para enamorarse a\u00fan m\u00e1s de Lisboa..","og_url":"https:\/\/www.almaria.pt\/es\/ask-the-concierge\/","og_site_name":"Almaria","article_publisher":"https:\/\/www.facebook.com\/almariaedificioscomhistoria\/","article_modified_time":"2026-04-13T09:27:42+00:00","og_image":[{"width":2200,"height":1466,"url":"https:\/\/www.almaria.pt\/wp-content\/uploads\/sites\/58\/2026\/03\/river-view-3-bedrooms-ex-libris-apartments-chiado-almaria-2.jpg","type":"image\/jpeg"}],"twitter_card":"summary_large_image","twitter_misc":{"Est. reading time":"1 minuto"},"schema":{"@context":"https:\/\/schema.org","@graph":[{"@type":"WebPage","@id":"https:\/\/www.almaria.pt\/es\/ask-the-concierge\/","url":"https:\/\/www.almaria.pt\/es\/ask-the-concierge\/","name":"Ask the Concierge &#8211; Almaria &#8211;","isPartOf":{"@id":"https:\/\/www.almaria.pt\/es\/#website"},"datePublished":"2026-02-26T16:34:45+00:00","dateModified":"2026-04-13T09:27:42+00:00","description":"Bienvenido a Ask the Concierge, la gu\u00eda de confianza para descubrir lo mejor de Lisboa. Aqu\u00ed encontrar\u00e1 recomendaciones cuidadosamente seleccionadas por el Equipo Almaria, desde encontrar el restaurante perfecto, explorar barrios llenos de personalidad o descubrir experiencias \u00fanicas que solo quienes conocen verdaderamente la ciudad pueden sugerir. D\u00e9jese inspirar por nuestras sugerencias y prep\u00e1rese para enamorarse a\u00fan m\u00e1s de Lisboa..","breadcrumb":{"@id":"https:\/\/www.almaria.pt\/es\/ask-the-concierge\/#breadcrumb"},"inLanguage":"es","potentialAction":[{"@type":"ReadAction","target":["https:\/\/www.almaria.pt\/es\/ask-the-concierge\/"]}]},{"@type":"BreadcrumbList","@id":"https:\/\/www.almaria.pt\/es\/ask-the-concierge\/#breadcrumb","itemListElement":[{"@type":"ListItem","position":1,"name":"Home","item":"https:\/\/www.almaria.pt\/es\/"},{"@type":"ListItem","position":2,"name":"Ask the Concierge"}]},{"@type":"WebSite","@id":"https:\/\/www.almaria.pt\/es\/#website","url":"https:\/\/www.almaria.pt\/es\/","name":"Almaria - Edif\u00edcios com Hist\u00f3ria","description":"","publisher":{"@id":"https:\/\/www.almaria.pt\/es\/#organization"},"alternateName":"Almaria - Edif\u00edcios com Hist\u00f3ria","potentialAction":[{"@type":"SearchAction","target":{"@type":"EntryPoint","urlTemplate":"https:\/\/www.almaria.pt\/es\/?s={search_term_string}"},"query-input":{"@type":"PropertyValueSpecification","valueRequired":true,"valueName":"search_term_string"}}],"inLanguage":"es"},{"@type":"Organization","@id":"https:\/\/www.almaria.pt\/es\/#organization","name":"Almaria - Edif\u00edcios com Hist\u00f3ria","alternateName":"Almaria - Edif\u00edcios com Hist\u00f3ria","url":"https:\/\/www.almaria.pt\/es\/","logo":{"@type":"ImageObject","inLanguage":"es","@id":"https:\/\/www.almaria.pt\/es\/#\/schema\/logo\/image\/","url":"https:\/\/www.almaria.pt\/wp-content\/uploads\/sites\/58\/2026\/03\/black-historic-luxury-apartments-lisbon-logo-Almaria-new.png","contentUrl":"https:\/\/www.almaria.pt\/wp-content\/uploads\/sites\/58\/2026\/03\/black-historic-luxury-apartments-lisbon-logo-Almaria-new.png","width":230,"height":300,"caption":"Almaria - Edif\u00edcios com Hist\u00f3ria"},"image":{"@id":"https:\/\/www.almaria.pt\/es\/#\/schema\/logo\/image\/"},"sameAs":["https:\/\/www.facebook.com\/almariaedificioscomhistoria\/","https:\/\/www.instagram.com\/almaria_lisbon_apartments\/?hl=en","https:\/\/www.linkedin.com\/company\/almaria-edif\u00edcios-com-hist\u00f3ria\/?viewAsMember=true"]}]}},"acf":[],"_links":{"self":[{"href":"https:\/\/www.almaria.pt\/es\/wp-json\/wp\/v2\/pages\/117","targetHints":{"allow":["GET"]}}],"collection":[{"href":"https:\/\/www.almaria.pt\/es\/wp-json\/wp\/v2\/pages"}],"about":[{"href":"https:\/\/www.almaria.pt\/es\/wp-json\/wp\/v2\/types\/page"}],"author":[{"embeddable":true,"href":"https:\/\/www.almaria.pt\/es\/wp-json\/wp\/v2\/users\/8"}],"replies":[{"embeddable":true,"href":"https:\/\/www.almaria.pt\/es\/wp-json\/wp\/v2\/comments?post=117"}],"version-history":[{"count":0,"href":"https:\/\/www.almaria.pt\/es\/wp-json\/wp\/v2\/pages\/117\/revisions"}],"wp:attachment":[{"href":"https:\/\/www.almaria.pt\/es\/wp-json\/wp\/v2\/media?parent=117"}],"curies":[{"name":"wp","href":"https:\/\/api.w.org\/{rel}","templated":true}]}}