{"id":12,"date":"2026-02-17T15:40:46","date_gmt":"2026-02-17T15:40:46","guid":{"rendered":"https:\/\/almaria.ms3.decms.eu\/?page_id=12"},"modified":"2026-03-26T11:09:21","modified_gmt":"2026-03-26T11:09:21","slug":"almaria","status":"publish","type":"page","link":"https:\/\/www.almaria.pt\/es\/","title":{"rendered":"Almaria &#8211; Edif\u00edcios com Hist\u00f3ria"},"content":{"rendered":"<p style=\"text-align: center;\">Descubra Lisboa desde una ubicaci\u00f3n privilegiada, en uno de sus barrios m\u00e1s conocidos e ic\u00f3nicos.<\/p>\n<p style=\"text-align: center;\"><strong>Descubra Lisboa viviendo la experiencia de ser un lisboeta.<\/strong><\/p>\n<p style=\"text-align: center;\">Con edificios idealmente ubicados en el coraz\u00f3n de la ciudad, Almaria \u2013 Edificios con Historia, ofrece el punto de partida perfecto para aquellos que quieran conocer Lisboa, participando e interactuando con su paisaje y comunidad local y reviviendo el patrimonio hist\u00f3rico y cultural de la ciudad.<\/p>\n","protected":false},"excerpt":{"rendered":"<p>Descubra Lisboa desde una ubicaci\u00f3n privilegiada, en uno de sus barrios m\u00e1s conocidos e ic\u00f3nicos. Descubra Lisboa viviendo la experiencia de ser un lisboeta. Con edificios idealmente ubicados en el coraz\u00f3n de la ciudad, Almaria \u2013 Edificios con Historia, ofrece el punto de partida perfecto para aquellos que quieran conocer Lisboa, participando e interactuando con [&hellip;]<\/p>\n","protected":false},"author":8,"featured_media":0,"parent":0,"menu_order":0,"comment_status":"closed","ping_status":"closed","template":"","meta":{"footnotes":""},"class_list":["post-12","page","type-page","status-publish","hentry"],"yoast_head":"<!-- This site is optimized with the Yoast SEO plugin v26.9 - https:\/\/yoast.com\/product\/yoast-seo-wordpress\/ -->\n<title>Almaria - Edif\u00edcios com Hist\u00f3ria ~ Almaria ~<\/title>\n<meta name=\"description\" content=\"Descubra Lisboa desde una ubicaci\u00f3n privilegiada, en uno de sus barrios m\u00e1s conocidos e ic\u00f3nicos. Descubra Lisboa viviendo la experiencia de ser un lisboeta. Con edificios idealmente ubicados en el coraz\u00f3n de la ciudad, Almaria \u2013 Edificios con Historia, ofrece el punto de partida perfecto para aquellos que quieran conocer Lisboa, participando e interactuando con su paisaje y comunidad local y reviviendo el patrimonio hist\u00f3rico y cultural de la ciudad..\" \/>\n<meta name=\"robots\" content=\"index, follow, max-snippet:-1, max-image-preview:large, max-video-preview:-1\" \/>\n<link rel=\"canonical\" href=\"https:\/\/www.almaria.pt\/es\/\" \/>\n<meta property=\"og:locale\" content=\"es_ES\" \/>\n<meta property=\"og:type\" content=\"article\" \/>\n<meta property=\"og:title\" content=\"Almaria - Edif\u00edcios com Hist\u00f3ria ~ Almaria ~\" \/>\n<meta property=\"og:description\" content=\"Descubra Lisboa desde una ubicaci\u00f3n privilegiada, en uno de sus barrios m\u00e1s conocidos e ic\u00f3nicos. Descubra Lisboa viviendo la experiencia de ser un lisboeta. Con edificios idealmente ubicados en el coraz\u00f3n de la ciudad, Almaria \u2013 Edificios con Historia, ofrece el punto de partida perfecto para aquellos que quieran conocer Lisboa, participando e interactuando con su paisaje y comunidad local y reviviendo el patrimonio hist\u00f3rico y cultural de la ciudad..\" \/>\n<meta property=\"og:url\" content=\"https:\/\/www.almaria.pt\/es\/\" \/>\n<meta property=\"og:site_name\" content=\"Almaria\" \/>\n<meta property=\"article:publisher\" content=\"https:\/\/www.facebook.com\/almariaedificioscomhistoria\/\" \/>\n<meta property=\"article:modified_time\" content=\"2026-03-26T11:09:21+00:00\" \/>\n<meta property=\"og:image\" content=\"https:\/\/www.almaria.pt\/wp-content\/uploads\/sites\/58\/2026\/03\/river-view-3-bedrooms-ex-libris-apartments-chiado-almaria-2.jpg\" \/>\n\t<meta property=\"og:image:width\" content=\"2200\" \/>\n\t<meta property=\"og:image:height\" content=\"1466\" \/>\n\t<meta property=\"og:image:type\" content=\"image\/jpeg\" \/>\n<meta name=\"twitter:card\" content=\"summary_large_image\" \/>\n<meta name=\"twitter:label1\" content=\"Est. reading time\" \/>\n\t<meta name=\"twitter:data1\" content=\"1 minuto\" \/>\n<script type=\"application\/ld+json\" class=\"yoast-schema-graph\">{\"@context\":\"https:\/\/schema.org\",\"@graph\":[{\"@type\":\"WebPage\",\"@id\":\"https:\/\/www.almaria.pt\/es\/\",\"url\":\"https:\/\/www.almaria.pt\/es\/\",\"name\":\"Almaria - Edif\u00edcios com Hist\u00f3ria ~ Almaria ~\",\"isPartOf\":{\"@id\":\"https:\/\/www.almaria.pt\/es\/#website\"},\"datePublished\":\"2026-02-17T15:40:46+00:00\",\"dateModified\":\"2026-03-26T11:09:21+00:00\",\"description\":\"Descubra Lisboa desde una ubicaci\u00f3n privilegiada, en uno de sus barrios m\u00e1s conocidos e ic\u00f3nicos. Descubra Lisboa viviendo la experiencia de ser un lisboeta. Con edificios idealmente ubicados en el coraz\u00f3n de la ciudad, Almaria \u2013 Edificios con Historia, ofrece el punto de partida perfecto para aquellos que quieran conocer Lisboa, participando e interactuando con su paisaje y comunidad local y reviviendo el patrimonio hist\u00f3rico y cultural de la ciudad. .\",\"breadcrumb\":{\"@id\":\"https:\/\/www.almaria.pt\/es\/#breadcrumb\"},\"inLanguage\":\"es\",\"potentialAction\":[{\"@type\":\"ReadAction\",\"target\":[\"https:\/\/www.almaria.pt\/es\/\"]}]},{\"@type\":\"BreadcrumbList\",\"@id\":\"https:\/\/www.almaria.pt\/es\/#breadcrumb\",\"itemListElement\":[{\"@type\":\"ListItem\",\"position\":1,\"name\":\"Home\",\"item\":\"https:\/\/www.almaria.pt\/es\/\"},{\"@type\":\"ListItem\",\"position\":2,\"name\":\"Almaria &#8211; Edif\u00edcios com Hist\u00f3ria\"}]},{\"@type\":\"WebSite\",\"@id\":\"https:\/\/www.almaria.pt\/es\/#website\",\"url\":\"https:\/\/www.almaria.pt\/es\/\",\"name\":\"Almaria - Edif\u00edcios com Hist\u00f3ria\",\"description\":\"\",\"publisher\":{\"@id\":\"https:\/\/www.almaria.pt\/es\/#organization\"},\"alternateName\":\"Almaria - Edif\u00edcios com Hist\u00f3ria\",\"potentialAction\":[{\"@type\":\"SearchAction\",\"target\":{\"@type\":\"EntryPoint\",\"urlTemplate\":\"https:\/\/www.almaria.pt\/es\/?s={search_term_string}\"},\"query-input\":{\"@type\":\"PropertyValueSpecification\",\"valueRequired\":true,\"valueName\":\"search_term_string\"}}],\"inLanguage\":\"es\"},{\"@type\":\"Organization\",\"@id\":\"https:\/\/www.almaria.pt\/es\/#organization\",\"name\":\"Almaria - Edif\u00edcios com Hist\u00f3ria\",\"alternateName\":\"Almaria - Edif\u00edcios com Hist\u00f3ria\",\"url\":\"https:\/\/www.almaria.pt\/es\/\",\"logo\":{\"@type\":\"ImageObject\",\"inLanguage\":\"es\",\"@id\":\"https:\/\/www.almaria.pt\/es\/#\/schema\/logo\/image\/\",\"url\":\"https:\/\/www.almaria.pt\/wp-content\/uploads\/sites\/58\/2026\/03\/black-historic-luxury-apartments-lisbon-logo-Almaria-new.png\",\"contentUrl\":\"https:\/\/www.almaria.pt\/wp-content\/uploads\/sites\/58\/2026\/03\/black-historic-luxury-apartments-lisbon-logo-Almaria-new.png\",\"width\":230,\"height\":300,\"caption\":\"Almaria - Edif\u00edcios com Hist\u00f3ria\"},\"image\":{\"@id\":\"https:\/\/www.almaria.pt\/es\/#\/schema\/logo\/image\/\"},\"sameAs\":[\"https:\/\/www.facebook.com\/almariaedificioscomhistoria\/\",\"https:\/\/www.instagram.com\/almaria_lisbon_apartments\/?hl=en\",\"https:\/\/www.linkedin.com\/company\/almaria-edif\u00edcios-com-hist\u00f3ria\/?viewAsMember=true\"]}]}<\/script>\n<!-- \/ Yoast SEO plugin. -->","yoast_head_json":{"title":"Almaria - Edif\u00edcios com Hist\u00f3ria ~ Almaria ~","description":"Descubra Lisboa desde una ubicaci\u00f3n privilegiada, en uno de sus barrios m\u00e1s conocidos e ic\u00f3nicos. Descubra Lisboa viviendo la experiencia de ser un lisboeta. Con edificios idealmente ubicados en el coraz\u00f3n de la ciudad, Almaria \u2013 Edificios con Historia, ofrece el punto de partida perfecto para aquellos que quieran conocer Lisboa, participando e interactuando con su paisaje y comunidad local y reviviendo el patrimonio hist\u00f3rico y cultural de la ciudad..","robots":{"index":"index","follow":"follow","max-snippet":"max-snippet:-1","max-image-preview":"max-image-preview:large","max-video-preview":"max-video-preview:-1"},"canonical":"https:\/\/www.almaria.pt\/es\/","og_locale":"es_ES","og_type":"article","og_title":"Almaria - Edif\u00edcios com Hist\u00f3ria ~ Almaria ~","og_description":"Descubra Lisboa desde una ubicaci\u00f3n privilegiada, en uno de sus barrios m\u00e1s conocidos e ic\u00f3nicos. Descubra Lisboa viviendo la experiencia de ser un lisboeta. Con edificios idealmente ubicados en el coraz\u00f3n de la ciudad, Almaria \u2013 Edificios con Historia, ofrece el punto de partida perfecto para aquellos que quieran conocer Lisboa, participando e interactuando con su paisaje y comunidad local y reviviendo el patrimonio hist\u00f3rico y cultural de la ciudad..","og_url":"https:\/\/www.almaria.pt\/es\/","og_site_name":"Almaria","article_publisher":"https:\/\/www.facebook.com\/almariaedificioscomhistoria\/","article_modified_time":"2026-03-26T11:09:21+00:00","og_image":[{"width":2200,"height":1466,"url":"https:\/\/www.almaria.pt\/wp-content\/uploads\/sites\/58\/2026\/03\/river-view-3-bedrooms-ex-libris-apartments-chiado-almaria-2.jpg","type":"image\/jpeg"}],"twitter_card":"summary_large_image","twitter_misc":{"Est. reading time":"1 minuto"},"schema":{"@context":"https:\/\/schema.org","@graph":[{"@type":"WebPage","@id":"https:\/\/www.almaria.pt\/es\/","url":"https:\/\/www.almaria.pt\/es\/","name":"Almaria - Edif\u00edcios com Hist\u00f3ria ~ Almaria ~","isPartOf":{"@id":"https:\/\/www.almaria.pt\/es\/#website"},"datePublished":"2026-02-17T15:40:46+00:00","dateModified":"2026-03-26T11:09:21+00:00","description":"Descubra Lisboa desde una ubicaci\u00f3n privilegiada, en uno de sus barrios m\u00e1s conocidos e ic\u00f3nicos. Descubra Lisboa viviendo la experiencia de ser un lisboeta. Con edificios idealmente ubicados en el coraz\u00f3n de la ciudad, Almaria \u2013 Edificios con Historia, ofrece el punto de partida perfecto para aquellos que quieran conocer Lisboa, participando e interactuando con su paisaje y comunidad local y reviviendo el patrimonio hist\u00f3rico y cultural de la ciudad. .","breadcrumb":{"@id":"https:\/\/www.almaria.pt\/es\/#breadcrumb"},"inLanguage":"es","potentialAction":[{"@type":"ReadAction","target":["https:\/\/www.almaria.pt\/es\/"]}]},{"@type":"BreadcrumbList","@id":"https:\/\/www.almaria.pt\/es\/#breadcrumb","itemListElement":[{"@type":"ListItem","position":1,"name":"Home","item":"https:\/\/www.almaria.pt\/es\/"},{"@type":"ListItem","position":2,"name":"Almaria &#8211; Edif\u00edcios com Hist\u00f3ria"}]},{"@type":"WebSite","@id":"https:\/\/www.almaria.pt\/es\/#website","url":"https:\/\/www.almaria.pt\/es\/","name":"Almaria - Edif\u00edcios com Hist\u00f3ria","description":"","publisher":{"@id":"https:\/\/www.almaria.pt\/es\/#organization"},"alternateName":"Almaria - Edif\u00edcios com Hist\u00f3ria","potentialAction":[{"@type":"SearchAction","target":{"@type":"EntryPoint","urlTemplate":"https:\/\/www.almaria.pt\/es\/?s={search_term_string}"},"query-input":{"@type":"PropertyValueSpecification","valueRequired":true,"valueName":"search_term_string"}}],"inLanguage":"es"},{"@type":"Organization","@id":"https:\/\/www.almaria.pt\/es\/#organization","name":"Almaria - Edif\u00edcios com Hist\u00f3ria","alternateName":"Almaria - Edif\u00edcios com Hist\u00f3ria","url":"https:\/\/www.almaria.pt\/es\/","logo":{"@type":"ImageObject","inLanguage":"es","@id":"https:\/\/www.almaria.pt\/es\/#\/schema\/logo\/image\/","url":"https:\/\/www.almaria.pt\/wp-content\/uploads\/sites\/58\/2026\/03\/black-historic-luxury-apartments-lisbon-logo-Almaria-new.png","contentUrl":"https:\/\/www.almaria.pt\/wp-content\/uploads\/sites\/58\/2026\/03\/black-historic-luxury-apartments-lisbon-logo-Almaria-new.png","width":230,"height":300,"caption":"Almaria - Edif\u00edcios com Hist\u00f3ria"},"image":{"@id":"https:\/\/www.almaria.pt\/es\/#\/schema\/logo\/image\/"},"sameAs":["https:\/\/www.facebook.com\/almariaedificioscomhistoria\/","https:\/\/www.instagram.com\/almaria_lisbon_apartments\/?hl=en","https:\/\/www.linkedin.com\/company\/almaria-edif\u00edcios-com-hist\u00f3ria\/?viewAsMember=true"]}]}},"acf":[],"_links":{"self":[{"href":"https:\/\/www.almaria.pt\/es\/wp-json\/wp\/v2\/pages\/12","targetHints":{"allow":["GET"]}}],"collection":[{"href":"https:\/\/www.almaria.pt\/es\/wp-json\/wp\/v2\/pages"}],"about":[{"href":"https:\/\/www.almaria.pt\/es\/wp-json\/wp\/v2\/types\/page"}],"author":[{"embeddable":true,"href":"https:\/\/www.almaria.pt\/es\/wp-json\/wp\/v2\/users\/8"}],"replies":[{"embeddable":true,"href":"https:\/\/www.almaria.pt\/es\/wp-json\/wp\/v2\/comments?post=12"}],"version-history":[{"count":0,"href":"https:\/\/www.almaria.pt\/es\/wp-json\/wp\/v2\/pages\/12\/revisions"}],"wp:attachment":[{"href":"https:\/\/www.almaria.pt\/es\/wp-json\/wp\/v2\/media?parent=12"}],"curies":[{"name":"wp","href":"https:\/\/api.w.org\/{rel}","templated":true}]}}