{"id":85,"date":"2026-02-25T16:24:28","date_gmt":"2026-02-25T16:24:28","guid":{"rendered":"https:\/\/almaria.ms3.decms.eu\/?page_id=85"},"modified":"2026-03-30T09:43:26","modified_gmt":"2026-03-30T09:43:26","slug":"terminos-y-condiciones","status":"publish","type":"page","link":"https:\/\/www.almaria.pt\/es\/terminos-y-condiciones\/","title":{"rendered":"T\u00e9rminos y Condiciones"},"content":{"rendered":"<p><strong>El horario de recepci\u00f3n es limitado, de 9:00 a 18:00.<\/strong><br \/>\n<strong>Es importante avisar al edificio con antelaci\u00f3n de su hora de llegada por correo electr\u00f3nico a reservations@almaria.pt o por WhatsApp al  +351 912 848 555.<\/strong><br \/>\nSi llega despu\u00e9s de las 18:00, \u00a1no se preocupe! Aunque la recepci\u00f3n ya est\u00e9 cerrada, puede contactar con nuestro conserje para organizar su llegada.<\/p>\n<p>&nbsp;<\/p>\n<p><strong>Salida tard\u00eda:<\/strong><br \/>\nLa salida debe realizarse antes de las 12:00 p. m. Si necesita m\u00e1s tiempo, puede extender su salida hasta las 2:00 p. m. sin costo adicional. Solo consulte la disponibilidad con nuestro conserje.<br \/>\nSalida a partir de las 14:00h \u2013 coste equivalente a 1 noche\/d\u00eda de alojamiento.<br \/>\nLa tasa tur\u00edstica municipal de Lisboa es de 4 \u20ac por persona y noche y se aplica a todos los hu\u00e9spedes mayores de 13 a\u00f1os que se alojen hasta 7 noches consecutivas. El pago de este importe se solicitar\u00e1 al realizar el registro de entrada y no est\u00e1 incluido en el importe de la reserva.<\/p>\n<p>&nbsp;<\/p>\n<p><strong>Reglas comunes e importantes en Almaria:<\/strong><\/p>\n<p>En Almaria, respetamos la sensaci\u00f3n de comodidad, seguridad y tranquilidad que brindamos a nuestros hu\u00e9spedes, por ello:<\/p>\n<p>Pedimos silencio entre las 20:00 horas y las 8:00 horas;<br \/>\nNo se permite fumar en apartamentos ni espacios p\u00fablicos. Se pueden aplicar sanciones.<br \/>\nNo permitimos que personas menores de 18 a\u00f1os se queden solas en nuestro alojamiento;<br \/>\nNo est\u00e1 permitido a los hu\u00e9spedes sacar del Alojamiento art\u00edculos para uso personal (toallas de ba\u00f1o\/cocina, vasos, cubiertos, etc.);<br \/>\nNo disponemos de estacionamiento en ninguno de los Edificios Almaria;<br \/>\nLos apartamentos ocupados se limpian diariamente hasta las 17:00 horas;<br \/>\nSi el n\u00famero de hu\u00e9spedes excede al indicado en la reserva, podr\u00e1n aplicarse costes adicionales, variando seg\u00fan la edad (ni\u00f1o o adulto).<\/p>\n<p>&nbsp;<\/p>\n<p><strong><br \/>\nTenga en cuenta que no aceptamos despedidas de soltero\/a que puedan afectar la salud de nuestros invitados. <\/strong><br \/>\nSi este es el prop\u00f3sito de su grupo, le rogamos que no reserve alojamiento en Almaria, ya que no estar\u00e1 permitido.<\/p>\n<p>Hora de entrada 3:00 PM<br \/>\nHora de salida 12:00 PM<br \/>\nEdad ni\u00f1os 12<br \/>\nNo se admiten animales<\/p>\n","protected":false},"excerpt":{"rendered":"<p>El horario de recepci\u00f3n es limitado, de 9:00 a 18:00. Es importante avisar al edificio con antelaci\u00f3n de su hora de llegada por correo electr\u00f3nico a reservations@almaria.pt o por WhatsApp al +351 912 848 555. Si llega despu\u00e9s de las 18:00, \u00a1no se preocupe! Aunque la recepci\u00f3n ya est\u00e9 cerrada, puede contactar con nuestro conserje [&hellip;]<\/p>\n","protected":false},"author":8,"featured_media":0,"parent":0,"menu_order":889,"comment_status":"closed","ping_status":"closed","template":"","meta":{"footnotes":""},"class_list":["post-85","page","type-page","status-publish","hentry"],"yoast_head":"<!-- This site is optimized with the Yoast SEO plugin v26.9 - https:\/\/yoast.com\/product\/yoast-seo-wordpress\/ -->\n<title>T\u00e9rminos y Condiciones &#8211; Almaria &#8211;<\/title>\n<meta name=\"description\" content=\"El horario de recepci\u00f3n es limitado, de 9:00 a 18:00. Es importante avisar al edificio con antelaci\u00f3n de su hora de llegada por correo electr\u00f3nico a reservations@almaria.pt o por WhatsApp al +351 912 848 555. Si llega despu\u00e9s de las 18:00, \u00a1no se preocupe! Aunque la recepci\u00f3n ya est\u00e9 cerrada, puede contactar con nuestro conserje para organizar su llegada.  &nbsp;  Salida tard\u00eda: La salida debe realizarse antes de las 12:00 p. m\" \/>\n<meta name=\"robots\" content=\"index, follow, max-snippet:-1, max-image-preview:large, max-video-preview:-1\" \/>\n<link rel=\"canonical\" href=\"https:\/\/www.almaria.pt\/es\/terminos-y-condiciones\/\" \/>\n<meta property=\"og:locale\" content=\"es_ES\" \/>\n<meta property=\"og:type\" content=\"article\" \/>\n<meta property=\"og:title\" content=\"T\u00e9rminos y Condiciones &#8211; Almaria &#8211;\" \/>\n<meta property=\"og:description\" content=\"El horario de recepci\u00f3n es limitado, de 9:00 a 18:00. Es importante avisar al edificio con antelaci\u00f3n de su hora de llegada por correo electr\u00f3nico a reservations@almaria.pt o por WhatsApp al +351 912 848 555. Si llega despu\u00e9s de las 18:00, \u00a1no se preocupe! Aunque la recepci\u00f3n ya est\u00e9 cerrada, puede contactar con nuestro conserje para organizar su llegada.  &nbsp;  Salida tard\u00eda: La salida debe realizarse antes de las 12:00 p. m\" \/>\n<meta property=\"og:url\" content=\"https:\/\/www.almaria.pt\/es\/terminos-y-condiciones\/\" \/>\n<meta property=\"og:site_name\" content=\"Almaria\" \/>\n<meta property=\"article:publisher\" content=\"https:\/\/www.facebook.com\/almariaedificioscomhistoria\/\" \/>\n<meta property=\"article:modified_time\" content=\"2026-03-30T09:43:26+00:00\" \/>\n<meta property=\"og:image\" content=\"https:\/\/www.almaria.pt\/wp-content\/uploads\/sites\/58\/2026\/03\/river-view-3-bedrooms-ex-libris-apartments-chiado-almaria-2.jpg\" \/>\n\t<meta property=\"og:image:width\" content=\"2200\" \/>\n\t<meta property=\"og:image:height\" content=\"1466\" \/>\n\t<meta property=\"og:image:type\" content=\"image\/jpeg\" \/>\n<meta name=\"twitter:card\" content=\"summary_large_image\" \/>\n<meta name=\"twitter:label1\" content=\"Est. reading time\" \/>\n\t<meta name=\"twitter:data1\" content=\"2 minutos\" \/>\n<script type=\"application\/ld+json\" class=\"yoast-schema-graph\">{\"@context\":\"https:\/\/schema.org\",\"@graph\":[{\"@type\":\"WebPage\",\"@id\":\"https:\/\/www.almaria.pt\/es\/terminos-y-condiciones\/\",\"url\":\"https:\/\/www.almaria.pt\/es\/terminos-y-condiciones\/\",\"name\":\"T\u00e9rminos y Condiciones &#8211; Almaria &#8211;\",\"isPartOf\":{\"@id\":\"https:\/\/www.almaria.pt\/es\/#website\"},\"datePublished\":\"2026-02-25T16:24:28+00:00\",\"dateModified\":\"2026-03-30T09:43:26+00:00\",\"description\":\"El horario de recepci\u00f3n es limitado, de 9:00 a 18:00. Es importante avisar al edificio con antelaci\u00f3n de su hora de llegada por correo electr\u00f3nico a reservations@almaria.pt o por WhatsApp al +351 912 848 555. Si llega despu\u00e9s de las 18:00, \u00a1no se preocupe! Aunque la recepci\u00f3n ya est\u00e9 cerrada, puede contactar con nuestro conserje para organizar su llegada. &nbsp; Salida tard\u00eda: La salida debe realizarse antes de las 12:00 p. m\",\"breadcrumb\":{\"@id\":\"https:\/\/www.almaria.pt\/es\/terminos-y-condiciones\/#breadcrumb\"},\"inLanguage\":\"es\",\"potentialAction\":[{\"@type\":\"ReadAction\",\"target\":[\"https:\/\/www.almaria.pt\/es\/terminos-y-condiciones\/\"]}]},{\"@type\":\"BreadcrumbList\",\"@id\":\"https:\/\/www.almaria.pt\/es\/terminos-y-condiciones\/#breadcrumb\",\"itemListElement\":[{\"@type\":\"ListItem\",\"position\":1,\"name\":\"Home\",\"item\":\"https:\/\/www.almaria.pt\/es\/\"},{\"@type\":\"ListItem\",\"position\":2,\"name\":\"T\u00e9rminos y Condiciones\"}]},{\"@type\":\"WebSite\",\"@id\":\"https:\/\/www.almaria.pt\/es\/#website\",\"url\":\"https:\/\/www.almaria.pt\/es\/\",\"name\":\"Almaria - Edif\u00edcios com Hist\u00f3ria\",\"description\":\"\",\"publisher\":{\"@id\":\"https:\/\/www.almaria.pt\/es\/#organization\"},\"alternateName\":\"Almaria - Edif\u00edcios com Hist\u00f3ria\",\"potentialAction\":[{\"@type\":\"SearchAction\",\"target\":{\"@type\":\"EntryPoint\",\"urlTemplate\":\"https:\/\/www.almaria.pt\/es\/?s={search_term_string}\"},\"query-input\":{\"@type\":\"PropertyValueSpecification\",\"valueRequired\":true,\"valueName\":\"search_term_string\"}}],\"inLanguage\":\"es\"},{\"@type\":\"Organization\",\"@id\":\"https:\/\/www.almaria.pt\/es\/#organization\",\"name\":\"Almaria - Edif\u00edcios com Hist\u00f3ria\",\"alternateName\":\"Almaria - Edif\u00edcios com Hist\u00f3ria\",\"url\":\"https:\/\/www.almaria.pt\/es\/\",\"logo\":{\"@type\":\"ImageObject\",\"inLanguage\":\"es\",\"@id\":\"https:\/\/www.almaria.pt\/es\/#\/schema\/logo\/image\/\",\"url\":\"https:\/\/www.almaria.pt\/wp-content\/uploads\/sites\/58\/2026\/03\/black-historic-luxury-apartments-lisbon-logo-Almaria-new.png\",\"contentUrl\":\"https:\/\/www.almaria.pt\/wp-content\/uploads\/sites\/58\/2026\/03\/black-historic-luxury-apartments-lisbon-logo-Almaria-new.png\",\"width\":230,\"height\":300,\"caption\":\"Almaria - Edif\u00edcios com Hist\u00f3ria\"},\"image\":{\"@id\":\"https:\/\/www.almaria.pt\/es\/#\/schema\/logo\/image\/\"},\"sameAs\":[\"https:\/\/www.facebook.com\/almariaedificioscomhistoria\/\",\"https:\/\/www.instagram.com\/almaria_lisbon_apartments\/?hl=en\",\"https:\/\/www.linkedin.com\/company\/almaria-edif\u00edcios-com-hist\u00f3ria\/?viewAsMember=true\"]}]}<\/script>\n<!-- \/ Yoast SEO plugin. -->","yoast_head_json":{"title":"T\u00e9rminos y Condiciones &#8211; Almaria &#8211;","description":"El horario de recepci\u00f3n es limitado, de 9:00 a 18:00. Es importante avisar al edificio con antelaci\u00f3n de su hora de llegada por correo electr\u00f3nico a reservations@almaria.pt o por WhatsApp al +351 912 848 555. Si llega despu\u00e9s de las 18:00, \u00a1no se preocupe! Aunque la recepci\u00f3n ya est\u00e9 cerrada, puede contactar con nuestro conserje para organizar su llegada.  &nbsp;  Salida tard\u00eda: La salida debe realizarse antes de las 12:00 p. m","robots":{"index":"index","follow":"follow","max-snippet":"max-snippet:-1","max-image-preview":"max-image-preview:large","max-video-preview":"max-video-preview:-1"},"canonical":"https:\/\/www.almaria.pt\/es\/terminos-y-condiciones\/","og_locale":"es_ES","og_type":"article","og_title":"T\u00e9rminos y Condiciones &#8211; Almaria &#8211;","og_description":"El horario de recepci\u00f3n es limitado, de 9:00 a 18:00. Es importante avisar al edificio con antelaci\u00f3n de su hora de llegada por correo electr\u00f3nico a reservations@almaria.pt o por WhatsApp al +351 912 848 555. Si llega despu\u00e9s de las 18:00, \u00a1no se preocupe! Aunque la recepci\u00f3n ya est\u00e9 cerrada, puede contactar con nuestro conserje para organizar su llegada.  &nbsp;  Salida tard\u00eda: La salida debe realizarse antes de las 12:00 p. m","og_url":"https:\/\/www.almaria.pt\/es\/terminos-y-condiciones\/","og_site_name":"Almaria","article_publisher":"https:\/\/www.facebook.com\/almariaedificioscomhistoria\/","article_modified_time":"2026-03-30T09:43:26+00:00","og_image":[{"width":2200,"height":1466,"url":"https:\/\/www.almaria.pt\/wp-content\/uploads\/sites\/58\/2026\/03\/river-view-3-bedrooms-ex-libris-apartments-chiado-almaria-2.jpg","type":"image\/jpeg"}],"twitter_card":"summary_large_image","twitter_misc":{"Est. reading time":"2 minutos"},"schema":{"@context":"https:\/\/schema.org","@graph":[{"@type":"WebPage","@id":"https:\/\/www.almaria.pt\/es\/terminos-y-condiciones\/","url":"https:\/\/www.almaria.pt\/es\/terminos-y-condiciones\/","name":"T\u00e9rminos y Condiciones &#8211; Almaria &#8211;","isPartOf":{"@id":"https:\/\/www.almaria.pt\/es\/#website"},"datePublished":"2026-02-25T16:24:28+00:00","dateModified":"2026-03-30T09:43:26+00:00","description":"El horario de recepci\u00f3n es limitado, de 9:00 a 18:00. Es importante avisar al edificio con antelaci\u00f3n de su hora de llegada por correo electr\u00f3nico a reservations@almaria.pt o por WhatsApp al +351 912 848 555. Si llega despu\u00e9s de las 18:00, \u00a1no se preocupe! Aunque la recepci\u00f3n ya est\u00e9 cerrada, puede contactar con nuestro conserje para organizar su llegada. &nbsp; Salida tard\u00eda: La salida debe realizarse antes de las 12:00 p. m","breadcrumb":{"@id":"https:\/\/www.almaria.pt\/es\/terminos-y-condiciones\/#breadcrumb"},"inLanguage":"es","potentialAction":[{"@type":"ReadAction","target":["https:\/\/www.almaria.pt\/es\/terminos-y-condiciones\/"]}]},{"@type":"BreadcrumbList","@id":"https:\/\/www.almaria.pt\/es\/terminos-y-condiciones\/#breadcrumb","itemListElement":[{"@type":"ListItem","position":1,"name":"Home","item":"https:\/\/www.almaria.pt\/es\/"},{"@type":"ListItem","position":2,"name":"T\u00e9rminos y Condiciones"}]},{"@type":"WebSite","@id":"https:\/\/www.almaria.pt\/es\/#website","url":"https:\/\/www.almaria.pt\/es\/","name":"Almaria - Edif\u00edcios com Hist\u00f3ria","description":"","publisher":{"@id":"https:\/\/www.almaria.pt\/es\/#organization"},"alternateName":"Almaria - Edif\u00edcios com Hist\u00f3ria","potentialAction":[{"@type":"SearchAction","target":{"@type":"EntryPoint","urlTemplate":"https:\/\/www.almaria.pt\/es\/?s={search_term_string}"},"query-input":{"@type":"PropertyValueSpecification","valueRequired":true,"valueName":"search_term_string"}}],"inLanguage":"es"},{"@type":"Organization","@id":"https:\/\/www.almaria.pt\/es\/#organization","name":"Almaria - Edif\u00edcios com Hist\u00f3ria","alternateName":"Almaria - Edif\u00edcios com Hist\u00f3ria","url":"https:\/\/www.almaria.pt\/es\/","logo":{"@type":"ImageObject","inLanguage":"es","@id":"https:\/\/www.almaria.pt\/es\/#\/schema\/logo\/image\/","url":"https:\/\/www.almaria.pt\/wp-content\/uploads\/sites\/58\/2026\/03\/black-historic-luxury-apartments-lisbon-logo-Almaria-new.png","contentUrl":"https:\/\/www.almaria.pt\/wp-content\/uploads\/sites\/58\/2026\/03\/black-historic-luxury-apartments-lisbon-logo-Almaria-new.png","width":230,"height":300,"caption":"Almaria - Edif\u00edcios com Hist\u00f3ria"},"image":{"@id":"https:\/\/www.almaria.pt\/es\/#\/schema\/logo\/image\/"},"sameAs":["https:\/\/www.facebook.com\/almariaedificioscomhistoria\/","https:\/\/www.instagram.com\/almaria_lisbon_apartments\/?hl=en","https:\/\/www.linkedin.com\/company\/almaria-edif\u00edcios-com-hist\u00f3ria\/?viewAsMember=true"]}]}},"acf":[],"_links":{"self":[{"href":"https:\/\/www.almaria.pt\/es\/wp-json\/wp\/v2\/pages\/85","targetHints":{"allow":["GET"]}}],"collection":[{"href":"https:\/\/www.almaria.pt\/es\/wp-json\/wp\/v2\/pages"}],"about":[{"href":"https:\/\/www.almaria.pt\/es\/wp-json\/wp\/v2\/types\/page"}],"author":[{"embeddable":true,"href":"https:\/\/www.almaria.pt\/es\/wp-json\/wp\/v2\/users\/8"}],"replies":[{"embeddable":true,"href":"https:\/\/www.almaria.pt\/es\/wp-json\/wp\/v2\/comments?post=85"}],"version-history":[{"count":0,"href":"https:\/\/www.almaria.pt\/es\/wp-json\/wp\/v2\/pages\/85\/revisions"}],"wp:attachment":[{"href":"https:\/\/www.almaria.pt\/es\/wp-json\/wp\/v2\/media?parent=85"}],"curies":[{"name":"wp","href":"https:\/\/api.w.org\/{rel}","templated":true}]}}