{"id":94,"date":"2026-02-25T16:20:04","date_gmt":"2026-02-25T16:20:04","guid":{"rendered":"https:\/\/almaria.ms3.decms.eu\/?page_id=94"},"modified":"2026-04-02T09:30:51","modified_gmt":"2026-04-02T09:30:51","slug":"politicas-de-privacidad","status":"publish","type":"page","link":"https:\/\/www.almaria.pt\/es\/politicas-de-privacidad\/","title":{"rendered":"Pol\u00edticas de privacidad"},"content":{"rendered":"<h3><em>Pol\u00edtica de Privacidad &#8211; Sitio web &#8211; 25 de mayo de 2018<\/em><\/h3>\n<p>Este aviso de privacidad le informa sobre la informaci\u00f3n que recopilamos cuando utiliza nuestro sitio web. Al recopilar esta informaci\u00f3n, actuamos como controlador de datos y, por ley, estamos obligados a brindarle informaci\u00f3n sobre nosotros, por qu\u00e9 y c\u00f3mo usamos sus datos y los derechos que tiene sobre sus datos.<\/p>\n<h3><em>\u00bfQuienes somos?<\/em><\/h3>\n<p>Somos la empresa Almaria \u2013 Edif\u00edcios com Hist\u00f3ria. Nuestra direcci\u00f3n es Rua Tierno Galvan, Torre 3 \u2013 3\u00ba Piso Fra\u00e7\u00e3o DI, DK y DJ, 1170-274 Lisboa. Puede ponerse en contacto con nosotros en la direcci\u00f3n anterior, por correo electr\u00f3nico a reservas@almaria.pt o por tel\u00e9fono al 351 912 848 555.<\/p>\n<p>No estamos obligados a tener un Delegado de Protecci\u00f3n de Datos, por lo que cualquier pregunta sobre nuestro uso de sus datos personales debe dirigirse a los datos de contacto anteriores.<\/p>\n<h3><em>C\u00f3mo utilizamos sus datos personales<\/em><\/h3>\n<p><a href=\"https:\/\/www.almaria.pt\/es\/hotel-policies.html#_When_you_use\">Cuando utiliza nuestro sitio web<\/a><\/p>\n<p><a href=\"https:\/\/www.almaria.pt\/es\/hotel-policies.html#_When_you_submit\">Cuando env\u00eda un formulario a trav\u00e9s de nuestro sitio web<\/a><\/p>\n<p><a href=\"https:\/\/www.almaria.pt\/es\/hotel-policies.html#_When_you_sign\">Cuando te registras para recibir nuestro bolet\u00edn<\/a><\/p>\n<p><a href=\"https:\/\/www.almaria.pt\/es\/hotel-policies.html#_When_you_download\">Cuando descargas un documento de muestra<\/a><\/p>\n<p><a href=\"https:\/\/www.almaria.pt\/es\/hotel-policies.html#_When_you_submit_1\">Cu\u00e1ndo enviar una rese\u00f1a sobre nosotros<\/a><\/p>\n<p><a href=\"https:\/\/www.almaria.pt\/es\/hotel-policies.html#_Your_right_to\">Sus derechos como interesado<\/a><\/p>\n<p><a href=\"https:\/\/www.almaria.pt\/es\/hotel-policies.html#_Your_right_to\">Derecho a quejarse<\/a><\/p>\n<p><a href=\"https:\/\/www.almaria.pt\/es\/hotel-policies.html#_Updates_to_this\">Actualizaciones de esta pol\u00edtica de privacidad<\/a><\/p>\n<h3><em>Cuando utiliza nuestro sitio web<\/em><\/h3>\n<p>Cuando utiliza nuestro sitio web para explorar los productos y servicios y ver la informaci\u00f3n que ponemos a su disposici\u00f3n, nosotros y terceros utilizamos una serie de cookies para permitir que el sitio web funcione, recopilar informaci\u00f3n \u00fatil sobre los visitantes y ayudar a mejorar su experiencia de usuario. .<\/p>\n<p>(\u2026) Algunas de las cookies que utilizamos son estrictamente necesarias para que nuestro sitio web funcione, para las cookies que son \u00fatiles pero no estrictamente necesarias, siempre le pediremos su consentimiento antes de colocarlas. Utilizamos 2 tipos de cookies:<br \/>\n\u2013 Cookies permanentes &#8211; Se almacenan a nivel del navegador en sus dispositivos de acceso (PC, m\u00f3vil y tableta) y se utilizan cada vez que el usuario realiza una nueva visita al sitio web. Generalmente se utilizan para orientar la navegaci\u00f3n seg\u00fan los intereses del visitante, permiti\u00e9ndonos brindar un servicio m\u00e1s personalizado.<br \/>\n\u2013 Cookies de sesi\u00f3n \u2013 Son temporales, permanecen en las cookies de tu navegador de internet (navegador) hasta que abandones el sitio web. La informaci\u00f3n obtenida le permite identificar problemas y brindar una mejor experiencia de navegaci\u00f3n.<\/p>\n<p>Despu\u00e9s de autorizar el uso de cookies, el usuario siempre podr\u00e1 desactivar parte o la totalidad de nuestras cookies. Todos los navegadores de Internet permiten al visitante aceptar, rechazar o eliminar las cookies, mediante la gesti\u00f3n de la configuraci\u00f3n en el respectivo navegador. Tenga en cuenta que al desactivar las cookies, es posible que algunas partes de nuestro sitio web no funcionen correctamente.<\/p>\n<p>Puede obtener m\u00e1s informaci\u00f3n sobre las cookies en el siguiente enlace:\u00a0<em><a href=\"http:\/\/www.allaboutcookies.org\/\">www.allaboutcookies.org<\/a><\/em><\/p>\n<p>&nbsp;<\/p>\n<a href=\"#dedge-didomi-show-cookie-preferences\" class=\"dedge-didomi-preferences-button\">Consent preferences<\/a>\n<p>&nbsp;<\/p>\n<h3><em>Cuando env\u00eda un formulario a trav\u00e9s de nuestro sitio web<\/em><\/h3>\n<p>Cuando env\u00eda un formulario a trav\u00e9s de nuestro sitio web, le solicitamos su nombre, n\u00famero de tel\u00e9fono, funci\u00f3n y direcci\u00f3n de correo electr\u00f3nico.<\/p>\n<p>Utilizamos esta informaci\u00f3n para responder a su consulta, proporcion\u00e1ndole cualquier informaci\u00f3n solicitada sobre nuestros productos y servicios. Tambi\u00e9n podemos enviarle mensajes de correo electr\u00f3nico despu\u00e9s de enviar los formularios para evaluar su inter\u00e9s y asegurarnos de haber respondido su pregunta. Haremos esto en funci\u00f3n de nuestro inter\u00e9s leg\u00edtimo en proporcionar informaci\u00f3n precisa antes de una venta.<\/p>\n<p>Su formulario se almacena y procesa como un correo electr\u00f3nico en nuestras computadoras dentro del Espacio Econ\u00f3mico Europeo (EEE).<\/p>\n<p>No utilizamos la informaci\u00f3n que usted proporciona para tomar decisiones automatizadas que puedan afectarlo.<\/p>\n<p>Conservaremos el formulario de correo electr\u00f3nico durante dos a\u00f1os, transcurrido ese plazo se archivan y se conservan durante siete a\u00f1os, transcurrido ese plazo los eliminamos.<\/p>\n<h3><em>Cuando te registras para recibir nuestro bolet\u00edn<\/em><\/h3>\n<p>Cuando se registra para recibir nuestro bolet\u00edn informativo, le solicitamos su direcci\u00f3n de correo electr\u00f3nico.<\/p>\n<p>Le pediremos su consentimiento para utilizar su direcci\u00f3n de correo electr\u00f3nico para enviarle nuestro bolet\u00edn informativo que contiene informaci\u00f3n sobre nuestros productos y otra informaci\u00f3n que pueda ser de su inter\u00e9s.<\/p>\n<p>Puedes retirar tu consentimiento en cualquier momento y dejaremos de enviarte la newsletter.<\/p>\n<p>Su direcci\u00f3n de correo electr\u00f3nico se comparte con un sistema de env\u00edo autom\u00e1tico de correo electr\u00f3nico con sede en los Estados Unidos. Esta empresa se ha comprometido contractualmente a proporcionar la seguridad adecuada para el tratamiento de sus datos personales, lo que significa que estar\u00e1n protegidos de acuerdo con los requisitos legales de la Uni\u00f3n Europea.<\/p>\n<p>No utilizamos la informaci\u00f3n que usted proporciona para tomar decisiones automatizadas que puedan afectarlo.<\/p>\n<p>Conservamos sus datos personales mientras producimos y distribuimos nuestro bolet\u00edn. Si retira su consentimiento, marcaremos sus datos para que no sean utilizados y los eliminaremos al cabo de dos a\u00f1os.<\/p>\n<h3><em>Cuando descargas un documento de muestra<\/em><\/h3>\n<p>Cuando solicita una descarga de nuestro sitio web, como un documento t\u00e9cnico, le solicitamos su nombre, el nombre de su empresa (que es opcional) y su direcci\u00f3n de correo electr\u00f3nico.<\/p>\n<p>Utilizamos esta informaci\u00f3n para enviarle un enlace para descargar el documento solicitado. Tambi\u00e9n podemos enviarle un correo electr\u00f3nico despu\u00e9s de la descarga para realizar un seguimiento de su inter\u00e9s en nuestros productos y servicios. Haremos esto en funci\u00f3n de nuestro inter\u00e9s leg\u00edtimo en comercializar nuestros productos y servicios a clientes potenciales.<\/p>\n<p>Su nombre y direcci\u00f3n de correo electr\u00f3nico se comparten con un sistema de pago con sede en Luxemburgo. Esta empresa se compromete contractualmente a proporcionar la seguridad adecuada para el tratamiento de sus datos personales, lo que significa que estar\u00e1n protegidos de acuerdo con los requisitos legales de la Uni\u00f3n Europea.<\/p>\n<p>No utilizamos la informaci\u00f3n que usted proporciona para tomar decisiones automatizadas que puedan afectarlo.<\/p>\n<p>Sus datos personales se almacenan durante un a\u00f1o despu\u00e9s de que solicite la descarga, tras lo cual se eliminan.<\/p>\n<h3><em>Cu\u00e1ndo enviar una rese\u00f1a sobre nosotros<\/em><\/h3>\n<p>Cuando env\u00eda un comentario sobre nosotros, registramos su nombre, su direcci\u00f3n de correo electr\u00f3nico y su direcci\u00f3n IP (Protocolo de Internet), que es la direcci\u00f3n de su computadora en Internet.<\/p>\n<p>Utilizamos esta informaci\u00f3n para proporcionar opiniones independientes verificadas sobre nuestros productos y servicios a clientes potenciales. Su nombre, el contenido de su comentario y su direcci\u00f3n de correo electr\u00f3nico pueden mostrarse p\u00fablicamente en nuestro sitio web. Haremos esto en base a nuestro inter\u00e9s leg\u00edtimo en comercializar nuestros productos y servicios.<\/p>\n<p>No utilizamos la informaci\u00f3n que usted proporciona para tomar decisiones automatizadas que puedan afectarlo.<\/p>\n<p>Sus datos personales se conservan mientras estemos comercializando el producto o servicios al que se refiere el comentario, tras lo cual ser\u00e1n eliminados. Puedes pedirnos que eliminemos tu comentario en cualquier momento.<\/p>\n<h3><em>Sus derechos como interesado<\/em><\/h3>\n<p>Por ley, puede preguntarnos qu\u00e9 informaci\u00f3n recopilamos sobre usted y puede pedirnos que la corrijamos si es inexacta. Solicitamos su consentimiento para procesar sus datos personales, puede retirar este consentimiento en cualquier momento.<\/p>\n<p>Podremos tratar tus datos personales porque nos has dado tu consentimiento o para cumplir con un contrato, podr\u00e1s solicitarnos una copia de la informaci\u00f3n en formato digital para poder transferirla a otro proveedor.<\/p>\n<p>Podemos procesar sus datos personales porque nos ha dado su consentimiento o inter\u00e9s leg\u00edtimo, puede solicitar que se borren sus datos.<\/p>\n<p>Tiene derecho a solicitarnos que suspendamos el procesamiento de sus datos personales por un per\u00edodo si cree que no lo estamos haciendo legalmente.<\/p>\n<p>Finalmente, en algunas circunstancias, puede solicitarnos que no realicemos procesamiento o elaboraci\u00f3n de perfiles automatizados.<\/p>\n<p>Para enviar una solicitud con respecto a sus datos personales puede hacerlo por correo electr\u00f3nico, correo postal o tel\u00e9fono, consulte la informaci\u00f3n de contacto proporcionada anteriormente en la\u00a0\u00a0\u00a0<a href=\"https:\/\/www.almaria.pt\/es\/hotel-policies.html#_Who_are_we?\">Quienes somos<\/a><\/p>\n<h3><em>Derecho a quejarse<\/em><\/h3>\n<p>Si tiene una queja sobre nuestro procesamiento de sus datos personales, preferimos que se comunique con nosotros directamente primero para que podamos resolver su queja. No obstante, tambi\u00e9n es posible contactar con la Comisi\u00f3n Nacional de Protecci\u00f3n de Datos a trav\u00e9s de su p\u00e1gina web en\u00a0\u00a0\u00a0<a href=\"https:\/\/www.cnpd.pt\/\">https:\/\/www.cnpd.pt\/<\/a>\u00a0\u00a0\u00a0o para morder:<\/p>\n<p>Comisi\u00f3n Nacional de Protecci\u00f3n de Datos<\/p>\n<p>Calle de S\u00e3o Bento n\u00ba 148-3\u00ba<\/p>\n<p>1200-821 Lisboa<\/p>\n<h3><em>Actualizaciones de esta Pol\u00edtica de Privacidad<\/em><\/h3>\n<p>Revisaremos peri\u00f3dicamente esta pol\u00edtica y, si es necesario, actualizaremos esta pol\u00edtica de privacidad a medida que nuestros servicios y procesamiento de datos personales evolucionen. Si pretendemos utilizar sus datos personales de una manera que no hayamos identificado previamente, nos comunicaremos con usted para brindarle informaci\u00f3n sobre ese uso y, si es necesario, solicitarle su consentimiento.<\/p>\n<p>Actualizaremos el n\u00famero de versi\u00f3n y la fecha de este documento cada vez que cambie.<\/p>\n","protected":false},"excerpt":{"rendered":"<p>Pol\u00edtica de Privacidad &#8211; Sitio web &#8211; 25 de mayo de 2018 Este aviso de privacidad le informa sobre la informaci\u00f3n que recopilamos cuando utiliza nuestro sitio web. Al recopilar esta informaci\u00f3n, actuamos como controlador de datos y, por ley, estamos obligados a brindarle informaci\u00f3n sobre nosotros, por qu\u00e9 y c\u00f3mo usamos sus datos y [&hellip;]<\/p>\n","protected":false},"author":8,"featured_media":0,"parent":0,"menu_order":990,"comment_status":"closed","ping_status":"closed","template":"","meta":{"footnotes":""},"class_list":["post-94","page","type-page","status-publish","hentry"],"yoast_head":"<!-- This site is optimized with the Yoast SEO plugin v26.9 - https:\/\/yoast.com\/product\/yoast-seo-wordpress\/ -->\n<title>Pol\u00edticas de privacidad ~ Almaria ~<\/title>\n<meta name=\"description\" content=\"Pol\u00edtica de Privacidad - Sitio web - 25 de mayo de 2018 Este aviso de privacidad le informa sobre la informaci\u00f3n que recopilamos cuando utiliza nuestro sitio web. Al recopilar esta informaci\u00f3n, actuamos como controlador de datos y, por ley, estamos obligados a brindarle informaci\u00f3n sobre nosotros, por qu\u00e9 y c\u00f3mo usamos sus datos y los derechos que tiene sobre sus datos. \u00bfQuienes somos? Somos la empresa Almaria \u2013 Edif\u00edcios com Hist\u00f3ria\" \/>\n<meta name=\"robots\" content=\"index, follow, max-snippet:-1, max-image-preview:large, max-video-preview:-1\" \/>\n<link rel=\"canonical\" href=\"https:\/\/www.almaria.pt\/es\/politicas-de-privacidad\/\" \/>\n<meta property=\"og:locale\" content=\"es_ES\" \/>\n<meta property=\"og:type\" content=\"article\" \/>\n<meta property=\"og:title\" content=\"Pol\u00edticas de privacidad ~ Almaria ~\" \/>\n<meta property=\"og:description\" content=\"Pol\u00edtica de Privacidad - Sitio web - 25 de mayo de 2018 Este aviso de privacidad le informa sobre la informaci\u00f3n que recopilamos cuando utiliza nuestro sitio web. Al recopilar esta informaci\u00f3n, actuamos como controlador de datos y, por ley, estamos obligados a brindarle informaci\u00f3n sobre nosotros, por qu\u00e9 y c\u00f3mo usamos sus datos y los derechos que tiene sobre sus datos. \u00bfQuienes somos? Somos la empresa Almaria \u2013 Edif\u00edcios com Hist\u00f3ria\" \/>\n<meta property=\"og:url\" content=\"https:\/\/www.almaria.pt\/es\/politicas-de-privacidad\/\" \/>\n<meta property=\"og:site_name\" content=\"Almaria\" \/>\n<meta property=\"article:publisher\" content=\"https:\/\/www.facebook.com\/almariaedificioscomhistoria\/\" \/>\n<meta property=\"article:modified_time\" content=\"2026-04-02T09:30:51+00:00\" \/>\n<meta property=\"og:image\" content=\"https:\/\/www.almaria.pt\/wp-content\/uploads\/sites\/58\/2026\/03\/river-view-3-bedrooms-ex-libris-apartments-chiado-almaria-2.jpg\" \/>\n\t<meta property=\"og:image:width\" content=\"2200\" \/>\n\t<meta property=\"og:image:height\" content=\"1466\" \/>\n\t<meta property=\"og:image:type\" content=\"image\/jpeg\" \/>\n<meta name=\"twitter:card\" content=\"summary_large_image\" \/>\n<meta name=\"twitter:label1\" content=\"Est. reading time\" \/>\n\t<meta name=\"twitter:data1\" content=\"6 minutos\" \/>\n<script type=\"application\/ld+json\" class=\"yoast-schema-graph\">{\"@context\":\"https:\/\/schema.org\",\"@graph\":[{\"@type\":\"WebPage\",\"@id\":\"https:\/\/www.almaria.pt\/es\/politicas-de-privacidad\/\",\"url\":\"https:\/\/www.almaria.pt\/es\/politicas-de-privacidad\/\",\"name\":\"Pol\u00edticas de privacidad ~ Almaria ~\",\"isPartOf\":{\"@id\":\"https:\/\/www.almaria.pt\/es\/#website\"},\"datePublished\":\"2026-02-25T16:20:04+00:00\",\"dateModified\":\"2026-04-02T09:30:51+00:00\",\"description\":\"Pol\u00edtica de Privacidad - Sitio web - 25 de mayo de 2018 Este aviso de privacidad le informa sobre la informaci\u00f3n que recopilamos cuando utiliza nuestro sitio web. Al recopilar esta informaci\u00f3n, actuamos como controlador de datos y, por ley, estamos obligados a brindarle informaci\u00f3n sobre nosotros, por qu\u00e9 y c\u00f3mo usamos sus datos y los derechos que tiene sobre sus datos. \u00bfQuienes somos? Somos la empresa Almaria \u2013 Edif\u00edcios com Hist\u00f3ria\",\"breadcrumb\":{\"@id\":\"https:\/\/www.almaria.pt\/es\/politicas-de-privacidad\/#breadcrumb\"},\"inLanguage\":\"es\",\"potentialAction\":[{\"@type\":\"ReadAction\",\"target\":[\"https:\/\/www.almaria.pt\/es\/politicas-de-privacidad\/\"]}]},{\"@type\":\"BreadcrumbList\",\"@id\":\"https:\/\/www.almaria.pt\/es\/politicas-de-privacidad\/#breadcrumb\",\"itemListElement\":[{\"@type\":\"ListItem\",\"position\":1,\"name\":\"Home\",\"item\":\"https:\/\/www.almaria.pt\/es\/\"},{\"@type\":\"ListItem\",\"position\":2,\"name\":\"Pol\u00edticas de privacidad\"}]},{\"@type\":\"WebSite\",\"@id\":\"https:\/\/www.almaria.pt\/es\/#website\",\"url\":\"https:\/\/www.almaria.pt\/es\/\",\"name\":\"Almaria - Edif\u00edcios com Hist\u00f3ria\",\"description\":\"\",\"publisher\":{\"@id\":\"https:\/\/www.almaria.pt\/es\/#organization\"},\"alternateName\":\"Almaria - Edif\u00edcios com Hist\u00f3ria\",\"potentialAction\":[{\"@type\":\"SearchAction\",\"target\":{\"@type\":\"EntryPoint\",\"urlTemplate\":\"https:\/\/www.almaria.pt\/es\/?s={search_term_string}\"},\"query-input\":{\"@type\":\"PropertyValueSpecification\",\"valueRequired\":true,\"valueName\":\"search_term_string\"}}],\"inLanguage\":\"es\"},{\"@type\":\"Organization\",\"@id\":\"https:\/\/www.almaria.pt\/es\/#organization\",\"name\":\"Almaria - Edif\u00edcios com Hist\u00f3ria\",\"alternateName\":\"Almaria - Edif\u00edcios com Hist\u00f3ria\",\"url\":\"https:\/\/www.almaria.pt\/es\/\",\"logo\":{\"@type\":\"ImageObject\",\"inLanguage\":\"es\",\"@id\":\"https:\/\/www.almaria.pt\/es\/#\/schema\/logo\/image\/\",\"url\":\"https:\/\/www.almaria.pt\/wp-content\/uploads\/sites\/58\/2026\/03\/black-historic-luxury-apartments-lisbon-logo-Almaria-new.png\",\"contentUrl\":\"https:\/\/www.almaria.pt\/wp-content\/uploads\/sites\/58\/2026\/03\/black-historic-luxury-apartments-lisbon-logo-Almaria-new.png\",\"width\":230,\"height\":300,\"caption\":\"Almaria - Edif\u00edcios com Hist\u00f3ria\"},\"image\":{\"@id\":\"https:\/\/www.almaria.pt\/es\/#\/schema\/logo\/image\/\"},\"sameAs\":[\"https:\/\/www.facebook.com\/almariaedificioscomhistoria\/\",\"https:\/\/www.instagram.com\/almaria_lisbon_apartments\/?hl=en\",\"https:\/\/www.linkedin.com\/company\/almaria-edif\u00edcios-com-hist\u00f3ria\/?viewAsMember=true\"]}]}<\/script>\n<!-- \/ Yoast SEO plugin. -->","yoast_head_json":{"title":"Pol\u00edticas de privacidad ~ Almaria ~","description":"Pol\u00edtica de Privacidad - Sitio web - 25 de mayo de 2018 Este aviso de privacidad le informa sobre la informaci\u00f3n que recopilamos cuando utiliza nuestro sitio web. Al recopilar esta informaci\u00f3n, actuamos como controlador de datos y, por ley, estamos obligados a brindarle informaci\u00f3n sobre nosotros, por qu\u00e9 y c\u00f3mo usamos sus datos y los derechos que tiene sobre sus datos. \u00bfQuienes somos? Somos la empresa Almaria \u2013 Edif\u00edcios com Hist\u00f3ria","robots":{"index":"index","follow":"follow","max-snippet":"max-snippet:-1","max-image-preview":"max-image-preview:large","max-video-preview":"max-video-preview:-1"},"canonical":"https:\/\/www.almaria.pt\/es\/politicas-de-privacidad\/","og_locale":"es_ES","og_type":"article","og_title":"Pol\u00edticas de privacidad ~ Almaria ~","og_description":"Pol\u00edtica de Privacidad - Sitio web - 25 de mayo de 2018 Este aviso de privacidad le informa sobre la informaci\u00f3n que recopilamos cuando utiliza nuestro sitio web. Al recopilar esta informaci\u00f3n, actuamos como controlador de datos y, por ley, estamos obligados a brindarle informaci\u00f3n sobre nosotros, por qu\u00e9 y c\u00f3mo usamos sus datos y los derechos que tiene sobre sus datos. \u00bfQuienes somos? Somos la empresa Almaria \u2013 Edif\u00edcios com Hist\u00f3ria","og_url":"https:\/\/www.almaria.pt\/es\/politicas-de-privacidad\/","og_site_name":"Almaria","article_publisher":"https:\/\/www.facebook.com\/almariaedificioscomhistoria\/","article_modified_time":"2026-04-02T09:30:51+00:00","og_image":[{"width":2200,"height":1466,"url":"https:\/\/www.almaria.pt\/wp-content\/uploads\/sites\/58\/2026\/03\/river-view-3-bedrooms-ex-libris-apartments-chiado-almaria-2.jpg","type":"image\/jpeg"}],"twitter_card":"summary_large_image","twitter_misc":{"Est. reading time":"6 minutos"},"schema":{"@context":"https:\/\/schema.org","@graph":[{"@type":"WebPage","@id":"https:\/\/www.almaria.pt\/es\/politicas-de-privacidad\/","url":"https:\/\/www.almaria.pt\/es\/politicas-de-privacidad\/","name":"Pol\u00edticas de privacidad ~ Almaria ~","isPartOf":{"@id":"https:\/\/www.almaria.pt\/es\/#website"},"datePublished":"2026-02-25T16:20:04+00:00","dateModified":"2026-04-02T09:30:51+00:00","description":"Pol\u00edtica de Privacidad - Sitio web - 25 de mayo de 2018 Este aviso de privacidad le informa sobre la informaci\u00f3n que recopilamos cuando utiliza nuestro sitio web. Al recopilar esta informaci\u00f3n, actuamos como controlador de datos y, por ley, estamos obligados a brindarle informaci\u00f3n sobre nosotros, por qu\u00e9 y c\u00f3mo usamos sus datos y los derechos que tiene sobre sus datos. \u00bfQuienes somos? Somos la empresa Almaria \u2013 Edif\u00edcios com Hist\u00f3ria","breadcrumb":{"@id":"https:\/\/www.almaria.pt\/es\/politicas-de-privacidad\/#breadcrumb"},"inLanguage":"es","potentialAction":[{"@type":"ReadAction","target":["https:\/\/www.almaria.pt\/es\/politicas-de-privacidad\/"]}]},{"@type":"BreadcrumbList","@id":"https:\/\/www.almaria.pt\/es\/politicas-de-privacidad\/#breadcrumb","itemListElement":[{"@type":"ListItem","position":1,"name":"Home","item":"https:\/\/www.almaria.pt\/es\/"},{"@type":"ListItem","position":2,"name":"Pol\u00edticas de privacidad"}]},{"@type":"WebSite","@id":"https:\/\/www.almaria.pt\/es\/#website","url":"https:\/\/www.almaria.pt\/es\/","name":"Almaria - Edif\u00edcios com Hist\u00f3ria","description":"","publisher":{"@id":"https:\/\/www.almaria.pt\/es\/#organization"},"alternateName":"Almaria - Edif\u00edcios com Hist\u00f3ria","potentialAction":[{"@type":"SearchAction","target":{"@type":"EntryPoint","urlTemplate":"https:\/\/www.almaria.pt\/es\/?s={search_term_string}"},"query-input":{"@type":"PropertyValueSpecification","valueRequired":true,"valueName":"search_term_string"}}],"inLanguage":"es"},{"@type":"Organization","@id":"https:\/\/www.almaria.pt\/es\/#organization","name":"Almaria - Edif\u00edcios com Hist\u00f3ria","alternateName":"Almaria - Edif\u00edcios com Hist\u00f3ria","url":"https:\/\/www.almaria.pt\/es\/","logo":{"@type":"ImageObject","inLanguage":"es","@id":"https:\/\/www.almaria.pt\/es\/#\/schema\/logo\/image\/","url":"https:\/\/www.almaria.pt\/wp-content\/uploads\/sites\/58\/2026\/03\/black-historic-luxury-apartments-lisbon-logo-Almaria-new.png","contentUrl":"https:\/\/www.almaria.pt\/wp-content\/uploads\/sites\/58\/2026\/03\/black-historic-luxury-apartments-lisbon-logo-Almaria-new.png","width":230,"height":300,"caption":"Almaria - Edif\u00edcios com Hist\u00f3ria"},"image":{"@id":"https:\/\/www.almaria.pt\/es\/#\/schema\/logo\/image\/"},"sameAs":["https:\/\/www.facebook.com\/almariaedificioscomhistoria\/","https:\/\/www.instagram.com\/almaria_lisbon_apartments\/?hl=en","https:\/\/www.linkedin.com\/company\/almaria-edif\u00edcios-com-hist\u00f3ria\/?viewAsMember=true"]}]}},"acf":[],"_links":{"self":[{"href":"https:\/\/www.almaria.pt\/es\/wp-json\/wp\/v2\/pages\/94","targetHints":{"allow":["GET"]}}],"collection":[{"href":"https:\/\/www.almaria.pt\/es\/wp-json\/wp\/v2\/pages"}],"about":[{"href":"https:\/\/www.almaria.pt\/es\/wp-json\/wp\/v2\/types\/page"}],"author":[{"embeddable":true,"href":"https:\/\/www.almaria.pt\/es\/wp-json\/wp\/v2\/users\/8"}],"replies":[{"embeddable":true,"href":"https:\/\/www.almaria.pt\/es\/wp-json\/wp\/v2\/comments?post=94"}],"version-history":[{"count":0,"href":"https:\/\/www.almaria.pt\/es\/wp-json\/wp\/v2\/pages\/94\/revisions"}],"wp:attachment":[{"href":"https:\/\/www.almaria.pt\/es\/wp-json\/wp\/v2\/media?parent=94"}],"curies":[{"name":"wp","href":"https:\/\/api.w.org\/{rel}","templated":true}]}}