{"id":10,"date":"2026-02-17T15:40:46","date_gmt":"2026-02-17T15:40:46","guid":{"rendered":"https:\/\/almaria.ms3.decms.eu\/?page_id=10"},"modified":"2026-03-26T11:08:58","modified_gmt":"2026-03-26T11:08:58","slug":"almaria","status":"publish","type":"page","link":"https:\/\/www.almaria.pt\/fr\/","title":{"rendered":"Almaria &#8211; Edif\u00edcios com Hist\u00f3ria"},"content":{"rendered":"<p style=\"text-align: center;\">Partez \u00e0 la d\u00e9couverte de Lisbonne \u00e0 partir d&rsquo;une localisation privil\u00e9gi\u00e9e, dans l&rsquo;un de ses quartiers les plus connus et embl\u00e9matiques.<\/p>\n<p style=\"text-align: center;\"><strong>D\u00e9couvrez Lisbonne comme si vous \u00e9tiez un Lisbo\u00e8te.<\/strong><\/p>\n<p style=\"text-align: center;\">Faites connaissance avec Lisbonne en \u00e9tant Lisbo\u00e8te. Avec des \u00e9difices id\u00e9alement situ\u00e9s au c\u0153ur de la ville, Almaria \u2013 Edif\u00edcios com Hist\u00f3ria [des \u00e9difices avec une histoire] offre un point de d\u00e9part parfait \u00e0 ceux qui souhaitent conna\u00eetre Lisbonne en en faisant partie, en interagissant avec son d\u00e9cor et la communaut\u00e9 locale et en habitant, gr\u00e2ce \u00e0 sa restauration, le patrimoine historique et culturel de la ville.<\/p>\n","protected":false},"excerpt":{"rendered":"<p>Partez \u00e0 la d\u00e9couverte de Lisbonne \u00e0 partir d&rsquo;une localisation privil\u00e9gi\u00e9e, dans l&rsquo;un de ses quartiers les plus connus et embl\u00e9matiques. D\u00e9couvrez Lisbonne comme si vous \u00e9tiez un Lisbo\u00e8te. Faites connaissance avec Lisbonne en \u00e9tant Lisbo\u00e8te. Avec des \u00e9difices id\u00e9alement situ\u00e9s au c\u0153ur de la ville, Almaria \u2013 Edif\u00edcios com Hist\u00f3ria [des \u00e9difices avec une [&hellip;]<\/p>\n","protected":false},"author":8,"featured_media":0,"parent":0,"menu_order":0,"comment_status":"closed","ping_status":"closed","template":"","meta":{"footnotes":""},"class_list":["post-10","page","type-page","status-publish","hentry"],"yoast_head":"<!-- This site is optimized with the Yoast SEO plugin v26.9 - https:\/\/yoast.com\/product\/yoast-seo-wordpress\/ -->\n<title>Almaria - Edif\u00edcios com Hist\u00f3ria ~ Almaria ~<\/title>\n<meta name=\"description\" content=\"Partez \u00e0 la d\u00e9couverte de Lisbonne \u00e0 partir d&#039;une localisation privil\u00e9gi\u00e9e, dans l&#039;un de ses quartiers les plus connus et embl\u00e9matiques. D\u00e9couvrez Lisbonne comme si vous \u00e9tiez un Lisbo\u00e8te. Faites connaissance avec Lisbonne en \u00e9tant Lisbo\u00e8te. Avec des \u00e9difices id\u00e9alement situ\u00e9s au c\u0153ur de la ville, Almaria \u2013 Edif\u00edcios com Hist\u00f3ria [des \u00e9difices avec une histoire] offre un point de d\u00e9part parfait \u00e0 ceux qui souhaitent conna\u00eetre Lisbonne en en faisant partie, en interagissant avec son d\u00e9cor et la communaut\u00e9 locale et en habitant, gr\u00e2ce \u00e0 sa restauration, le patrimoine historique et culturel de la ville.\" \/>\n<meta name=\"robots\" content=\"index, follow, max-snippet:-1, max-image-preview:large, max-video-preview:-1\" \/>\n<link rel=\"canonical\" href=\"https:\/\/www.almaria.pt\/fr\/\" \/>\n<meta property=\"og:locale\" content=\"fr_FR\" \/>\n<meta property=\"og:type\" content=\"article\" \/>\n<meta property=\"og:title\" content=\"Almaria - Edif\u00edcios com Hist\u00f3ria ~ Almaria ~\" \/>\n<meta property=\"og:description\" content=\"Partez \u00e0 la d\u00e9couverte de Lisbonne \u00e0 partir d&#039;une localisation privil\u00e9gi\u00e9e, dans l&#039;un de ses quartiers les plus connus et embl\u00e9matiques. D\u00e9couvrez Lisbonne comme si vous \u00e9tiez un Lisbo\u00e8te. Faites connaissance avec Lisbonne en \u00e9tant Lisbo\u00e8te. Avec des \u00e9difices id\u00e9alement situ\u00e9s au c\u0153ur de la ville, Almaria \u2013 Edif\u00edcios com Hist\u00f3ria [des \u00e9difices avec une histoire] offre un point de d\u00e9part parfait \u00e0 ceux qui souhaitent conna\u00eetre Lisbonne en en faisant partie, en interagissant avec son d\u00e9cor et la communaut\u00e9 locale et en habitant, gr\u00e2ce \u00e0 sa restauration, le patrimoine historique et culturel de la ville.\" \/>\n<meta property=\"og:url\" content=\"https:\/\/www.almaria.pt\/fr\/\" \/>\n<meta property=\"og:site_name\" content=\"Almaria\" \/>\n<meta property=\"article:publisher\" content=\"https:\/\/www.facebook.com\/almariaedificioscomhistoria\/\" \/>\n<meta property=\"article:modified_time\" content=\"2026-03-26T11:08:58+00:00\" \/>\n<meta property=\"og:image\" content=\"https:\/\/www.almaria.pt\/wp-content\/uploads\/sites\/58\/2026\/03\/river-view-3-bedrooms-ex-libris-apartments-chiado-almaria-2.jpg\" \/>\n\t<meta property=\"og:image:width\" content=\"2200\" \/>\n\t<meta property=\"og:image:height\" content=\"1466\" \/>\n\t<meta property=\"og:image:type\" content=\"image\/jpeg\" \/>\n<meta name=\"twitter:card\" content=\"summary_large_image\" \/>\n<meta name=\"twitter:label1\" content=\"Est. reading time\" \/>\n\t<meta name=\"twitter:data1\" content=\"1 minute\" \/>\n<script type=\"application\/ld+json\" class=\"yoast-schema-graph\">{\"@context\":\"https:\/\/schema.org\",\"@graph\":[{\"@type\":\"WebPage\",\"@id\":\"https:\/\/www.almaria.pt\/fr\/\",\"url\":\"https:\/\/www.almaria.pt\/fr\/\",\"name\":\"Almaria - Edif\u00edcios com Hist\u00f3ria ~ Almaria ~\",\"isPartOf\":{\"@id\":\"https:\/\/www.almaria.pt\/fr\/#website\"},\"datePublished\":\"2026-02-17T15:40:46+00:00\",\"dateModified\":\"2026-03-26T11:08:58+00:00\",\"description\":\"Partez \u00e0 la d\u00e9couverte de Lisbonne \u00e0 partir d'une localisation privil\u00e9gi\u00e9e, dans l'un de ses quartiers les plus connus et embl\u00e9matiques. D\u00e9couvrez Lisbonne comme si vous \u00e9tiez un Lisbo\u00e8te. Faites connaissance avec Lisbonne en \u00e9tant Lisbo\u00e8te. Avec des \u00e9difices id\u00e9alement situ\u00e9s au c\u0153ur de la ville, Almaria \u2013 Edif\u00edcios com Hist\u00f3ria [des \u00e9difices avec une histoire] offre un point de d\u00e9part parfait \u00e0 ceux qui souhaitent conna\u00eetre Lisbonne en en faisant partie, en interagissant avec son d\u00e9cor et la communaut\u00e9 locale et en habitant, gr\u00e2ce \u00e0 sa restauration, le patrimoine historique et culturel de la ville.\",\"breadcrumb\":{\"@id\":\"https:\/\/www.almaria.pt\/fr\/#breadcrumb\"},\"inLanguage\":\"fr-FR\",\"potentialAction\":[{\"@type\":\"ReadAction\",\"target\":[\"https:\/\/www.almaria.pt\/fr\/\"]}]},{\"@type\":\"BreadcrumbList\",\"@id\":\"https:\/\/www.almaria.pt\/fr\/#breadcrumb\",\"itemListElement\":[{\"@type\":\"ListItem\",\"position\":1,\"name\":\"Home\",\"item\":\"https:\/\/www.almaria.pt\/fr\/\"},{\"@type\":\"ListItem\",\"position\":2,\"name\":\"Almaria &#8211; Edif\u00edcios com Hist\u00f3ria\"}]},{\"@type\":\"WebSite\",\"@id\":\"https:\/\/www.almaria.pt\/fr\/#website\",\"url\":\"https:\/\/www.almaria.pt\/fr\/\",\"name\":\"Almaria - Edif\u00edcios com Hist\u00f3ria\",\"description\":\"\",\"publisher\":{\"@id\":\"https:\/\/www.almaria.pt\/fr\/#organization\"},\"alternateName\":\"Almaria - Edif\u00edcios com Hist\u00f3ria\",\"potentialAction\":[{\"@type\":\"SearchAction\",\"target\":{\"@type\":\"EntryPoint\",\"urlTemplate\":\"https:\/\/www.almaria.pt\/fr\/?s={search_term_string}\"},\"query-input\":{\"@type\":\"PropertyValueSpecification\",\"valueRequired\":true,\"valueName\":\"search_term_string\"}}],\"inLanguage\":\"fr-FR\"},{\"@type\":\"Organization\",\"@id\":\"https:\/\/www.almaria.pt\/fr\/#organization\",\"name\":\"Almaria - Edif\u00edcios com Hist\u00f3ria\",\"alternateName\":\"Almaria - Edif\u00edcios com Hist\u00f3ria\",\"url\":\"https:\/\/www.almaria.pt\/fr\/\",\"logo\":{\"@type\":\"ImageObject\",\"inLanguage\":\"fr-FR\",\"@id\":\"https:\/\/www.almaria.pt\/fr\/#\/schema\/logo\/image\/\",\"url\":\"https:\/\/www.almaria.pt\/wp-content\/uploads\/sites\/58\/2026\/03\/black-historic-luxury-apartments-lisbon-logo-Almaria-new.png\",\"contentUrl\":\"https:\/\/www.almaria.pt\/wp-content\/uploads\/sites\/58\/2026\/03\/black-historic-luxury-apartments-lisbon-logo-Almaria-new.png\",\"width\":230,\"height\":300,\"caption\":\"Almaria - Edif\u00edcios com Hist\u00f3ria\"},\"image\":{\"@id\":\"https:\/\/www.almaria.pt\/fr\/#\/schema\/logo\/image\/\"},\"sameAs\":[\"https:\/\/www.facebook.com\/almariaedificioscomhistoria\/\",\"https:\/\/www.instagram.com\/almaria_lisbon_apartments\/?hl=en\",\"https:\/\/www.linkedin.com\/company\/almaria-edif\u00edcios-com-hist\u00f3ria\/?viewAsMember=true\"]}]}<\/script>\n<!-- \/ Yoast SEO plugin. -->","yoast_head_json":{"title":"Almaria - Edif\u00edcios com Hist\u00f3ria ~ Almaria ~","description":"Partez \u00e0 la d\u00e9couverte de Lisbonne \u00e0 partir d'une localisation privil\u00e9gi\u00e9e, dans l'un de ses quartiers les plus connus et embl\u00e9matiques. D\u00e9couvrez Lisbonne comme si vous \u00e9tiez un Lisbo\u00e8te. Faites connaissance avec Lisbonne en \u00e9tant Lisbo\u00e8te. Avec des \u00e9difices id\u00e9alement situ\u00e9s au c\u0153ur de la ville, Almaria \u2013 Edif\u00edcios com Hist\u00f3ria [des \u00e9difices avec une histoire] offre un point de d\u00e9part parfait \u00e0 ceux qui souhaitent conna\u00eetre Lisbonne en en faisant partie, en interagissant avec son d\u00e9cor et la communaut\u00e9 locale et en habitant, gr\u00e2ce \u00e0 sa restauration, le patrimoine historique et culturel de la ville.","robots":{"index":"index","follow":"follow","max-snippet":"max-snippet:-1","max-image-preview":"max-image-preview:large","max-video-preview":"max-video-preview:-1"},"canonical":"https:\/\/www.almaria.pt\/fr\/","og_locale":"fr_FR","og_type":"article","og_title":"Almaria - Edif\u00edcios com Hist\u00f3ria ~ Almaria ~","og_description":"Partez \u00e0 la d\u00e9couverte de Lisbonne \u00e0 partir d'une localisation privil\u00e9gi\u00e9e, dans l'un de ses quartiers les plus connus et embl\u00e9matiques. D\u00e9couvrez Lisbonne comme si vous \u00e9tiez un Lisbo\u00e8te. Faites connaissance avec Lisbonne en \u00e9tant Lisbo\u00e8te. Avec des \u00e9difices id\u00e9alement situ\u00e9s au c\u0153ur de la ville, Almaria \u2013 Edif\u00edcios com Hist\u00f3ria [des \u00e9difices avec une histoire] offre un point de d\u00e9part parfait \u00e0 ceux qui souhaitent conna\u00eetre Lisbonne en en faisant partie, en interagissant avec son d\u00e9cor et la communaut\u00e9 locale et en habitant, gr\u00e2ce \u00e0 sa restauration, le patrimoine historique et culturel de la ville.","og_url":"https:\/\/www.almaria.pt\/fr\/","og_site_name":"Almaria","article_publisher":"https:\/\/www.facebook.com\/almariaedificioscomhistoria\/","article_modified_time":"2026-03-26T11:08:58+00:00","og_image":[{"width":2200,"height":1466,"url":"https:\/\/www.almaria.pt\/wp-content\/uploads\/sites\/58\/2026\/03\/river-view-3-bedrooms-ex-libris-apartments-chiado-almaria-2.jpg","type":"image\/jpeg"}],"twitter_card":"summary_large_image","twitter_misc":{"Est. reading time":"1 minute"},"schema":{"@context":"https:\/\/schema.org","@graph":[{"@type":"WebPage","@id":"https:\/\/www.almaria.pt\/fr\/","url":"https:\/\/www.almaria.pt\/fr\/","name":"Almaria - Edif\u00edcios com Hist\u00f3ria ~ Almaria ~","isPartOf":{"@id":"https:\/\/www.almaria.pt\/fr\/#website"},"datePublished":"2026-02-17T15:40:46+00:00","dateModified":"2026-03-26T11:08:58+00:00","description":"Partez \u00e0 la d\u00e9couverte de Lisbonne \u00e0 partir d'une localisation privil\u00e9gi\u00e9e, dans l'un de ses quartiers les plus connus et embl\u00e9matiques. D\u00e9couvrez Lisbonne comme si vous \u00e9tiez un Lisbo\u00e8te. Faites connaissance avec Lisbonne en \u00e9tant Lisbo\u00e8te. Avec des \u00e9difices id\u00e9alement situ\u00e9s au c\u0153ur de la ville, Almaria \u2013 Edif\u00edcios com Hist\u00f3ria [des \u00e9difices avec une histoire] offre un point de d\u00e9part parfait \u00e0 ceux qui souhaitent conna\u00eetre Lisbonne en en faisant partie, en interagissant avec son d\u00e9cor et la communaut\u00e9 locale et en habitant, gr\u00e2ce \u00e0 sa restauration, le patrimoine historique et culturel de la ville.","breadcrumb":{"@id":"https:\/\/www.almaria.pt\/fr\/#breadcrumb"},"inLanguage":"fr-FR","potentialAction":[{"@type":"ReadAction","target":["https:\/\/www.almaria.pt\/fr\/"]}]},{"@type":"BreadcrumbList","@id":"https:\/\/www.almaria.pt\/fr\/#breadcrumb","itemListElement":[{"@type":"ListItem","position":1,"name":"Home","item":"https:\/\/www.almaria.pt\/fr\/"},{"@type":"ListItem","position":2,"name":"Almaria &#8211; Edif\u00edcios com Hist\u00f3ria"}]},{"@type":"WebSite","@id":"https:\/\/www.almaria.pt\/fr\/#website","url":"https:\/\/www.almaria.pt\/fr\/","name":"Almaria - Edif\u00edcios com Hist\u00f3ria","description":"","publisher":{"@id":"https:\/\/www.almaria.pt\/fr\/#organization"},"alternateName":"Almaria - Edif\u00edcios com Hist\u00f3ria","potentialAction":[{"@type":"SearchAction","target":{"@type":"EntryPoint","urlTemplate":"https:\/\/www.almaria.pt\/fr\/?s={search_term_string}"},"query-input":{"@type":"PropertyValueSpecification","valueRequired":true,"valueName":"search_term_string"}}],"inLanguage":"fr-FR"},{"@type":"Organization","@id":"https:\/\/www.almaria.pt\/fr\/#organization","name":"Almaria - Edif\u00edcios com Hist\u00f3ria","alternateName":"Almaria - Edif\u00edcios com Hist\u00f3ria","url":"https:\/\/www.almaria.pt\/fr\/","logo":{"@type":"ImageObject","inLanguage":"fr-FR","@id":"https:\/\/www.almaria.pt\/fr\/#\/schema\/logo\/image\/","url":"https:\/\/www.almaria.pt\/wp-content\/uploads\/sites\/58\/2026\/03\/black-historic-luxury-apartments-lisbon-logo-Almaria-new.png","contentUrl":"https:\/\/www.almaria.pt\/wp-content\/uploads\/sites\/58\/2026\/03\/black-historic-luxury-apartments-lisbon-logo-Almaria-new.png","width":230,"height":300,"caption":"Almaria - Edif\u00edcios com Hist\u00f3ria"},"image":{"@id":"https:\/\/www.almaria.pt\/fr\/#\/schema\/logo\/image\/"},"sameAs":["https:\/\/www.facebook.com\/almariaedificioscomhistoria\/","https:\/\/www.instagram.com\/almaria_lisbon_apartments\/?hl=en","https:\/\/www.linkedin.com\/company\/almaria-edif\u00edcios-com-hist\u00f3ria\/?viewAsMember=true"]}]}},"acf":[],"_links":{"self":[{"href":"https:\/\/www.almaria.pt\/fr\/wp-json\/wp\/v2\/pages\/10","targetHints":{"allow":["GET"]}}],"collection":[{"href":"https:\/\/www.almaria.pt\/fr\/wp-json\/wp\/v2\/pages"}],"about":[{"href":"https:\/\/www.almaria.pt\/fr\/wp-json\/wp\/v2\/types\/page"}],"author":[{"embeddable":true,"href":"https:\/\/www.almaria.pt\/fr\/wp-json\/wp\/v2\/users\/8"}],"replies":[{"embeddable":true,"href":"https:\/\/www.almaria.pt\/fr\/wp-json\/wp\/v2\/comments?post=10"}],"version-history":[{"count":0,"href":"https:\/\/www.almaria.pt\/fr\/wp-json\/wp\/v2\/pages\/10\/revisions"}],"wp:attachment":[{"href":"https:\/\/www.almaria.pt\/fr\/wp-json\/wp\/v2\/media?parent=10"}],"curies":[{"name":"wp","href":"https:\/\/api.w.org\/{rel}","templated":true}]}}