{"id":49,"date":"2026-02-24T15:57:08","date_gmt":"2026-02-24T15:57:08","guid":{"rendered":"https:\/\/almaria.ms3.decms.eu\/about-us\/"},"modified":"2026-03-24T14:04:52","modified_gmt":"2026-03-24T14:04:52","slug":"a-propos","status":"publish","type":"page","link":"https:\/\/www.almaria.pt\/fr\/a-propos\/","title":{"rendered":"\u00c0 Propos"},"content":{"rendered":"<p>Partez \u00e0 la d\u00e9couverte de Lisbonne \u00e0 partir d&rsquo;une localisation privil\u00e9gi\u00e9e, dans l&rsquo;un de ses quartiers les plus connus et embl\u00e9matiques.<\/p>\n<p>Avec des \u00e9difices id\u00e9alement situ\u00e9s au c\u0153ur de la ville, Almaria \u2013 Edif\u00edcios com Hist\u00f3ria [des \u00e9difices avec une histoire] offre un point de d\u00e9part parfait \u00e0 ceux qui souhaitent conna\u00eetre Lisbonne en en faisant partie, en interagissant avec son d\u00e9cor et la communaut\u00e9 locale et en habitant, gr\u00e2ce \u00e0 sa restauration, le patrimoine historique et culturel de la ville.<\/p>\n<p>Si les \u00e9difices sont les fondations de l&rsquo;\u00e2me de la ville, Lisbonne trouve dans les \u00e9difices ALMARIA l&rsquo;adresse de son \u00e2me.<\/p>\n<p>Bien plus qu&rsquo;une simple reconstruction de b\u00e2timents, ALMARIA se propose d&rsquo;\u00e9couter leurs histoires et de les raconter dans chaque projet.<\/p>\n<p>Avec ALMARIA \u2013 Edif\u00edcios com Hist\u00f3ria, vous pouvez vivre l&rsquo;histoire unique \u00e0 chacun de nos immeubles dans un espace accueillant et source d&rsquo;\u00e9motions et de moments inoubliables.<\/p>\n","protected":false},"excerpt":{"rendered":"<p>Partez \u00e0 la d\u00e9couverte de Lisbonne \u00e0 partir d&rsquo;une localisation privil\u00e9gi\u00e9e, dans l&rsquo;un de ses quartiers les plus connus et embl\u00e9matiques. Avec des \u00e9difices id\u00e9alement situ\u00e9s au c\u0153ur de la ville, Almaria \u2013 Edif\u00edcios com Hist\u00f3ria [des \u00e9difices avec une histoire] offre un point de d\u00e9part parfait \u00e0 ceux qui souhaitent conna\u00eetre Lisbonne en en [&hellip;]<\/p>\n","protected":false},"author":8,"featured_media":0,"parent":0,"menu_order":5,"comment_status":"closed","ping_status":"closed","template":"","meta":{"footnotes":""},"class_list":["post-49","page","type-page","status-publish","hentry"],"yoast_head":"<!-- This site is optimized with the Yoast SEO plugin v26.9 - https:\/\/yoast.com\/product\/yoast-seo-wordpress\/ -->\n<title>\u00c0 Propos &#8211; Almaria &#8211;<\/title>\n<meta name=\"description\" content=\"Partez \u00e0 la d\u00e9couverte de Lisbonne \u00e0 partir d&#039;une localisation privil\u00e9gi\u00e9e, dans l&#039;un de ses quartiers les plus connus et embl\u00e9matiques.  Avec des \u00e9difices id\u00e9alement situ\u00e9s au c\u0153ur de la ville, Almaria \u2013 Edif\u00edcios com Hist\u00f3ria [des \u00e9difices avec une histoire] offre un point de d\u00e9part parfait \u00e0 ceux qui souhaitent conna\u00eetre Lisbonne en en faisant partie, en interagissant avec son d\u00e9cor et la communaut\u00e9 locale et en habitant, gr\u00e2ce \u00e0 sa restauration, le patrimoine historique et culturel de la ville.  Si les \u00e9difices sont les fondations de l&#039;\u00e2me de la ville, Lisbonne trouve dans les \u00e9difices ALMARIA l&#039;adresse de son \u00e2me.  Bien plus qu&#039;une simple reconstruction de b\u00e2timents, ALMARIA se propose d&#039;\u00e9couter leurs histoires et de les raconter dans chaque projet.  Avec ALMARIA \u2013 Edif\u00edcios com Hist\u00f3ria, vous pouvez vivre l&#039;histoire unique \u00e0 chacun de nos immeubles dans un espace accueillant et source d&#039;\u00e9motions et de moments inoubliables..\" \/>\n<meta name=\"robots\" content=\"index, follow, max-snippet:-1, max-image-preview:large, max-video-preview:-1\" \/>\n<link rel=\"canonical\" href=\"https:\/\/www.almaria.pt\/fr\/a-propos\/\" \/>\n<meta property=\"og:locale\" content=\"fr_FR\" \/>\n<meta property=\"og:type\" content=\"article\" \/>\n<meta property=\"og:title\" content=\"\u00c0 Propos &#8211; Almaria &#8211;\" \/>\n<meta property=\"og:description\" content=\"Partez \u00e0 la d\u00e9couverte de Lisbonne \u00e0 partir d&#039;une localisation privil\u00e9gi\u00e9e, dans l&#039;un de ses quartiers les plus connus et embl\u00e9matiques.  Avec des \u00e9difices id\u00e9alement situ\u00e9s au c\u0153ur de la ville, Almaria \u2013 Edif\u00edcios com Hist\u00f3ria [des \u00e9difices avec une histoire] offre un point de d\u00e9part parfait \u00e0 ceux qui souhaitent conna\u00eetre Lisbonne en en faisant partie, en interagissant avec son d\u00e9cor et la communaut\u00e9 locale et en habitant, gr\u00e2ce \u00e0 sa restauration, le patrimoine historique et culturel de la ville.  Si les \u00e9difices sont les fondations de l&#039;\u00e2me de la ville, Lisbonne trouve dans les \u00e9difices ALMARIA l&#039;adresse de son \u00e2me.  Bien plus qu&#039;une simple reconstruction de b\u00e2timents, ALMARIA se propose d&#039;\u00e9couter leurs histoires et de les raconter dans chaque projet.  Avec ALMARIA \u2013 Edif\u00edcios com Hist\u00f3ria, vous pouvez vivre l&#039;histoire unique \u00e0 chacun de nos immeubles dans un espace accueillant et source d&#039;\u00e9motions et de moments inoubliables..\" \/>\n<meta property=\"og:url\" content=\"https:\/\/www.almaria.pt\/fr\/a-propos\/\" \/>\n<meta property=\"og:site_name\" content=\"Almaria\" \/>\n<meta property=\"article:publisher\" content=\"https:\/\/www.facebook.com\/almariaedificioscomhistoria\/\" \/>\n<meta property=\"article:modified_time\" content=\"2026-03-24T14:04:52+00:00\" \/>\n<meta property=\"og:image\" content=\"https:\/\/www.almaria.pt\/wp-content\/uploads\/sites\/58\/2026\/03\/river-view-3-bedrooms-ex-libris-apartments-chiado-almaria-2.jpg\" \/>\n\t<meta property=\"og:image:width\" content=\"2200\" \/>\n\t<meta property=\"og:image:height\" content=\"1466\" \/>\n\t<meta property=\"og:image:type\" content=\"image\/jpeg\" \/>\n<meta name=\"twitter:card\" content=\"summary_large_image\" \/>\n<meta name=\"twitter:label1\" content=\"Est. reading time\" \/>\n\t<meta name=\"twitter:data1\" content=\"1 minute\" \/>\n<script type=\"application\/ld+json\" class=\"yoast-schema-graph\">{\"@context\":\"https:\/\/schema.org\",\"@graph\":[{\"@type\":\"WebPage\",\"@id\":\"https:\/\/www.almaria.pt\/fr\/a-propos\/\",\"url\":\"https:\/\/www.almaria.pt\/fr\/a-propos\/\",\"name\":\"\u00c0 Propos &#8211; Almaria &#8211;\",\"isPartOf\":{\"@id\":\"https:\/\/www.almaria.pt\/fr\/#website\"},\"datePublished\":\"2026-02-24T15:57:08+00:00\",\"dateModified\":\"2026-03-24T14:04:52+00:00\",\"description\":\"Partez \u00e0 la d\u00e9couverte de Lisbonne \u00e0 partir d'une localisation privil\u00e9gi\u00e9e, dans l'un de ses quartiers les plus connus et embl\u00e9matiques. Avec des \u00e9difices id\u00e9alement situ\u00e9s au c\u0153ur de la ville, Almaria \u2013 Edif\u00edcios com Hist\u00f3ria [des \u00e9difices avec une histoire] offre un point de d\u00e9part parfait \u00e0 ceux qui souhaitent conna\u00eetre Lisbonne en en faisant partie, en interagissant avec son d\u00e9cor et la communaut\u00e9 locale et en habitant, gr\u00e2ce \u00e0 sa restauration, le patrimoine historique et culturel de la ville. Si les \u00e9difices sont les fondations de l'\u00e2me de la ville, Lisbonne trouve dans les \u00e9difices ALMARIA l'adresse de son \u00e2me. Bien plus qu'une simple reconstruction de b\u00e2timents, ALMARIA se propose d'\u00e9couter leurs histoires et de les raconter dans chaque projet. Avec ALMARIA \u2013 Edif\u00edcios com Hist\u00f3ria, vous pouvez vivre l'histoire unique \u00e0 chacun de nos immeubles dans un espace accueillant et source d'\u00e9motions et de moments inoubliables..\",\"breadcrumb\":{\"@id\":\"https:\/\/www.almaria.pt\/fr\/a-propos\/#breadcrumb\"},\"inLanguage\":\"fr-FR\",\"potentialAction\":[{\"@type\":\"ReadAction\",\"target\":[\"https:\/\/www.almaria.pt\/fr\/a-propos\/\"]}]},{\"@type\":\"BreadcrumbList\",\"@id\":\"https:\/\/www.almaria.pt\/fr\/a-propos\/#breadcrumb\",\"itemListElement\":[{\"@type\":\"ListItem\",\"position\":1,\"name\":\"Home\",\"item\":\"https:\/\/www.almaria.pt\/fr\/\"},{\"@type\":\"ListItem\",\"position\":2,\"name\":\"\u00c0 Propos\"}]},{\"@type\":\"WebSite\",\"@id\":\"https:\/\/www.almaria.pt\/fr\/#website\",\"url\":\"https:\/\/www.almaria.pt\/fr\/\",\"name\":\"Almaria - Edif\u00edcios com Hist\u00f3ria\",\"description\":\"\",\"publisher\":{\"@id\":\"https:\/\/www.almaria.pt\/fr\/#organization\"},\"alternateName\":\"Almaria - Edif\u00edcios com Hist\u00f3ria\",\"potentialAction\":[{\"@type\":\"SearchAction\",\"target\":{\"@type\":\"EntryPoint\",\"urlTemplate\":\"https:\/\/www.almaria.pt\/fr\/?s={search_term_string}\"},\"query-input\":{\"@type\":\"PropertyValueSpecification\",\"valueRequired\":true,\"valueName\":\"search_term_string\"}}],\"inLanguage\":\"fr-FR\"},{\"@type\":\"Organization\",\"@id\":\"https:\/\/www.almaria.pt\/fr\/#organization\",\"name\":\"Almaria - Edif\u00edcios com Hist\u00f3ria\",\"alternateName\":\"Almaria - Edif\u00edcios com Hist\u00f3ria\",\"url\":\"https:\/\/www.almaria.pt\/fr\/\",\"logo\":{\"@type\":\"ImageObject\",\"inLanguage\":\"fr-FR\",\"@id\":\"https:\/\/www.almaria.pt\/fr\/#\/schema\/logo\/image\/\",\"url\":\"https:\/\/www.almaria.pt\/wp-content\/uploads\/sites\/58\/2026\/03\/black-historic-luxury-apartments-lisbon-logo-Almaria-new.png\",\"contentUrl\":\"https:\/\/www.almaria.pt\/wp-content\/uploads\/sites\/58\/2026\/03\/black-historic-luxury-apartments-lisbon-logo-Almaria-new.png\",\"width\":230,\"height\":300,\"caption\":\"Almaria - Edif\u00edcios com Hist\u00f3ria\"},\"image\":{\"@id\":\"https:\/\/www.almaria.pt\/fr\/#\/schema\/logo\/image\/\"},\"sameAs\":[\"https:\/\/www.facebook.com\/almariaedificioscomhistoria\/\",\"https:\/\/www.instagram.com\/almaria_lisbon_apartments\/?hl=en\",\"https:\/\/www.linkedin.com\/company\/almaria-edif\u00edcios-com-hist\u00f3ria\/?viewAsMember=true\"]}]}<\/script>\n<!-- \/ Yoast SEO plugin. -->","yoast_head_json":{"title":"\u00c0 Propos &#8211; Almaria &#8211;","description":"Partez \u00e0 la d\u00e9couverte de Lisbonne \u00e0 partir d'une localisation privil\u00e9gi\u00e9e, dans l'un de ses quartiers les plus connus et embl\u00e9matiques.  Avec des \u00e9difices id\u00e9alement situ\u00e9s au c\u0153ur de la ville, Almaria \u2013 Edif\u00edcios com Hist\u00f3ria [des \u00e9difices avec une histoire] offre un point de d\u00e9part parfait \u00e0 ceux qui souhaitent conna\u00eetre Lisbonne en en faisant partie, en interagissant avec son d\u00e9cor et la communaut\u00e9 locale et en habitant, gr\u00e2ce \u00e0 sa restauration, le patrimoine historique et culturel de la ville.  Si les \u00e9difices sont les fondations de l'\u00e2me de la ville, Lisbonne trouve dans les \u00e9difices ALMARIA l'adresse de son \u00e2me.  Bien plus qu'une simple reconstruction de b\u00e2timents, ALMARIA se propose d'\u00e9couter leurs histoires et de les raconter dans chaque projet.  Avec ALMARIA \u2013 Edif\u00edcios com Hist\u00f3ria, vous pouvez vivre l'histoire unique \u00e0 chacun de nos immeubles dans un espace accueillant et source d'\u00e9motions et de moments inoubliables..","robots":{"index":"index","follow":"follow","max-snippet":"max-snippet:-1","max-image-preview":"max-image-preview:large","max-video-preview":"max-video-preview:-1"},"canonical":"https:\/\/www.almaria.pt\/fr\/a-propos\/","og_locale":"fr_FR","og_type":"article","og_title":"\u00c0 Propos &#8211; Almaria &#8211;","og_description":"Partez \u00e0 la d\u00e9couverte de Lisbonne \u00e0 partir d'une localisation privil\u00e9gi\u00e9e, dans l'un de ses quartiers les plus connus et embl\u00e9matiques.  Avec des \u00e9difices id\u00e9alement situ\u00e9s au c\u0153ur de la ville, Almaria \u2013 Edif\u00edcios com Hist\u00f3ria [des \u00e9difices avec une histoire] offre un point de d\u00e9part parfait \u00e0 ceux qui souhaitent conna\u00eetre Lisbonne en en faisant partie, en interagissant avec son d\u00e9cor et la communaut\u00e9 locale et en habitant, gr\u00e2ce \u00e0 sa restauration, le patrimoine historique et culturel de la ville.  Si les \u00e9difices sont les fondations de l'\u00e2me de la ville, Lisbonne trouve dans les \u00e9difices ALMARIA l'adresse de son \u00e2me.  Bien plus qu'une simple reconstruction de b\u00e2timents, ALMARIA se propose d'\u00e9couter leurs histoires et de les raconter dans chaque projet.  Avec ALMARIA \u2013 Edif\u00edcios com Hist\u00f3ria, vous pouvez vivre l'histoire unique \u00e0 chacun de nos immeubles dans un espace accueillant et source d'\u00e9motions et de moments inoubliables..","og_url":"https:\/\/www.almaria.pt\/fr\/a-propos\/","og_site_name":"Almaria","article_publisher":"https:\/\/www.facebook.com\/almariaedificioscomhistoria\/","article_modified_time":"2026-03-24T14:04:52+00:00","og_image":[{"width":2200,"height":1466,"url":"https:\/\/www.almaria.pt\/wp-content\/uploads\/sites\/58\/2026\/03\/river-view-3-bedrooms-ex-libris-apartments-chiado-almaria-2.jpg","type":"image\/jpeg"}],"twitter_card":"summary_large_image","twitter_misc":{"Est. reading time":"1 minute"},"schema":{"@context":"https:\/\/schema.org","@graph":[{"@type":"WebPage","@id":"https:\/\/www.almaria.pt\/fr\/a-propos\/","url":"https:\/\/www.almaria.pt\/fr\/a-propos\/","name":"\u00c0 Propos &#8211; Almaria &#8211;","isPartOf":{"@id":"https:\/\/www.almaria.pt\/fr\/#website"},"datePublished":"2026-02-24T15:57:08+00:00","dateModified":"2026-03-24T14:04:52+00:00","description":"Partez \u00e0 la d\u00e9couverte de Lisbonne \u00e0 partir d'une localisation privil\u00e9gi\u00e9e, dans l'un de ses quartiers les plus connus et embl\u00e9matiques. Avec des \u00e9difices id\u00e9alement situ\u00e9s au c\u0153ur de la ville, Almaria \u2013 Edif\u00edcios com Hist\u00f3ria [des \u00e9difices avec une histoire] offre un point de d\u00e9part parfait \u00e0 ceux qui souhaitent conna\u00eetre Lisbonne en en faisant partie, en interagissant avec son d\u00e9cor et la communaut\u00e9 locale et en habitant, gr\u00e2ce \u00e0 sa restauration, le patrimoine historique et culturel de la ville. Si les \u00e9difices sont les fondations de l'\u00e2me de la ville, Lisbonne trouve dans les \u00e9difices ALMARIA l'adresse de son \u00e2me. Bien plus qu'une simple reconstruction de b\u00e2timents, ALMARIA se propose d'\u00e9couter leurs histoires et de les raconter dans chaque projet. Avec ALMARIA \u2013 Edif\u00edcios com Hist\u00f3ria, vous pouvez vivre l'histoire unique \u00e0 chacun de nos immeubles dans un espace accueillant et source d'\u00e9motions et de moments inoubliables..","breadcrumb":{"@id":"https:\/\/www.almaria.pt\/fr\/a-propos\/#breadcrumb"},"inLanguage":"fr-FR","potentialAction":[{"@type":"ReadAction","target":["https:\/\/www.almaria.pt\/fr\/a-propos\/"]}]},{"@type":"BreadcrumbList","@id":"https:\/\/www.almaria.pt\/fr\/a-propos\/#breadcrumb","itemListElement":[{"@type":"ListItem","position":1,"name":"Home","item":"https:\/\/www.almaria.pt\/fr\/"},{"@type":"ListItem","position":2,"name":"\u00c0 Propos"}]},{"@type":"WebSite","@id":"https:\/\/www.almaria.pt\/fr\/#website","url":"https:\/\/www.almaria.pt\/fr\/","name":"Almaria - Edif\u00edcios com Hist\u00f3ria","description":"","publisher":{"@id":"https:\/\/www.almaria.pt\/fr\/#organization"},"alternateName":"Almaria - Edif\u00edcios com Hist\u00f3ria","potentialAction":[{"@type":"SearchAction","target":{"@type":"EntryPoint","urlTemplate":"https:\/\/www.almaria.pt\/fr\/?s={search_term_string}"},"query-input":{"@type":"PropertyValueSpecification","valueRequired":true,"valueName":"search_term_string"}}],"inLanguage":"fr-FR"},{"@type":"Organization","@id":"https:\/\/www.almaria.pt\/fr\/#organization","name":"Almaria - Edif\u00edcios com Hist\u00f3ria","alternateName":"Almaria - Edif\u00edcios com Hist\u00f3ria","url":"https:\/\/www.almaria.pt\/fr\/","logo":{"@type":"ImageObject","inLanguage":"fr-FR","@id":"https:\/\/www.almaria.pt\/fr\/#\/schema\/logo\/image\/","url":"https:\/\/www.almaria.pt\/wp-content\/uploads\/sites\/58\/2026\/03\/black-historic-luxury-apartments-lisbon-logo-Almaria-new.png","contentUrl":"https:\/\/www.almaria.pt\/wp-content\/uploads\/sites\/58\/2026\/03\/black-historic-luxury-apartments-lisbon-logo-Almaria-new.png","width":230,"height":300,"caption":"Almaria - Edif\u00edcios com Hist\u00f3ria"},"image":{"@id":"https:\/\/www.almaria.pt\/fr\/#\/schema\/logo\/image\/"},"sameAs":["https:\/\/www.facebook.com\/almariaedificioscomhistoria\/","https:\/\/www.instagram.com\/almaria_lisbon_apartments\/?hl=en","https:\/\/www.linkedin.com\/company\/almaria-edif\u00edcios-com-hist\u00f3ria\/?viewAsMember=true"]}]}},"acf":[],"_links":{"self":[{"href":"https:\/\/www.almaria.pt\/fr\/wp-json\/wp\/v2\/pages\/49","targetHints":{"allow":["GET"]}}],"collection":[{"href":"https:\/\/www.almaria.pt\/fr\/wp-json\/wp\/v2\/pages"}],"about":[{"href":"https:\/\/www.almaria.pt\/fr\/wp-json\/wp\/v2\/types\/page"}],"author":[{"embeddable":true,"href":"https:\/\/www.almaria.pt\/fr\/wp-json\/wp\/v2\/users\/8"}],"replies":[{"embeddable":true,"href":"https:\/\/www.almaria.pt\/fr\/wp-json\/wp\/v2\/comments?post=49"}],"version-history":[{"count":0,"href":"https:\/\/www.almaria.pt\/fr\/wp-json\/wp\/v2\/pages\/49\/revisions"}],"wp:attachment":[{"href":"https:\/\/www.almaria.pt\/fr\/wp-json\/wp\/v2\/media?parent=49"}],"curies":[{"name":"wp","href":"https:\/\/api.w.org\/{rel}","templated":true}]}}