{"id":66,"date":"2026-02-25T13:55:14","date_gmt":"2026-02-25T13:55:14","guid":{"rendered":"https:\/\/almaria.ms3.decms.eu\/location-and-contacts\/"},"modified":"2026-03-26T11:18:18","modified_gmt":"2026-03-26T11:18:18","slug":"localisation-et-contacts","status":"publish","type":"page","link":"https:\/\/www.almaria.pt\/fr\/localisation-et-contacts\/","title":{"rendered":"Contactez nous"},"content":{"rendered":"<p>Partez \u00e0 la d\u00e9couverte de Lisbonne \u00e0 partir d\u2019une localisation privil\u00e9gi\u00e9e, dans l\u2019un de ses quartiers les plus connus et embl\u00e9matiques.<\/p>\n<p><strong>Qu&rsquo;est-ce qui rend Lisbonne aussi sp\u00e9ciale et passionnante? <\/strong><\/p>\n<p>Valorisation de l&rsquo;histoire du patrimoine en le rendant \u00e0 la vie de la ville, hospitalit\u00e9 exceptionnelle, \u00e9motions et moments inoubliables, sont des valeurs de la marque et de ses unit\u00e9s dans le centre de Lisbonne.<\/p>\n","protected":false},"excerpt":{"rendered":"<p>Partez \u00e0 la d\u00e9couverte de Lisbonne \u00e0 partir d\u2019une localisation privil\u00e9gi\u00e9e, dans l\u2019un de ses quartiers les plus connus et embl\u00e9matiques. Qu&rsquo;est-ce qui rend Lisbonne aussi sp\u00e9ciale et passionnante? Valorisation de l&rsquo;histoire du patrimoine en le rendant \u00e0 la vie de la ville, hospitalit\u00e9 exceptionnelle, \u00e9motions et moments inoubliables, sont des valeurs de la marque [&hellip;]<\/p>\n","protected":false},"author":8,"featured_media":0,"parent":0,"menu_order":80,"comment_status":"closed","ping_status":"closed","template":"template-location.php","meta":{"footnotes":""},"class_list":["post-66","page","type-page","status-publish","hentry"],"yoast_head":"<!-- This site is optimized with the Yoast SEO plugin v26.9 - https:\/\/yoast.com\/product\/yoast-seo-wordpress\/ -->\n<title>Contactez nous &#8211; Almaria &#8211;<\/title>\n<meta name=\"description\" content=\"Partez \u00e0 la d\u00e9couverte de Lisbonne \u00e0 partir d\u2019une localisation privil\u00e9gi\u00e9e, dans l\u2019un de ses quartiers les plus connus et embl\u00e9matiques.  Qu&#039;est-ce qui rend Lisbonne aussi sp\u00e9ciale et passionnante?   Valorisation de l&#039;histoire du patrimoine en le rendant \u00e0 la vie de la ville, hospitalit\u00e9 exceptionnelle, \u00e9motions et moments inoubliables, sont des valeurs de la marque et de ses unit\u00e9s dans le centre de Lisbonne. .\" \/>\n<meta name=\"robots\" content=\"index, follow, max-snippet:-1, max-image-preview:large, max-video-preview:-1\" \/>\n<link rel=\"canonical\" href=\"https:\/\/www.almaria.pt\/fr\/localisation-et-contacts\/\" \/>\n<meta property=\"og:locale\" content=\"fr_FR\" \/>\n<meta property=\"og:type\" content=\"article\" \/>\n<meta property=\"og:title\" content=\"Contactez nous &#8211; Almaria &#8211;\" \/>\n<meta property=\"og:description\" content=\"Partez \u00e0 la d\u00e9couverte de Lisbonne \u00e0 partir d\u2019une localisation privil\u00e9gi\u00e9e, dans l\u2019un de ses quartiers les plus connus et embl\u00e9matiques.  Qu&#039;est-ce qui rend Lisbonne aussi sp\u00e9ciale et passionnante?   Valorisation de l&#039;histoire du patrimoine en le rendant \u00e0 la vie de la ville, hospitalit\u00e9 exceptionnelle, \u00e9motions et moments inoubliables, sont des valeurs de la marque et de ses unit\u00e9s dans le centre de Lisbonne. .\" \/>\n<meta property=\"og:url\" content=\"https:\/\/www.almaria.pt\/fr\/localisation-et-contacts\/\" \/>\n<meta property=\"og:site_name\" content=\"Almaria\" \/>\n<meta property=\"article:publisher\" content=\"https:\/\/www.facebook.com\/almariaedificioscomhistoria\/\" \/>\n<meta property=\"article:modified_time\" content=\"2026-03-26T11:18:18+00:00\" \/>\n<meta property=\"og:image\" content=\"https:\/\/www.almaria.pt\/wp-content\/uploads\/sites\/58\/2026\/03\/river-view-3-bedrooms-ex-libris-apartments-chiado-almaria-2.jpg\" \/>\n\t<meta property=\"og:image:width\" content=\"2200\" \/>\n\t<meta property=\"og:image:height\" content=\"1466\" \/>\n\t<meta property=\"og:image:type\" content=\"image\/jpeg\" \/>\n<meta name=\"twitter:card\" content=\"summary_large_image\" \/>\n<meta name=\"twitter:label1\" content=\"Est. reading time\" \/>\n\t<meta name=\"twitter:data1\" content=\"1 minute\" \/>\n<script type=\"application\/ld+json\" class=\"yoast-schema-graph\">{\"@context\":\"https:\/\/schema.org\",\"@graph\":[{\"@type\":\"WebPage\",\"@id\":\"https:\/\/www.almaria.pt\/fr\/localisation-et-contacts\/\",\"url\":\"https:\/\/www.almaria.pt\/fr\/localisation-et-contacts\/\",\"name\":\"Contactez nous &#8211; Almaria &#8211;\",\"isPartOf\":{\"@id\":\"https:\/\/www.almaria.pt\/fr\/#website\"},\"datePublished\":\"2026-02-25T13:55:14+00:00\",\"dateModified\":\"2026-03-26T11:18:18+00:00\",\"description\":\"Partez \u00e0 la d\u00e9couverte de Lisbonne \u00e0 partir d\u2019une localisation privil\u00e9gi\u00e9e, dans l\u2019un de ses quartiers les plus connus et embl\u00e9matiques. Qu'est-ce qui rend Lisbonne aussi sp\u00e9ciale et passionnante? Valorisation de l'histoire du patrimoine en le rendant \u00e0 la vie de la ville, hospitalit\u00e9 exceptionnelle, \u00e9motions et moments inoubliables, sont des valeurs de la marque et de ses unit\u00e9s dans le centre de Lisbonne. .\",\"breadcrumb\":{\"@id\":\"https:\/\/www.almaria.pt\/fr\/localisation-et-contacts\/#breadcrumb\"},\"inLanguage\":\"fr-FR\",\"potentialAction\":[{\"@type\":\"ReadAction\",\"target\":[\"https:\/\/www.almaria.pt\/fr\/localisation-et-contacts\/\"]}]},{\"@type\":\"BreadcrumbList\",\"@id\":\"https:\/\/www.almaria.pt\/fr\/localisation-et-contacts\/#breadcrumb\",\"itemListElement\":[{\"@type\":\"ListItem\",\"position\":1,\"name\":\"Home\",\"item\":\"https:\/\/www.almaria.pt\/fr\/\"},{\"@type\":\"ListItem\",\"position\":2,\"name\":\"Contactez nous\"}]},{\"@type\":\"WebSite\",\"@id\":\"https:\/\/www.almaria.pt\/fr\/#website\",\"url\":\"https:\/\/www.almaria.pt\/fr\/\",\"name\":\"Almaria - Edif\u00edcios com Hist\u00f3ria\",\"description\":\"\",\"publisher\":{\"@id\":\"https:\/\/www.almaria.pt\/fr\/#organization\"},\"alternateName\":\"Almaria - Edif\u00edcios com Hist\u00f3ria\",\"potentialAction\":[{\"@type\":\"SearchAction\",\"target\":{\"@type\":\"EntryPoint\",\"urlTemplate\":\"https:\/\/www.almaria.pt\/fr\/?s={search_term_string}\"},\"query-input\":{\"@type\":\"PropertyValueSpecification\",\"valueRequired\":true,\"valueName\":\"search_term_string\"}}],\"inLanguage\":\"fr-FR\"},{\"@type\":\"Organization\",\"@id\":\"https:\/\/www.almaria.pt\/fr\/#organization\",\"name\":\"Almaria - Edif\u00edcios com Hist\u00f3ria\",\"alternateName\":\"Almaria - Edif\u00edcios com Hist\u00f3ria\",\"url\":\"https:\/\/www.almaria.pt\/fr\/\",\"logo\":{\"@type\":\"ImageObject\",\"inLanguage\":\"fr-FR\",\"@id\":\"https:\/\/www.almaria.pt\/fr\/#\/schema\/logo\/image\/\",\"url\":\"https:\/\/www.almaria.pt\/wp-content\/uploads\/sites\/58\/2026\/03\/black-historic-luxury-apartments-lisbon-logo-Almaria-new.png\",\"contentUrl\":\"https:\/\/www.almaria.pt\/wp-content\/uploads\/sites\/58\/2026\/03\/black-historic-luxury-apartments-lisbon-logo-Almaria-new.png\",\"width\":230,\"height\":300,\"caption\":\"Almaria - Edif\u00edcios com Hist\u00f3ria\"},\"image\":{\"@id\":\"https:\/\/www.almaria.pt\/fr\/#\/schema\/logo\/image\/\"},\"sameAs\":[\"https:\/\/www.facebook.com\/almariaedificioscomhistoria\/\",\"https:\/\/www.instagram.com\/almaria_lisbon_apartments\/?hl=en\",\"https:\/\/www.linkedin.com\/company\/almaria-edif\u00edcios-com-hist\u00f3ria\/?viewAsMember=true\"]}]}<\/script>\n<!-- \/ Yoast SEO plugin. -->","yoast_head_json":{"title":"Contactez nous &#8211; Almaria &#8211;","description":"Partez \u00e0 la d\u00e9couverte de Lisbonne \u00e0 partir d\u2019une localisation privil\u00e9gi\u00e9e, dans l\u2019un de ses quartiers les plus connus et embl\u00e9matiques.  Qu'est-ce qui rend Lisbonne aussi sp\u00e9ciale et passionnante?   Valorisation de l'histoire du patrimoine en le rendant \u00e0 la vie de la ville, hospitalit\u00e9 exceptionnelle, \u00e9motions et moments inoubliables, sont des valeurs de la marque et de ses unit\u00e9s dans le centre de Lisbonne. .","robots":{"index":"index","follow":"follow","max-snippet":"max-snippet:-1","max-image-preview":"max-image-preview:large","max-video-preview":"max-video-preview:-1"},"canonical":"https:\/\/www.almaria.pt\/fr\/localisation-et-contacts\/","og_locale":"fr_FR","og_type":"article","og_title":"Contactez nous &#8211; Almaria &#8211;","og_description":"Partez \u00e0 la d\u00e9couverte de Lisbonne \u00e0 partir d\u2019une localisation privil\u00e9gi\u00e9e, dans l\u2019un de ses quartiers les plus connus et embl\u00e9matiques.  Qu'est-ce qui rend Lisbonne aussi sp\u00e9ciale et passionnante?   Valorisation de l'histoire du patrimoine en le rendant \u00e0 la vie de la ville, hospitalit\u00e9 exceptionnelle, \u00e9motions et moments inoubliables, sont des valeurs de la marque et de ses unit\u00e9s dans le centre de Lisbonne. .","og_url":"https:\/\/www.almaria.pt\/fr\/localisation-et-contacts\/","og_site_name":"Almaria","article_publisher":"https:\/\/www.facebook.com\/almariaedificioscomhistoria\/","article_modified_time":"2026-03-26T11:18:18+00:00","og_image":[{"width":2200,"height":1466,"url":"https:\/\/www.almaria.pt\/wp-content\/uploads\/sites\/58\/2026\/03\/river-view-3-bedrooms-ex-libris-apartments-chiado-almaria-2.jpg","type":"image\/jpeg"}],"twitter_card":"summary_large_image","twitter_misc":{"Est. reading time":"1 minute"},"schema":{"@context":"https:\/\/schema.org","@graph":[{"@type":"WebPage","@id":"https:\/\/www.almaria.pt\/fr\/localisation-et-contacts\/","url":"https:\/\/www.almaria.pt\/fr\/localisation-et-contacts\/","name":"Contactez nous &#8211; Almaria &#8211;","isPartOf":{"@id":"https:\/\/www.almaria.pt\/fr\/#website"},"datePublished":"2026-02-25T13:55:14+00:00","dateModified":"2026-03-26T11:18:18+00:00","description":"Partez \u00e0 la d\u00e9couverte de Lisbonne \u00e0 partir d\u2019une localisation privil\u00e9gi\u00e9e, dans l\u2019un de ses quartiers les plus connus et embl\u00e9matiques. Qu'est-ce qui rend Lisbonne aussi sp\u00e9ciale et passionnante? Valorisation de l'histoire du patrimoine en le rendant \u00e0 la vie de la ville, hospitalit\u00e9 exceptionnelle, \u00e9motions et moments inoubliables, sont des valeurs de la marque et de ses unit\u00e9s dans le centre de Lisbonne. .","breadcrumb":{"@id":"https:\/\/www.almaria.pt\/fr\/localisation-et-contacts\/#breadcrumb"},"inLanguage":"fr-FR","potentialAction":[{"@type":"ReadAction","target":["https:\/\/www.almaria.pt\/fr\/localisation-et-contacts\/"]}]},{"@type":"BreadcrumbList","@id":"https:\/\/www.almaria.pt\/fr\/localisation-et-contacts\/#breadcrumb","itemListElement":[{"@type":"ListItem","position":1,"name":"Home","item":"https:\/\/www.almaria.pt\/fr\/"},{"@type":"ListItem","position":2,"name":"Contactez nous"}]},{"@type":"WebSite","@id":"https:\/\/www.almaria.pt\/fr\/#website","url":"https:\/\/www.almaria.pt\/fr\/","name":"Almaria - Edif\u00edcios com Hist\u00f3ria","description":"","publisher":{"@id":"https:\/\/www.almaria.pt\/fr\/#organization"},"alternateName":"Almaria - Edif\u00edcios com Hist\u00f3ria","potentialAction":[{"@type":"SearchAction","target":{"@type":"EntryPoint","urlTemplate":"https:\/\/www.almaria.pt\/fr\/?s={search_term_string}"},"query-input":{"@type":"PropertyValueSpecification","valueRequired":true,"valueName":"search_term_string"}}],"inLanguage":"fr-FR"},{"@type":"Organization","@id":"https:\/\/www.almaria.pt\/fr\/#organization","name":"Almaria - Edif\u00edcios com Hist\u00f3ria","alternateName":"Almaria - Edif\u00edcios com Hist\u00f3ria","url":"https:\/\/www.almaria.pt\/fr\/","logo":{"@type":"ImageObject","inLanguage":"fr-FR","@id":"https:\/\/www.almaria.pt\/fr\/#\/schema\/logo\/image\/","url":"https:\/\/www.almaria.pt\/wp-content\/uploads\/sites\/58\/2026\/03\/black-historic-luxury-apartments-lisbon-logo-Almaria-new.png","contentUrl":"https:\/\/www.almaria.pt\/wp-content\/uploads\/sites\/58\/2026\/03\/black-historic-luxury-apartments-lisbon-logo-Almaria-new.png","width":230,"height":300,"caption":"Almaria - Edif\u00edcios com Hist\u00f3ria"},"image":{"@id":"https:\/\/www.almaria.pt\/fr\/#\/schema\/logo\/image\/"},"sameAs":["https:\/\/www.facebook.com\/almariaedificioscomhistoria\/","https:\/\/www.instagram.com\/almaria_lisbon_apartments\/?hl=en","https:\/\/www.linkedin.com\/company\/almaria-edif\u00edcios-com-hist\u00f3ria\/?viewAsMember=true"]}]}},"acf":[],"_links":{"self":[{"href":"https:\/\/www.almaria.pt\/fr\/wp-json\/wp\/v2\/pages\/66","targetHints":{"allow":["GET"]}}],"collection":[{"href":"https:\/\/www.almaria.pt\/fr\/wp-json\/wp\/v2\/pages"}],"about":[{"href":"https:\/\/www.almaria.pt\/fr\/wp-json\/wp\/v2\/types\/page"}],"author":[{"embeddable":true,"href":"https:\/\/www.almaria.pt\/fr\/wp-json\/wp\/v2\/users\/8"}],"replies":[{"embeddable":true,"href":"https:\/\/www.almaria.pt\/fr\/wp-json\/wp\/v2\/comments?post=66"}],"version-history":[{"count":0,"href":"https:\/\/www.almaria.pt\/fr\/wp-json\/wp\/v2\/pages\/66\/revisions"}],"wp:attachment":[{"href":"https:\/\/www.almaria.pt\/fr\/wp-json\/wp\/v2\/media?parent=66"}],"curies":[{"name":"wp","href":"https:\/\/api.w.org\/{rel}","templated":true}]}}