{"id":86,"date":"2026-02-25T16:24:28","date_gmt":"2026-02-25T16:24:28","guid":{"rendered":"https:\/\/almaria.ms3.decms.eu\/?page_id=86"},"modified":"2026-03-30T09:42:53","modified_gmt":"2026-03-30T09:42:53","slug":"conditions-generales","status":"publish","type":"page","link":"https:\/\/www.almaria.pt\/fr\/conditions-generales\/","title":{"rendered":"Conditions g\u00e9n\u00e9rales"},"content":{"rendered":"<p><strong>Les horaires de la r\u00e9ception sont limit\u00e9s, de 9h \u00e0 18h.<\/strong><\/p>\n<p><strong>Il est important de pr\u00e9venir l&rsquo;\u00e9tablissement \u00e0 l&rsquo;avance de votre heure d&rsquo;arriv\u00e9e par e-mail \u00e0 reservations@almaria.pt ou par WhatsApp au  +351 912 848 555.<\/strong><br \/>\nSi vous arrivez apr\u00e8s 18h, pas d&rsquo;inqui\u00e9tude !<br \/>\nBien que la r\u00e9ception soit d\u00e9j\u00e0 ferm\u00e9e, vous pouvez contacter notre concierge pour organiser votre enregistrement.<\/p>\n<p>&nbsp;<\/p>\n<p><strong>D\u00e9part tardif :<\/strong><br \/>\nLe d\u00e9part doit \u00eatre effectu\u00e9 avant midi.<br \/>\nSi vous avez besoin de plus de temps, vous pouvez prolonger votre d\u00e9part jusqu&rsquo;\u00e0 14h sans frais suppl\u00e9mentaires.<br \/>\nV\u00e9rifiez les disponibilit\u00e9s aupr\u00e8s de notre concierge.<\/p>\n<p>D\u00e9part \u00e0 partir de 14h00 \u2013 co\u00fbt \u00e9quivalent \u00e0 1 nuit\/jour d&rsquo;h\u00e9bergement.<\/p>\n<p>La taxe de s\u00e9jour municipale de Lisbonne s&rsquo;\u00e9l\u00e8ve \u00e0 4 \u20ac par personne et par nuit. Elle s&rsquo;applique \u00e0 tous les clients de plus de 13 ans s\u00e9journant jusqu&rsquo;\u00e0 7 nuits cons\u00e9cutives.<br \/>\nSon paiement sera exig\u00e9 \u00e0 l&rsquo;arriv\u00e9e et n&rsquo;est pas inclus dans le montant de la r\u00e9servation.<\/p>\n<p>&nbsp;<\/p>\n<p><strong>R\u00e8gles communes et importantes \u00e0 Almaria<\/strong> :<br \/>\nChez Almaria, nous respectons le sentiment de confort, de s\u00e9curit\u00e9 et de tranquillit\u00e9 que nous offrons \u00e0 nos h\u00f4tes, pour cette raison :<\/p>\n<p>Nous demandons le silence entre 20h00 et 8h00 ;<br \/>\nIl est interdit de fumer dans les appartements et les espaces publics. Des sanctions peuvent s&rsquo;appliquer.<br \/>\nNous n&rsquo;autorisons pas les personnes de moins de 18 ans \u00e0 s\u00e9journer seules dans nos h\u00e9bergements ;<br \/>\nIl n&rsquo;est pas permis aux clients de sortir des objets du logement pour leur usage personnel (serviettes de bain\/de cuisine, verres, couverts, etc.) ;<br \/>\nNous n&rsquo;avons pas de parking dans aucun des b\u00e2timents d&rsquo;Almaria ;<br \/>\nLes appartements occup\u00e9s sont nettoy\u00e9s quotidiennement jusqu&rsquo;\u00e0 17h00 ;<br \/>\nSi le nombre de personnes d\u00e9passe celui indiqu\u00e9 dans la r\u00e9servation, des frais suppl\u00e9mentaires peuvent s&rsquo;appliquer, variant selon l&rsquo;\u00e2ge (enfant ou adulte).<\/p>\n<p>&nbsp;<\/p>\n<p><strong>Veuillez noter que nous n&rsquo;acceptons pas les enterrements de vie de jeune fille\/gar\u00e7on susceptibles d&rsquo;affecter nos invit\u00e9s.<\/strong><br \/>\nSi tel est le but de votre groupe, veuillez ne pas r\u00e9server d&rsquo;h\u00e9bergement \u00e0 Almaria, car cela ne sera pas autoris\u00e9.<\/p>\n<p>Heure d&rsquo;arriv\u00e9e 3:00 PM<br \/>\nHeure de d\u00e9part 12:00 PM<br \/>\n\u00c2ge des enfants 12<br \/>\nAnimaux familiers ne pas permis<\/p>\n","protected":false},"excerpt":{"rendered":"<p>Les horaires de la r\u00e9ception sont limit\u00e9s, de 9h \u00e0 18h. Il est important de pr\u00e9venir l&rsquo;\u00e9tablissement \u00e0 l&rsquo;avance de votre heure d&rsquo;arriv\u00e9e par e-mail \u00e0 reservations@almaria.pt ou par WhatsApp au +351 912 848 555. Si vous arrivez apr\u00e8s 18h, pas d&rsquo;inqui\u00e9tude ! Bien que la r\u00e9ception soit d\u00e9j\u00e0 ferm\u00e9e, vous pouvez contacter notre concierge [&hellip;]<\/p>\n","protected":false},"author":8,"featured_media":0,"parent":0,"menu_order":889,"comment_status":"closed","ping_status":"closed","template":"","meta":{"footnotes":""},"class_list":["post-86","page","type-page","status-publish","hentry"],"yoast_head":"<!-- This site is optimized with the Yoast SEO plugin v26.9 - https:\/\/yoast.com\/product\/yoast-seo-wordpress\/ -->\n<title>Conditions g\u00e9n\u00e9rales &#8211; Almaria &#8211;<\/title>\n<meta name=\"description\" content=\"Les horaires de la r\u00e9ception sont limit\u00e9s, de 9h \u00e0 18h.  Il est important de pr\u00e9venir l&#039;\u00e9tablissement \u00e0 l&#039;avance de votre heure d&#039;arriv\u00e9e par e-mail \u00e0 reservations@almaria.pt ou par WhatsApp au +351 912 848 555. Si vous arrivez apr\u00e8s 18h, pas d&#039;inqui\u00e9tude ! Bien que la r\u00e9ception soit d\u00e9j\u00e0 ferm\u00e9e, vous pouvez contacter notre concierge pour organiser votre enregistrement.  &nbsp;  D\u00e9part tardif : Le d\u00e9part doit \u00eatre effectu\u00e9 avant midi. Si vous avez besoin de plus de temps, vous pouvez prolonger votre d\u00e9part jusqu&#039;\u00e0 14h sans frais suppl\u00e9mentaires. V\u00e9rifiez les disponibilit\u00e9s aupr\u00e8s de notre concierge.  D\u00e9part \u00e0 partir de 14h00 \u2013 co\u00fbt \u00e9quivalent \u00e0 1 nuit\/jour d&#039;h\u00e9bergement.  La taxe de s\u00e9jour municipale de Lisbonne s&#039;\u00e9l\u00e8ve \u00e0 4 \u20ac par personne et par nuit. Elle s&#039;applique \u00e0 tous les clients de plus de 13 ans s\u00e9journant jusqu&#039;\u00e0 7 nuits cons\u00e9cutives. Son paiement sera exig\u00e9 \u00e0 l&#039;arriv\u00e9e et n&#039;est pas inclus dans le montant de la r\u00e9servation.  &nbsp;  R\u00e8gles communes et importantes \u00e0 Almaria : Chez Almaria, nous respectons le sentiment de confort, de s\u00e9curit\u00e9 et de tranquillit\u00e9 que nous offrons \u00e0 nos h\u00f4tes, pour cette raison :  Nous demandons le silence entre 20h00 et 8h00 ; Il est interdit de fumer dans les appartements et les espaces publics\" \/>\n<meta name=\"robots\" content=\"index, follow, max-snippet:-1, max-image-preview:large, max-video-preview:-1\" \/>\n<link rel=\"canonical\" href=\"https:\/\/www.almaria.pt\/fr\/conditions-generales\/\" \/>\n<meta property=\"og:locale\" content=\"fr_FR\" \/>\n<meta property=\"og:type\" content=\"article\" \/>\n<meta property=\"og:title\" content=\"Conditions g\u00e9n\u00e9rales &#8211; Almaria &#8211;\" \/>\n<meta property=\"og:description\" content=\"Les horaires de la r\u00e9ception sont limit\u00e9s, de 9h \u00e0 18h.  Il est important de pr\u00e9venir l&#039;\u00e9tablissement \u00e0 l&#039;avance de votre heure d&#039;arriv\u00e9e par e-mail \u00e0 reservations@almaria.pt ou par WhatsApp au +351 912 848 555. Si vous arrivez apr\u00e8s 18h, pas d&#039;inqui\u00e9tude ! Bien que la r\u00e9ception soit d\u00e9j\u00e0 ferm\u00e9e, vous pouvez contacter notre concierge pour organiser votre enregistrement.  &nbsp;  D\u00e9part tardif : Le d\u00e9part doit \u00eatre effectu\u00e9 avant midi. Si vous avez besoin de plus de temps, vous pouvez prolonger votre d\u00e9part jusqu&#039;\u00e0 14h sans frais suppl\u00e9mentaires. V\u00e9rifiez les disponibilit\u00e9s aupr\u00e8s de notre concierge.  D\u00e9part \u00e0 partir de 14h00 \u2013 co\u00fbt \u00e9quivalent \u00e0 1 nuit\/jour d&#039;h\u00e9bergement.  La taxe de s\u00e9jour municipale de Lisbonne s&#039;\u00e9l\u00e8ve \u00e0 4 \u20ac par personne et par nuit. Elle s&#039;applique \u00e0 tous les clients de plus de 13 ans s\u00e9journant jusqu&#039;\u00e0 7 nuits cons\u00e9cutives. Son paiement sera exig\u00e9 \u00e0 l&#039;arriv\u00e9e et n&#039;est pas inclus dans le montant de la r\u00e9servation.  &nbsp;  R\u00e8gles communes et importantes \u00e0 Almaria : Chez Almaria, nous respectons le sentiment de confort, de s\u00e9curit\u00e9 et de tranquillit\u00e9 que nous offrons \u00e0 nos h\u00f4tes, pour cette raison :  Nous demandons le silence entre 20h00 et 8h00 ; Il est interdit de fumer dans les appartements et les espaces publics\" \/>\n<meta property=\"og:url\" content=\"https:\/\/www.almaria.pt\/fr\/conditions-generales\/\" \/>\n<meta property=\"og:site_name\" content=\"Almaria\" \/>\n<meta property=\"article:publisher\" content=\"https:\/\/www.facebook.com\/almariaedificioscomhistoria\/\" \/>\n<meta property=\"article:modified_time\" content=\"2026-03-30T09:42:53+00:00\" \/>\n<meta property=\"og:image\" content=\"https:\/\/www.almaria.pt\/wp-content\/uploads\/sites\/58\/2026\/03\/river-view-3-bedrooms-ex-libris-apartments-chiado-almaria-2.jpg\" \/>\n\t<meta property=\"og:image:width\" content=\"2200\" \/>\n\t<meta property=\"og:image:height\" content=\"1466\" \/>\n\t<meta property=\"og:image:type\" content=\"image\/jpeg\" \/>\n<meta name=\"twitter:card\" content=\"summary_large_image\" \/>\n<meta name=\"twitter:label1\" content=\"Est. reading time\" \/>\n\t<meta name=\"twitter:data1\" content=\"2 minutes\" \/>\n<script type=\"application\/ld+json\" class=\"yoast-schema-graph\">{\"@context\":\"https:\/\/schema.org\",\"@graph\":[{\"@type\":\"WebPage\",\"@id\":\"https:\/\/www.almaria.pt\/fr\/conditions-generales\/\",\"url\":\"https:\/\/www.almaria.pt\/fr\/conditions-generales\/\",\"name\":\"Conditions g\u00e9n\u00e9rales &#8211; Almaria &#8211;\",\"isPartOf\":{\"@id\":\"https:\/\/www.almaria.pt\/fr\/#website\"},\"datePublished\":\"2026-02-25T16:24:28+00:00\",\"dateModified\":\"2026-03-30T09:42:53+00:00\",\"description\":\"Les horaires de la r\u00e9ception sont limit\u00e9s, de 9h \u00e0 18h. Il est important de pr\u00e9venir l'\u00e9tablissement \u00e0 l'avance de votre heure d'arriv\u00e9e par e-mail \u00e0 reservations@almaria.pt ou par WhatsApp au +351 912 848 555. Si vous arrivez apr\u00e8s 18h, pas d'inqui\u00e9tude ! Bien que la r\u00e9ception soit d\u00e9j\u00e0 ferm\u00e9e, vous pouvez contacter notre concierge pour organiser votre enregistrement. &nbsp; D\u00e9part tardif : Le d\u00e9part doit \u00eatre effectu\u00e9 avant midi. Si vous avez besoin de plus de temps, vous pouvez prolonger votre d\u00e9part jusqu'\u00e0 14h sans frais suppl\u00e9mentaires. V\u00e9rifiez les disponibilit\u00e9s aupr\u00e8s de notre concierge. D\u00e9part \u00e0 partir de 14h00 \u2013 co\u00fbt \u00e9quivalent \u00e0 1 nuit\/jour d'h\u00e9bergement. La taxe de s\u00e9jour municipale de Lisbonne s'\u00e9l\u00e8ve \u00e0 4 \u20ac par personne et par nuit. Elle s'applique \u00e0 tous les clients de plus de 13 ans s\u00e9journant jusqu'\u00e0 7 nuits cons\u00e9cutives. Son paiement sera exig\u00e9 \u00e0 l'arriv\u00e9e et n'est pas inclus dans le montant de la r\u00e9servation. &nbsp; R\u00e8gles communes et importantes \u00e0 Almaria : Chez Almaria, nous respectons le sentiment de confort, de s\u00e9curit\u00e9 et de tranquillit\u00e9 que nous offrons \u00e0 nos h\u00f4tes, pour cette raison : Nous demandons le silence entre 20h00 et 8h00 ; Il est interdit de fumer dans les appartements et les espaces publics\",\"breadcrumb\":{\"@id\":\"https:\/\/www.almaria.pt\/fr\/conditions-generales\/#breadcrumb\"},\"inLanguage\":\"fr-FR\",\"potentialAction\":[{\"@type\":\"ReadAction\",\"target\":[\"https:\/\/www.almaria.pt\/fr\/conditions-generales\/\"]}]},{\"@type\":\"BreadcrumbList\",\"@id\":\"https:\/\/www.almaria.pt\/fr\/conditions-generales\/#breadcrumb\",\"itemListElement\":[{\"@type\":\"ListItem\",\"position\":1,\"name\":\"Home\",\"item\":\"https:\/\/www.almaria.pt\/fr\/\"},{\"@type\":\"ListItem\",\"position\":2,\"name\":\"Conditions g\u00e9n\u00e9rales\"}]},{\"@type\":\"WebSite\",\"@id\":\"https:\/\/www.almaria.pt\/fr\/#website\",\"url\":\"https:\/\/www.almaria.pt\/fr\/\",\"name\":\"Almaria - Edif\u00edcios com Hist\u00f3ria\",\"description\":\"\",\"publisher\":{\"@id\":\"https:\/\/www.almaria.pt\/fr\/#organization\"},\"alternateName\":\"Almaria - Edif\u00edcios com Hist\u00f3ria\",\"potentialAction\":[{\"@type\":\"SearchAction\",\"target\":{\"@type\":\"EntryPoint\",\"urlTemplate\":\"https:\/\/www.almaria.pt\/fr\/?s={search_term_string}\"},\"query-input\":{\"@type\":\"PropertyValueSpecification\",\"valueRequired\":true,\"valueName\":\"search_term_string\"}}],\"inLanguage\":\"fr-FR\"},{\"@type\":\"Organization\",\"@id\":\"https:\/\/www.almaria.pt\/fr\/#organization\",\"name\":\"Almaria - Edif\u00edcios com Hist\u00f3ria\",\"alternateName\":\"Almaria - Edif\u00edcios com Hist\u00f3ria\",\"url\":\"https:\/\/www.almaria.pt\/fr\/\",\"logo\":{\"@type\":\"ImageObject\",\"inLanguage\":\"fr-FR\",\"@id\":\"https:\/\/www.almaria.pt\/fr\/#\/schema\/logo\/image\/\",\"url\":\"https:\/\/www.almaria.pt\/wp-content\/uploads\/sites\/58\/2026\/03\/black-historic-luxury-apartments-lisbon-logo-Almaria-new.png\",\"contentUrl\":\"https:\/\/www.almaria.pt\/wp-content\/uploads\/sites\/58\/2026\/03\/black-historic-luxury-apartments-lisbon-logo-Almaria-new.png\",\"width\":230,\"height\":300,\"caption\":\"Almaria - Edif\u00edcios com Hist\u00f3ria\"},\"image\":{\"@id\":\"https:\/\/www.almaria.pt\/fr\/#\/schema\/logo\/image\/\"},\"sameAs\":[\"https:\/\/www.facebook.com\/almariaedificioscomhistoria\/\",\"https:\/\/www.instagram.com\/almaria_lisbon_apartments\/?hl=en\",\"https:\/\/www.linkedin.com\/company\/almaria-edif\u00edcios-com-hist\u00f3ria\/?viewAsMember=true\"]}]}<\/script>\n<!-- \/ Yoast SEO plugin. -->","yoast_head_json":{"title":"Conditions g\u00e9n\u00e9rales &#8211; Almaria &#8211;","description":"Les horaires de la r\u00e9ception sont limit\u00e9s, de 9h \u00e0 18h.  Il est important de pr\u00e9venir l'\u00e9tablissement \u00e0 l'avance de votre heure d'arriv\u00e9e par e-mail \u00e0 reservations@almaria.pt ou par WhatsApp au +351 912 848 555. Si vous arrivez apr\u00e8s 18h, pas d'inqui\u00e9tude ! Bien que la r\u00e9ception soit d\u00e9j\u00e0 ferm\u00e9e, vous pouvez contacter notre concierge pour organiser votre enregistrement.  &nbsp;  D\u00e9part tardif : Le d\u00e9part doit \u00eatre effectu\u00e9 avant midi. Si vous avez besoin de plus de temps, vous pouvez prolonger votre d\u00e9part jusqu'\u00e0 14h sans frais suppl\u00e9mentaires. V\u00e9rifiez les disponibilit\u00e9s aupr\u00e8s de notre concierge.  D\u00e9part \u00e0 partir de 14h00 \u2013 co\u00fbt \u00e9quivalent \u00e0 1 nuit\/jour d'h\u00e9bergement.  La taxe de s\u00e9jour municipale de Lisbonne s'\u00e9l\u00e8ve \u00e0 4 \u20ac par personne et par nuit. Elle s'applique \u00e0 tous les clients de plus de 13 ans s\u00e9journant jusqu'\u00e0 7 nuits cons\u00e9cutives. Son paiement sera exig\u00e9 \u00e0 l'arriv\u00e9e et n'est pas inclus dans le montant de la r\u00e9servation.  &nbsp;  R\u00e8gles communes et importantes \u00e0 Almaria : Chez Almaria, nous respectons le sentiment de confort, de s\u00e9curit\u00e9 et de tranquillit\u00e9 que nous offrons \u00e0 nos h\u00f4tes, pour cette raison :  Nous demandons le silence entre 20h00 et 8h00 ; Il est interdit de fumer dans les appartements et les espaces publics","robots":{"index":"index","follow":"follow","max-snippet":"max-snippet:-1","max-image-preview":"max-image-preview:large","max-video-preview":"max-video-preview:-1"},"canonical":"https:\/\/www.almaria.pt\/fr\/conditions-generales\/","og_locale":"fr_FR","og_type":"article","og_title":"Conditions g\u00e9n\u00e9rales &#8211; Almaria &#8211;","og_description":"Les horaires de la r\u00e9ception sont limit\u00e9s, de 9h \u00e0 18h.  Il est important de pr\u00e9venir l'\u00e9tablissement \u00e0 l'avance de votre heure d'arriv\u00e9e par e-mail \u00e0 reservations@almaria.pt ou par WhatsApp au +351 912 848 555. Si vous arrivez apr\u00e8s 18h, pas d'inqui\u00e9tude ! Bien que la r\u00e9ception soit d\u00e9j\u00e0 ferm\u00e9e, vous pouvez contacter notre concierge pour organiser votre enregistrement.  &nbsp;  D\u00e9part tardif : Le d\u00e9part doit \u00eatre effectu\u00e9 avant midi. Si vous avez besoin de plus de temps, vous pouvez prolonger votre d\u00e9part jusqu'\u00e0 14h sans frais suppl\u00e9mentaires. V\u00e9rifiez les disponibilit\u00e9s aupr\u00e8s de notre concierge.  D\u00e9part \u00e0 partir de 14h00 \u2013 co\u00fbt \u00e9quivalent \u00e0 1 nuit\/jour d'h\u00e9bergement.  La taxe de s\u00e9jour municipale de Lisbonne s'\u00e9l\u00e8ve \u00e0 4 \u20ac par personne et par nuit. Elle s'applique \u00e0 tous les clients de plus de 13 ans s\u00e9journant jusqu'\u00e0 7 nuits cons\u00e9cutives. Son paiement sera exig\u00e9 \u00e0 l'arriv\u00e9e et n'est pas inclus dans le montant de la r\u00e9servation.  &nbsp;  R\u00e8gles communes et importantes \u00e0 Almaria : Chez Almaria, nous respectons le sentiment de confort, de s\u00e9curit\u00e9 et de tranquillit\u00e9 que nous offrons \u00e0 nos h\u00f4tes, pour cette raison :  Nous demandons le silence entre 20h00 et 8h00 ; Il est interdit de fumer dans les appartements et les espaces publics","og_url":"https:\/\/www.almaria.pt\/fr\/conditions-generales\/","og_site_name":"Almaria","article_publisher":"https:\/\/www.facebook.com\/almariaedificioscomhistoria\/","article_modified_time":"2026-03-30T09:42:53+00:00","og_image":[{"width":2200,"height":1466,"url":"https:\/\/www.almaria.pt\/wp-content\/uploads\/sites\/58\/2026\/03\/river-view-3-bedrooms-ex-libris-apartments-chiado-almaria-2.jpg","type":"image\/jpeg"}],"twitter_card":"summary_large_image","twitter_misc":{"Est. reading time":"2 minutes"},"schema":{"@context":"https:\/\/schema.org","@graph":[{"@type":"WebPage","@id":"https:\/\/www.almaria.pt\/fr\/conditions-generales\/","url":"https:\/\/www.almaria.pt\/fr\/conditions-generales\/","name":"Conditions g\u00e9n\u00e9rales &#8211; Almaria &#8211;","isPartOf":{"@id":"https:\/\/www.almaria.pt\/fr\/#website"},"datePublished":"2026-02-25T16:24:28+00:00","dateModified":"2026-03-30T09:42:53+00:00","description":"Les horaires de la r\u00e9ception sont limit\u00e9s, de 9h \u00e0 18h. Il est important de pr\u00e9venir l'\u00e9tablissement \u00e0 l'avance de votre heure d'arriv\u00e9e par e-mail \u00e0 reservations@almaria.pt ou par WhatsApp au +351 912 848 555. Si vous arrivez apr\u00e8s 18h, pas d'inqui\u00e9tude ! Bien que la r\u00e9ception soit d\u00e9j\u00e0 ferm\u00e9e, vous pouvez contacter notre concierge pour organiser votre enregistrement. &nbsp; D\u00e9part tardif : Le d\u00e9part doit \u00eatre effectu\u00e9 avant midi. Si vous avez besoin de plus de temps, vous pouvez prolonger votre d\u00e9part jusqu'\u00e0 14h sans frais suppl\u00e9mentaires. V\u00e9rifiez les disponibilit\u00e9s aupr\u00e8s de notre concierge. D\u00e9part \u00e0 partir de 14h00 \u2013 co\u00fbt \u00e9quivalent \u00e0 1 nuit\/jour d'h\u00e9bergement. La taxe de s\u00e9jour municipale de Lisbonne s'\u00e9l\u00e8ve \u00e0 4 \u20ac par personne et par nuit. Elle s'applique \u00e0 tous les clients de plus de 13 ans s\u00e9journant jusqu'\u00e0 7 nuits cons\u00e9cutives. Son paiement sera exig\u00e9 \u00e0 l'arriv\u00e9e et n'est pas inclus dans le montant de la r\u00e9servation. &nbsp; R\u00e8gles communes et importantes \u00e0 Almaria : Chez Almaria, nous respectons le sentiment de confort, de s\u00e9curit\u00e9 et de tranquillit\u00e9 que nous offrons \u00e0 nos h\u00f4tes, pour cette raison : Nous demandons le silence entre 20h00 et 8h00 ; Il est interdit de fumer dans les appartements et les espaces publics","breadcrumb":{"@id":"https:\/\/www.almaria.pt\/fr\/conditions-generales\/#breadcrumb"},"inLanguage":"fr-FR","potentialAction":[{"@type":"ReadAction","target":["https:\/\/www.almaria.pt\/fr\/conditions-generales\/"]}]},{"@type":"BreadcrumbList","@id":"https:\/\/www.almaria.pt\/fr\/conditions-generales\/#breadcrumb","itemListElement":[{"@type":"ListItem","position":1,"name":"Home","item":"https:\/\/www.almaria.pt\/fr\/"},{"@type":"ListItem","position":2,"name":"Conditions g\u00e9n\u00e9rales"}]},{"@type":"WebSite","@id":"https:\/\/www.almaria.pt\/fr\/#website","url":"https:\/\/www.almaria.pt\/fr\/","name":"Almaria - Edif\u00edcios com Hist\u00f3ria","description":"","publisher":{"@id":"https:\/\/www.almaria.pt\/fr\/#organization"},"alternateName":"Almaria - Edif\u00edcios com Hist\u00f3ria","potentialAction":[{"@type":"SearchAction","target":{"@type":"EntryPoint","urlTemplate":"https:\/\/www.almaria.pt\/fr\/?s={search_term_string}"},"query-input":{"@type":"PropertyValueSpecification","valueRequired":true,"valueName":"search_term_string"}}],"inLanguage":"fr-FR"},{"@type":"Organization","@id":"https:\/\/www.almaria.pt\/fr\/#organization","name":"Almaria - Edif\u00edcios com Hist\u00f3ria","alternateName":"Almaria - Edif\u00edcios com Hist\u00f3ria","url":"https:\/\/www.almaria.pt\/fr\/","logo":{"@type":"ImageObject","inLanguage":"fr-FR","@id":"https:\/\/www.almaria.pt\/fr\/#\/schema\/logo\/image\/","url":"https:\/\/www.almaria.pt\/wp-content\/uploads\/sites\/58\/2026\/03\/black-historic-luxury-apartments-lisbon-logo-Almaria-new.png","contentUrl":"https:\/\/www.almaria.pt\/wp-content\/uploads\/sites\/58\/2026\/03\/black-historic-luxury-apartments-lisbon-logo-Almaria-new.png","width":230,"height":300,"caption":"Almaria - Edif\u00edcios com Hist\u00f3ria"},"image":{"@id":"https:\/\/www.almaria.pt\/fr\/#\/schema\/logo\/image\/"},"sameAs":["https:\/\/www.facebook.com\/almariaedificioscomhistoria\/","https:\/\/www.instagram.com\/almaria_lisbon_apartments\/?hl=en","https:\/\/www.linkedin.com\/company\/almaria-edif\u00edcios-com-hist\u00f3ria\/?viewAsMember=true"]}]}},"acf":[],"_links":{"self":[{"href":"https:\/\/www.almaria.pt\/fr\/wp-json\/wp\/v2\/pages\/86","targetHints":{"allow":["GET"]}}],"collection":[{"href":"https:\/\/www.almaria.pt\/fr\/wp-json\/wp\/v2\/pages"}],"about":[{"href":"https:\/\/www.almaria.pt\/fr\/wp-json\/wp\/v2\/types\/page"}],"author":[{"embeddable":true,"href":"https:\/\/www.almaria.pt\/fr\/wp-json\/wp\/v2\/users\/8"}],"replies":[{"embeddable":true,"href":"https:\/\/www.almaria.pt\/fr\/wp-json\/wp\/v2\/comments?post=86"}],"version-history":[{"count":0,"href":"https:\/\/www.almaria.pt\/fr\/wp-json\/wp\/v2\/pages\/86\/revisions"}],"wp:attachment":[{"href":"https:\/\/www.almaria.pt\/fr\/wp-json\/wp\/v2\/media?parent=86"}],"curies":[{"name":"wp","href":"https:\/\/api.w.org\/{rel}","templated":true}]}}