{"id":91,"date":"2026-02-25T16:20:04","date_gmt":"2026-02-25T16:20:04","guid":{"rendered":"https:\/\/almaria.ms3.decms.eu\/?page_id=91"},"modified":"2026-04-02T09:30:09","modified_gmt":"2026-04-02T09:30:09","slug":"confidentialite-des-informations-et-cookies","status":"publish","type":"page","link":"https:\/\/www.almaria.pt\/fr\/confidentialite-des-informations-et-cookies\/","title":{"rendered":"Confidentialit\u00e9 des informations et cookies"},"content":{"rendered":"<h3><em>Politique de confidentialit\u00e9 &#8211; Site Web \u2013 25 mai 2018<\/em><\/h3>\n<p>Cet avis de confidentialit\u00e9 vous informe sur les informations que nous collectons lorsque vous utilisez notre site Web. En collectant ces informations, nous agissons en tant que responsable du traitement des donn\u00e9es et, par la loi, nous sommes tenus de vous fournir des informations sur nous, pourquoi et comment nous utilisons vos donn\u00e9es, ainsi que les droits que vous avez sur vos donn\u00e9es.<\/p>\n<h3><em>Qui nous sommes?<\/em><\/h3>\n<p>Nous sommes la soci\u00e9t\u00e9 Almaria \u2013 Edif\u00edcios com Hist\u00f3ria. Notre adresse est Rua Tierno Galvan, Torre 3 \u2013 3\u00ba Piso Fra\u00e7\u00e3o DI, DK et DJ, 1170-274 Lisbonne.<br \/>\nVous pouvez nous contacter \u00e0 l&rsquo;adresse ci-dessus, par e-mail \u00e0 bookings@almaria.pt ou par t\u00e9l\u00e9phone au 351 912 848 555.<\/p>\n<p>Nous ne sommes pas tenus d&rsquo;avoir un d\u00e9l\u00e9gu\u00e9 \u00e0 la protection des donn\u00e9es, donc toute question concernant notre utilisation de vos donn\u00e9es personnelles doit \u00eatre adress\u00e9e aux coordonn\u00e9es ci-dessus.<\/p>\n<h3><em>Comment nous utilisons vos donn\u00e9es personnelles<\/em><\/h3>\n<p><a href=\"https:\/\/www.almaria.pt\/fr\/hotel-policies.html#_When_you_use\">Lorsque vous utilisez notre site Web<\/a><\/p>\n<p><a href=\"https:\/\/www.almaria.pt\/fr\/hotel-policies.html#_When_you_submit\">Lorsque vous soumettez un formulaire via notre site Web<\/a><\/p>\n<p><a href=\"https:\/\/www.almaria.pt\/fr\/hotel-policies.html#_When_you_sign\">Lorsque vous vous inscrivez pour recevoir notre newsletter<\/a><\/p>\n<p><a href=\"https:\/\/www.almaria.pt\/fr\/hotel-policies.html#_When_you_download\">Lorsque vous t\u00e9l\u00e9chargez un exemple de document<\/a><\/p>\n<p><a href=\"https:\/\/www.almaria.pt\/fr\/hotel-policies.html#_When_you_submit_1\">Quand soumettre un avis sur nous<\/a><\/p>\n<p><a href=\"https:\/\/www.almaria.pt\/fr\/hotel-policies.html#_Your_right_to\">Vos droits en tant que personne concern\u00e9e<\/a><\/p>\n<p><a href=\"https:\/\/www.almaria.pt\/fr\/hotel-policies.html#_Your_right_to\">Droit de porter plainte<\/a><\/p>\n<p><a href=\"https:\/\/www.almaria.pt\/fr\/hotel-policies.html#_Updates_to_this\">Mises \u00e0 jour de cette politique de confidentialit\u00e9<\/a><\/p>\n<h3><em>Lorsque vous utilisez notre site Web<\/em><\/h3>\n<p>Lorsque vous utilisez notre site Web pour parcourir les produits et services et consulter les informations que nous mettons \u00e0 disposition, un certain nombre de cookies sont utilis\u00e9s par nous et par des tiers pour permettre au site Web de fonctionner, pour collecter des informations utiles sur les visiteurs et pour vous aider \u00e0 am\u00e9liorer votre exp\u00e9rience d&rsquo;utilisateur. .<\/p>\n<p>(\u2026) Certains des cookies que nous utilisons sont strictement n\u00e9cessaires au fonctionnement de notre site Internet, pour les cookies utiles mais pas strictement n\u00e9cessaires, nous vous demanderons toujours votre consentement avant de les placer. Nous utilisons 2 types de cookies :<br \/>\n\u2013 Cookies permanents &#8211; Ils sont stock\u00e9s au niveau du navigateur sur vos appareils d&rsquo;acc\u00e8s (PC, mobile et tablette) et sont utilis\u00e9s chaque fois que l&rsquo;utilisateur effectue une nouvelle visite sur le site Web. Ils sont g\u00e9n\u00e9ralement utilis\u00e9s pour orienter la navigation en fonction des int\u00e9r\u00eats du visiteur, nous permettant ainsi de fournir un service plus personnalis\u00e9.<br \/>\n\u2013 Cookies de session \u2013 Ils sont temporaires, ils restent dans les cookies de votre navigateur internet (navigateur) jusqu&rsquo;\u00e0 ce que vous quittiez le site internet. Les informations obtenues vous permettent d&rsquo;identifier les probl\u00e8mes et d&rsquo;offrir une meilleure exp\u00e9rience de navigation.<\/p>\n<p>Apr\u00e8s avoir autoris\u00e9 l&rsquo;utilisation des cookies, l&rsquo;utilisateur peut toujours d\u00e9sactiver tout ou partie de nos cookies. Tous les navigateurs Internet permettent au visiteur d&rsquo;accepter, de refuser ou de supprimer les cookies, en g\u00e9rant les param\u00e8tres du navigateur respectif. Veuillez noter qu&rsquo;en d\u00e9sactivant les cookies, certaines parties de notre site Web peuvent ne pas fonctionner correctement.<\/p>\n<p>Vous pouvez obtenir plus d&rsquo;informations sur les cookies sur le lien suivant :\u00a0<em><a href=\"http:\/\/www.allaboutcookies.org\/\">www.allaboutcookies.org<\/a><\/em><\/p>\n<p>&nbsp;<\/p>\n<a href=\"#dedge-didomi-show-cookie-preferences\" class=\"dedge-didomi-preferences-button\">Consent preferences<\/a>\n<p>&nbsp;<\/p>\n<p>&nbsp;<\/p>\n<h3><em>Lorsque vous soumettez un formulaire via notre site Web<\/em><\/h3>\n<p>Lorsque vous soumettez un formulaire via notre site Web, nous vous demandons votre nom, votre num\u00e9ro de t\u00e9l\u00e9phone, votre r\u00f4le et votre adresse e-mail.<\/p>\n<p>Nous utilisons ces informations pour r\u00e9pondre \u00e0 votre demande, en vous fournissant toute information demand\u00e9e sur nos produits et services. Nous pouvons \u00e9galement vous envoyer des messages \u00e9lectroniques apr\u00e8s avoir soumis des formulaires pour \u00e9valuer votre int\u00e9r\u00eat et nous assurer que nous avons r\u00e9pondu \u00e0 votre question. Nous le ferons sur la base de notre int\u00e9r\u00eat l\u00e9gitime \u00e0 fournir des informations exactes avant une vente.<\/p>\n<p>Votre formulaire est stock\u00e9 et trait\u00e9 sous forme d&rsquo;e-mail sur nos ordinateurs au sein de l&rsquo;Espace \u00e9conomique europ\u00e9en (EEE).<\/p>\n<p>Nous n&rsquo;utilisons pas les informations que vous fournissez pour prendre des d\u00e9cisions automatis\u00e9es susceptibles de vous affecter.<\/p>\n<p>Nous conserverons les emails du formulaire pendant deux ans, apr\u00e8s cette p\u00e9riode ils sont archiv\u00e9s et conserv\u00e9s pendant sept ans, apr\u00e8s cette p\u00e9riode nous les supprimons.<\/p>\n<h3><em>Lorsque vous vous inscrivez pour recevoir notre newsletter<\/em><\/h3>\n<p>Lorsque vous vous inscrivez pour recevoir notre newsletter, nous vous demandons votre adresse email.<\/p>\n<p>Nous vous demanderons votre consentement pour utiliser votre adresse e-mail pour vous envoyer notre newsletter contenant des informations sur nos produits et d&rsquo;autres informations susceptibles de vous int\u00e9resser.<\/p>\n<p>Vous pouvez retirer votre consentement \u00e0 tout moment et nous cesserons de vous envoyer la newsletter.<\/p>\n<p>Votre adresse e-mail est partag\u00e9e avec un syst\u00e8me d&rsquo;envoi automatique d&rsquo;e-mails bas\u00e9 aux \u00c9tats-Unis. Cette soci\u00e9t\u00e9 s&rsquo;est engag\u00e9e contractuellement \u00e0 assurer une s\u00e9curit\u00e9 appropri\u00e9e pour le traitement de vos donn\u00e9es personnelles, ce qui signifie qu&rsquo;elles seront prot\u00e9g\u00e9es conform\u00e9ment aux exigences l\u00e9gales de l&rsquo;Union europ\u00e9enne.<\/p>\n<p>Nous n&rsquo;utilisons pas les informations que vous fournissez pour prendre des d\u00e9cisions automatis\u00e9es susceptibles de vous affecter.<\/p>\n<p>Nous conservons vos donn\u00e9es personnelles pendant que nous produisons et distribuons notre newsletter. Si vous retirez votre consentement, nous marquerons vos donn\u00e9es afin qu&rsquo;elles ne soient pas utilis\u00e9es et les supprimerons apr\u00e8s deux ans.<\/p>\n<h3><em>Lorsque vous t\u00e9l\u00e9chargez un exemple de document<\/em><\/h3>\n<p>Lorsque vous demandez un t\u00e9l\u00e9chargement depuis notre site Web, tel qu&rsquo;un livre blanc, nous vous demandons votre nom, le nom de votre entreprise (qui est facultatif) et votre adresse e-mail.<\/p>\n<p>Nous utilisons ces informations pour vous envoyer un lien permettant de t\u00e9l\u00e9charger le document demand\u00e9. Nous pouvons \u00e9galement vous envoyer un e-mail apr\u00e8s votre t\u00e9l\u00e9chargement pour suivre votre int\u00e9r\u00eat pour nos produits et services. Nous le ferons sur la base de notre int\u00e9r\u00eat l\u00e9gitime \u00e0 commercialiser nos produits et services aupr\u00e8s de clients potentiels.<\/p>\n<p>Votre nom et votre adresse e-mail sont partag\u00e9s avec un syst\u00e8me de paiement bas\u00e9 au Luxembourg. Cette soci\u00e9t\u00e9 s&rsquo;engage contractuellement \u00e0 assurer une s\u00e9curit\u00e9 ad\u00e9quate pour le traitement de vos donn\u00e9es personnelles, ce qui signifie qu&rsquo;elles seront prot\u00e9g\u00e9es conform\u00e9ment aux exigences l\u00e9gales de l&rsquo;Union europ\u00e9enne.<\/p>\n<p>Nous n&rsquo;utilisons pas les informations que vous fournissez pour prendre des d\u00e9cisions automatis\u00e9es susceptibles de vous affecter.<\/p>\n<p>Vos donn\u00e9es personnelles sont conserv\u00e9es pendant un an apr\u00e8s votre demande de t\u00e9l\u00e9chargement, apr\u00e8s quoi elles sont supprim\u00e9es.<\/p>\n<h3><em>Quand soumettre un avis sur nous<\/em><\/h3>\n<p>Lorsque vous soumettez un commentaire \u00e0 notre sujet, nous enregistrons votre nom, votre adresse e-mail et votre adresse IP (Internet Protocol), qui est l&rsquo;adresse de votre ordinateur sur Internet.<\/p>\n<p>Nous utilisons ces informations pour fournir \u00e0 des clients potentiels des opinions ind\u00e9pendantes v\u00e9rifi\u00e9es sur nos produits et services. Votre nom ainsi que le contenu de votre commentaire et votre adresse e-mail peuvent \u00eatre affich\u00e9s publiquement sur notre site Web. Nous le ferons sur la base de notre int\u00e9r\u00eat l\u00e9gitime \u00e0 commercialiser nos produits et services.<\/p>\n<p>Nous n&rsquo;utilisons pas les informations que vous fournissez pour prendre des d\u00e9cisions automatis\u00e9es susceptibles de vous affecter.<\/p>\n<p>Vos donn\u00e9es personnelles sont conserv\u00e9es aussi longtemps que nous commercialisons le produit ou les services auxquels le commentaire fait r\u00e9f\u00e9rence, apr\u00e8s quoi elles seront supprim\u00e9es. Vous pouvez \u00e0 tout moment nous demander de supprimer votre commentaire.<\/p>\n<h3><em>Vos droits en tant que personne concern\u00e9e<\/em><\/h3>\n<p>Conform\u00e9ment \u00e0 la loi, vous pouvez nous demander quelles informations nous collectons \u00e0 votre sujet et vous pouvez nous demander de les corriger si elles sont inexactes. Nous demandons votre consentement pour traiter vos donn\u00e9es personnelles, vous pouvez retirer ce consentement \u00e0 tout moment.<\/p>\n<p>Nous pouvons traiter vos donn\u00e9es personnelles parce que vous nous avez donn\u00e9 votre consentement ou pour ex\u00e9cuter un contrat, vous pouvez nous demander une copie des informations au format num\u00e9rique afin de pouvoir les transf\u00e9rer \u00e0 un autre fournisseur.<\/p>\n<p>Nous pouvons traiter vos donn\u00e9es personnelles parce que vous nous avez donn\u00e9 votre consentement ou votre int\u00e9r\u00eat l\u00e9gitime, vous pouvez demander que vos donn\u00e9es soient effac\u00e9es.<\/p>\n<p>Vous avez le droit de nous demander de suspendre le traitement de vos donn\u00e9es personnelles pendant une p\u00e9riode si vous estimez que nous ne le faisons pas l\u00e9galement.<\/p>\n<p>Enfin, dans certaines circonstances, vous pouvez nous demander de ne pas proc\u00e9der \u00e0 un traitement automatis\u00e9 ou \u00e0 un profilage.<\/p>\n<p>Pour soumettre une demande concernant vos donn\u00e9es personnelles, vous pouvez le faire par e-mail, par courrier ou par t\u00e9l\u00e9phone, voir les coordonn\u00e9es fournies ci-dessus dans le\u00a0\u00a0\u00a0<a href=\"https:\/\/www.almaria.pt\/fr\/hotel-policies.html#_Who_are_we?\">Qui nous sommes<\/a><\/p>\n<h3><em>Droit de porter plainte<\/em><\/h3>\n<p>Si vous avez une plainte concernant notre traitement de vos donn\u00e9es personnelles, nous pr\u00e9f\u00e9rons que vous nous contactiez directement d&rsquo;abord afin que nous puissions r\u00e9soudre votre plainte. Toutefois, il est \u00e9galement possible de contacter la Commission nationale pour la protection des donn\u00e9es via son site internet \u00e0 l&rsquo;adresse\u00a0\u00a0\u00a0<a href=\"https:\/\/www.cnpd.pt\/\">https:\/\/www.cnpd.pt\/<\/a>\u00a0\u00a0\u00a0ou pour mordre :<\/p>\n<p>Commission nationale de protection des donn\u00e9es<\/p>\n<p>Rue de S\u00e3o Bento n\u00b0 148-3\u00ba<\/p>\n<p>1200-821 Lisbonne<\/p>\n<h3><em>Mises \u00e0 jour de cette politique de confidentialit\u00e9<\/em><\/h3>\n<p>Nous r\u00e9viserons r\u00e9guli\u00e8rement cette politique et, si n\u00e9cessaire, mettrons \u00e0 jour cette politique de confidentialit\u00e9 \u00e0 mesure que nos services et notre traitement des donn\u00e9es personnelles \u00e9voluent. Si nous avons l&rsquo;intention d&rsquo;utiliser vos donn\u00e9es personnelles d&rsquo;une mani\u00e8re que nous n&rsquo;avons pas identifi\u00e9e pr\u00e9c\u00e9demment, nous vous contacterons pour vous fournir des informations sur cette utilisation et, si n\u00e9cessaire, vous demanderons votre consentement.<\/p>\n<p>Nous mettrons \u00e0 jour le num\u00e9ro de version et la date de ce document \u00e0 chaque changement.<\/p>\n","protected":false},"excerpt":{"rendered":"<p>Politique de confidentialit\u00e9 &#8211; Site Web \u2013 25 mai 2018 Cet avis de confidentialit\u00e9 vous informe sur les informations que nous collectons lorsque vous utilisez notre site Web. En collectant ces informations, nous agissons en tant que responsable du traitement des donn\u00e9es et, par la loi, nous sommes tenus de vous fournir des informations sur [&hellip;]<\/p>\n","protected":false},"author":8,"featured_media":0,"parent":0,"menu_order":990,"comment_status":"closed","ping_status":"closed","template":"","meta":{"footnotes":""},"class_list":["post-91","page","type-page","status-publish","hentry"],"yoast_head":"<!-- This site is optimized with the Yoast SEO plugin v26.9 - https:\/\/yoast.com\/product\/yoast-seo-wordpress\/ -->\n<title>Confidentialit\u00e9 des informations et cookies &#8211; Almaria &#8211;<\/title>\n<meta name=\"description\" content=\"Politique de confidentialit\u00e9 - Site Web \u2013 25 mai 2018 Cet avis de confidentialit\u00e9 vous informe sur les informations que nous collectons lorsque vous utilisez notre site Web. En collectant ces informations, nous agissons en tant que responsable du traitement des donn\u00e9es et, par la loi, nous sommes tenus de vous fournir des informations sur nous, pourquoi et comment nous utilisons vos donn\u00e9es, ainsi que les droits que vous avez sur vos donn\u00e9es. Qui nous sommes? Nous sommes la soci\u00e9t\u00e9 Almaria \u2013 Edif\u00edcios com Hist\u00f3ria\" \/>\n<meta name=\"robots\" content=\"index, follow, max-snippet:-1, max-image-preview:large, max-video-preview:-1\" \/>\n<link rel=\"canonical\" href=\"https:\/\/www.almaria.pt\/fr\/confidentialite-des-informations-et-cookies\/\" \/>\n<meta property=\"og:locale\" content=\"fr_FR\" \/>\n<meta property=\"og:type\" content=\"article\" \/>\n<meta property=\"og:title\" content=\"Confidentialit\u00e9 des informations et cookies &#8211; Almaria &#8211;\" \/>\n<meta property=\"og:description\" content=\"Politique de confidentialit\u00e9 - Site Web \u2013 25 mai 2018 Cet avis de confidentialit\u00e9 vous informe sur les informations que nous collectons lorsque vous utilisez notre site Web. En collectant ces informations, nous agissons en tant que responsable du traitement des donn\u00e9es et, par la loi, nous sommes tenus de vous fournir des informations sur nous, pourquoi et comment nous utilisons vos donn\u00e9es, ainsi que les droits que vous avez sur vos donn\u00e9es. Qui nous sommes? Nous sommes la soci\u00e9t\u00e9 Almaria \u2013 Edif\u00edcios com Hist\u00f3ria\" \/>\n<meta property=\"og:url\" content=\"https:\/\/www.almaria.pt\/fr\/confidentialite-des-informations-et-cookies\/\" \/>\n<meta property=\"og:site_name\" content=\"Almaria\" \/>\n<meta property=\"article:publisher\" content=\"https:\/\/www.facebook.com\/almariaedificioscomhistoria\/\" \/>\n<meta property=\"article:modified_time\" content=\"2026-04-02T09:30:09+00:00\" \/>\n<meta property=\"og:image\" content=\"https:\/\/www.almaria.pt\/wp-content\/uploads\/sites\/58\/2026\/03\/river-view-3-bedrooms-ex-libris-apartments-chiado-almaria-2.jpg\" \/>\n\t<meta property=\"og:image:width\" content=\"2200\" \/>\n\t<meta property=\"og:image:height\" content=\"1466\" \/>\n\t<meta property=\"og:image:type\" content=\"image\/jpeg\" \/>\n<meta name=\"twitter:card\" content=\"summary_large_image\" \/>\n<meta name=\"twitter:label1\" content=\"Est. reading time\" \/>\n\t<meta name=\"twitter:data1\" content=\"7 minutes\" \/>\n<script type=\"application\/ld+json\" class=\"yoast-schema-graph\">{\"@context\":\"https:\/\/schema.org\",\"@graph\":[{\"@type\":\"WebPage\",\"@id\":\"https:\/\/www.almaria.pt\/fr\/confidentialite-des-informations-et-cookies\/\",\"url\":\"https:\/\/www.almaria.pt\/fr\/confidentialite-des-informations-et-cookies\/\",\"name\":\"Confidentialit\u00e9 des informations et cookies &#8211; Almaria &#8211;\",\"isPartOf\":{\"@id\":\"https:\/\/www.almaria.pt\/fr\/#website\"},\"datePublished\":\"2026-02-25T16:20:04+00:00\",\"dateModified\":\"2026-04-02T09:30:09+00:00\",\"description\":\"Politique de confidentialit\u00e9 - Site Web \u2013 25 mai 2018 Cet avis de confidentialit\u00e9 vous informe sur les informations que nous collectons lorsque vous utilisez notre site Web. En collectant ces informations, nous agissons en tant que responsable du traitement des donn\u00e9es et, par la loi, nous sommes tenus de vous fournir des informations sur nous, pourquoi et comment nous utilisons vos donn\u00e9es, ainsi que les droits que vous avez sur vos donn\u00e9es. Qui nous sommes? Nous sommes la soci\u00e9t\u00e9 Almaria \u2013 Edif\u00edcios com Hist\u00f3ria\",\"breadcrumb\":{\"@id\":\"https:\/\/www.almaria.pt\/fr\/confidentialite-des-informations-et-cookies\/#breadcrumb\"},\"inLanguage\":\"fr-FR\",\"potentialAction\":[{\"@type\":\"ReadAction\",\"target\":[\"https:\/\/www.almaria.pt\/fr\/confidentialite-des-informations-et-cookies\/\"]}]},{\"@type\":\"BreadcrumbList\",\"@id\":\"https:\/\/www.almaria.pt\/fr\/confidentialite-des-informations-et-cookies\/#breadcrumb\",\"itemListElement\":[{\"@type\":\"ListItem\",\"position\":1,\"name\":\"Home\",\"item\":\"https:\/\/www.almaria.pt\/fr\/\"},{\"@type\":\"ListItem\",\"position\":2,\"name\":\"Confidentialit\u00e9 des informations et cookies\"}]},{\"@type\":\"WebSite\",\"@id\":\"https:\/\/www.almaria.pt\/fr\/#website\",\"url\":\"https:\/\/www.almaria.pt\/fr\/\",\"name\":\"Almaria - Edif\u00edcios com Hist\u00f3ria\",\"description\":\"\",\"publisher\":{\"@id\":\"https:\/\/www.almaria.pt\/fr\/#organization\"},\"alternateName\":\"Almaria - Edif\u00edcios com Hist\u00f3ria\",\"potentialAction\":[{\"@type\":\"SearchAction\",\"target\":{\"@type\":\"EntryPoint\",\"urlTemplate\":\"https:\/\/www.almaria.pt\/fr\/?s={search_term_string}\"},\"query-input\":{\"@type\":\"PropertyValueSpecification\",\"valueRequired\":true,\"valueName\":\"search_term_string\"}}],\"inLanguage\":\"fr-FR\"},{\"@type\":\"Organization\",\"@id\":\"https:\/\/www.almaria.pt\/fr\/#organization\",\"name\":\"Almaria - Edif\u00edcios com Hist\u00f3ria\",\"alternateName\":\"Almaria - Edif\u00edcios com Hist\u00f3ria\",\"url\":\"https:\/\/www.almaria.pt\/fr\/\",\"logo\":{\"@type\":\"ImageObject\",\"inLanguage\":\"fr-FR\",\"@id\":\"https:\/\/www.almaria.pt\/fr\/#\/schema\/logo\/image\/\",\"url\":\"https:\/\/www.almaria.pt\/wp-content\/uploads\/sites\/58\/2026\/03\/black-historic-luxury-apartments-lisbon-logo-Almaria-new.png\",\"contentUrl\":\"https:\/\/www.almaria.pt\/wp-content\/uploads\/sites\/58\/2026\/03\/black-historic-luxury-apartments-lisbon-logo-Almaria-new.png\",\"width\":230,\"height\":300,\"caption\":\"Almaria - Edif\u00edcios com Hist\u00f3ria\"},\"image\":{\"@id\":\"https:\/\/www.almaria.pt\/fr\/#\/schema\/logo\/image\/\"},\"sameAs\":[\"https:\/\/www.facebook.com\/almariaedificioscomhistoria\/\",\"https:\/\/www.instagram.com\/almaria_lisbon_apartments\/?hl=en\",\"https:\/\/www.linkedin.com\/company\/almaria-edif\u00edcios-com-hist\u00f3ria\/?viewAsMember=true\"]}]}<\/script>\n<!-- \/ Yoast SEO plugin. -->","yoast_head_json":{"title":"Confidentialit\u00e9 des informations et cookies &#8211; Almaria &#8211;","description":"Politique de confidentialit\u00e9 - Site Web \u2013 25 mai 2018 Cet avis de confidentialit\u00e9 vous informe sur les informations que nous collectons lorsque vous utilisez notre site Web. En collectant ces informations, nous agissons en tant que responsable du traitement des donn\u00e9es et, par la loi, nous sommes tenus de vous fournir des informations sur nous, pourquoi et comment nous utilisons vos donn\u00e9es, ainsi que les droits que vous avez sur vos donn\u00e9es. Qui nous sommes? Nous sommes la soci\u00e9t\u00e9 Almaria \u2013 Edif\u00edcios com Hist\u00f3ria","robots":{"index":"index","follow":"follow","max-snippet":"max-snippet:-1","max-image-preview":"max-image-preview:large","max-video-preview":"max-video-preview:-1"},"canonical":"https:\/\/www.almaria.pt\/fr\/confidentialite-des-informations-et-cookies\/","og_locale":"fr_FR","og_type":"article","og_title":"Confidentialit\u00e9 des informations et cookies &#8211; Almaria &#8211;","og_description":"Politique de confidentialit\u00e9 - Site Web \u2013 25 mai 2018 Cet avis de confidentialit\u00e9 vous informe sur les informations que nous collectons lorsque vous utilisez notre site Web. En collectant ces informations, nous agissons en tant que responsable du traitement des donn\u00e9es et, par la loi, nous sommes tenus de vous fournir des informations sur nous, pourquoi et comment nous utilisons vos donn\u00e9es, ainsi que les droits que vous avez sur vos donn\u00e9es. Qui nous sommes? Nous sommes la soci\u00e9t\u00e9 Almaria \u2013 Edif\u00edcios com Hist\u00f3ria","og_url":"https:\/\/www.almaria.pt\/fr\/confidentialite-des-informations-et-cookies\/","og_site_name":"Almaria","article_publisher":"https:\/\/www.facebook.com\/almariaedificioscomhistoria\/","article_modified_time":"2026-04-02T09:30:09+00:00","og_image":[{"width":2200,"height":1466,"url":"https:\/\/www.almaria.pt\/wp-content\/uploads\/sites\/58\/2026\/03\/river-view-3-bedrooms-ex-libris-apartments-chiado-almaria-2.jpg","type":"image\/jpeg"}],"twitter_card":"summary_large_image","twitter_misc":{"Est. reading time":"7 minutes"},"schema":{"@context":"https:\/\/schema.org","@graph":[{"@type":"WebPage","@id":"https:\/\/www.almaria.pt\/fr\/confidentialite-des-informations-et-cookies\/","url":"https:\/\/www.almaria.pt\/fr\/confidentialite-des-informations-et-cookies\/","name":"Confidentialit\u00e9 des informations et cookies &#8211; Almaria &#8211;","isPartOf":{"@id":"https:\/\/www.almaria.pt\/fr\/#website"},"datePublished":"2026-02-25T16:20:04+00:00","dateModified":"2026-04-02T09:30:09+00:00","description":"Politique de confidentialit\u00e9 - Site Web \u2013 25 mai 2018 Cet avis de confidentialit\u00e9 vous informe sur les informations que nous collectons lorsque vous utilisez notre site Web. En collectant ces informations, nous agissons en tant que responsable du traitement des donn\u00e9es et, par la loi, nous sommes tenus de vous fournir des informations sur nous, pourquoi et comment nous utilisons vos donn\u00e9es, ainsi que les droits que vous avez sur vos donn\u00e9es. Qui nous sommes? Nous sommes la soci\u00e9t\u00e9 Almaria \u2013 Edif\u00edcios com Hist\u00f3ria","breadcrumb":{"@id":"https:\/\/www.almaria.pt\/fr\/confidentialite-des-informations-et-cookies\/#breadcrumb"},"inLanguage":"fr-FR","potentialAction":[{"@type":"ReadAction","target":["https:\/\/www.almaria.pt\/fr\/confidentialite-des-informations-et-cookies\/"]}]},{"@type":"BreadcrumbList","@id":"https:\/\/www.almaria.pt\/fr\/confidentialite-des-informations-et-cookies\/#breadcrumb","itemListElement":[{"@type":"ListItem","position":1,"name":"Home","item":"https:\/\/www.almaria.pt\/fr\/"},{"@type":"ListItem","position":2,"name":"Confidentialit\u00e9 des informations et cookies"}]},{"@type":"WebSite","@id":"https:\/\/www.almaria.pt\/fr\/#website","url":"https:\/\/www.almaria.pt\/fr\/","name":"Almaria - Edif\u00edcios com Hist\u00f3ria","description":"","publisher":{"@id":"https:\/\/www.almaria.pt\/fr\/#organization"},"alternateName":"Almaria - Edif\u00edcios com Hist\u00f3ria","potentialAction":[{"@type":"SearchAction","target":{"@type":"EntryPoint","urlTemplate":"https:\/\/www.almaria.pt\/fr\/?s={search_term_string}"},"query-input":{"@type":"PropertyValueSpecification","valueRequired":true,"valueName":"search_term_string"}}],"inLanguage":"fr-FR"},{"@type":"Organization","@id":"https:\/\/www.almaria.pt\/fr\/#organization","name":"Almaria - Edif\u00edcios com Hist\u00f3ria","alternateName":"Almaria - Edif\u00edcios com Hist\u00f3ria","url":"https:\/\/www.almaria.pt\/fr\/","logo":{"@type":"ImageObject","inLanguage":"fr-FR","@id":"https:\/\/www.almaria.pt\/fr\/#\/schema\/logo\/image\/","url":"https:\/\/www.almaria.pt\/wp-content\/uploads\/sites\/58\/2026\/03\/black-historic-luxury-apartments-lisbon-logo-Almaria-new.png","contentUrl":"https:\/\/www.almaria.pt\/wp-content\/uploads\/sites\/58\/2026\/03\/black-historic-luxury-apartments-lisbon-logo-Almaria-new.png","width":230,"height":300,"caption":"Almaria - Edif\u00edcios com Hist\u00f3ria"},"image":{"@id":"https:\/\/www.almaria.pt\/fr\/#\/schema\/logo\/image\/"},"sameAs":["https:\/\/www.facebook.com\/almariaedificioscomhistoria\/","https:\/\/www.instagram.com\/almaria_lisbon_apartments\/?hl=en","https:\/\/www.linkedin.com\/company\/almaria-edif\u00edcios-com-hist\u00f3ria\/?viewAsMember=true"]}]}},"acf":[],"_links":{"self":[{"href":"https:\/\/www.almaria.pt\/fr\/wp-json\/wp\/v2\/pages\/91","targetHints":{"allow":["GET"]}}],"collection":[{"href":"https:\/\/www.almaria.pt\/fr\/wp-json\/wp\/v2\/pages"}],"about":[{"href":"https:\/\/www.almaria.pt\/fr\/wp-json\/wp\/v2\/types\/page"}],"author":[{"embeddable":true,"href":"https:\/\/www.almaria.pt\/fr\/wp-json\/wp\/v2\/users\/8"}],"replies":[{"embeddable":true,"href":"https:\/\/www.almaria.pt\/fr\/wp-json\/wp\/v2\/comments?post=91"}],"version-history":[{"count":0,"href":"https:\/\/www.almaria.pt\/fr\/wp-json\/wp\/v2\/pages\/91\/revisions"}],"wp:attachment":[{"href":"https:\/\/www.almaria.pt\/fr\/wp-json\/wp\/v2\/media?parent=91"}],"curies":[{"name":"wp","href":"https:\/\/api.w.org\/{rel}","templated":true}]}}