{"id":97,"date":"2026-02-25T15:41:34","date_gmt":"2026-02-25T15:41:34","guid":{"rendered":"https:\/\/almaria.ms3.decms.eu\/did-you-know-that\/"},"modified":"2026-02-27T11:29:49","modified_gmt":"2026-02-27T11:29:49","slug":"saviez-vous-que","status":"publish","type":"page","link":"https:\/\/www.almaria.pt\/fr\/saviez-vous-que\/","title":{"rendered":"Saviez-vous que?"},"content":{"rendered":"<p>La langue portugaise est parl\u00e9e par plus de 200 millions de personnes, r\u00e9parties sur presque tous les continents :<br \/>\nEurope, Afrique, Am\u00e9rique et Asie.<\/p>\n<p>Cette diversit\u00e9 a contribu\u00e9 \u00e0 l&rsquo;approfondissement des liens historiques et culturels du Portugal avec le monde.<\/p>\n<p>La langue portugaise est la cinqui\u00e8me langue la plus parl\u00e9e au monde et la sixi\u00e8me la plus utilis\u00e9e sur Internet.<\/p>\n<p>On trouve \u00e0 Rome plus d&rsquo;\u00e9glises portugaises que dans certaines de nos villes.<\/p>\n<p>La deuxi\u00e8me ville la plus habit\u00e9e par des Portugais est Paris.<\/p>\n<p>La boussole de marine a \u00e9t\u00e9 invent\u00e9e par un Portugais.<\/p>\n<p>C&rsquo;est aussi un Portugais qui a invent\u00e9 le canon.<\/p>\n<p>La voile latine est \u00e9galement une invention portugaise.<\/p>\n","protected":false},"excerpt":{"rendered":"<p>La langue portugaise est parl\u00e9e par plus de 200 millions de personnes, r\u00e9parties sur presque tous les continents : Europe, Afrique, Am\u00e9rique et Asie. Cette diversit\u00e9 a contribu\u00e9 \u00e0 l&rsquo;approfondissement des liens historiques et culturels du Portugal avec le monde. La langue portugaise est la cinqui\u00e8me langue la plus parl\u00e9e au monde et la sixi\u00e8me [&hellip;]<\/p>\n","protected":false},"author":8,"featured_media":0,"parent":0,"menu_order":8,"comment_status":"closed","ping_status":"closed","template":"template-default-2.php","meta":{"footnotes":""},"class_list":["post-97","page","type-page","status-publish","hentry"],"yoast_head":"<!-- This site is optimized with the Yoast SEO plugin v26.9 - https:\/\/yoast.com\/product\/yoast-seo-wordpress\/ -->\n<title>Saviez-vous que? ~ Almaria ~<\/title>\n<meta name=\"description\" content=\"La langue portugaise est parl\u00e9e par plus de 200 millions de personnes, r\u00e9parties sur presque tous les continents : Europe, Afrique, Am\u00e9rique et Asie.  Cette diversit\u00e9 a contribu\u00e9 \u00e0 l&#039;approfondissement des liens historiques et culturels du Portugal avec le monde.  La langue portugaise est la cinqui\u00e8me langue la plus parl\u00e9e au monde et la sixi\u00e8me la plus utilis\u00e9e sur Internet.  On trouve \u00e0 Rome plus d&#039;\u00e9glises portugaises que dans certaines de nos villes.  La deuxi\u00e8me ville la plus habit\u00e9e par des Portugais est Paris.  La boussole de marine a \u00e9t\u00e9 invent\u00e9e par un Portugais.  C&#039;est aussi un Portugais qui a invent\u00e9 le canon.  La voile latine est \u00e9galement une invention portugaise..\" \/>\n<meta name=\"robots\" content=\"index, follow, max-snippet:-1, max-image-preview:large, max-video-preview:-1\" \/>\n<link rel=\"canonical\" href=\"https:\/\/www.almaria.pt\/fr\/saviez-vous-que\/\" \/>\n<meta property=\"og:locale\" content=\"fr_FR\" \/>\n<meta property=\"og:type\" content=\"article\" \/>\n<meta property=\"og:title\" content=\"Saviez-vous que? ~ Almaria ~\" \/>\n<meta property=\"og:description\" content=\"La langue portugaise est parl\u00e9e par plus de 200 millions de personnes, r\u00e9parties sur presque tous les continents : Europe, Afrique, Am\u00e9rique et Asie.  Cette diversit\u00e9 a contribu\u00e9 \u00e0 l&#039;approfondissement des liens historiques et culturels du Portugal avec le monde.  La langue portugaise est la cinqui\u00e8me langue la plus parl\u00e9e au monde et la sixi\u00e8me la plus utilis\u00e9e sur Internet.  On trouve \u00e0 Rome plus d&#039;\u00e9glises portugaises que dans certaines de nos villes.  La deuxi\u00e8me ville la plus habit\u00e9e par des Portugais est Paris.  La boussole de marine a \u00e9t\u00e9 invent\u00e9e par un Portugais.  C&#039;est aussi un Portugais qui a invent\u00e9 le canon.  La voile latine est \u00e9galement une invention portugaise..\" \/>\n<meta property=\"og:url\" content=\"https:\/\/www.almaria.pt\/fr\/saviez-vous-que\/\" \/>\n<meta property=\"og:site_name\" content=\"Almaria\" \/>\n<meta property=\"article:publisher\" content=\"https:\/\/www.facebook.com\/almariaedificioscomhistoria\/\" \/>\n<meta property=\"article:modified_time\" content=\"2026-02-27T11:29:49+00:00\" \/>\n<meta property=\"og:image\" content=\"https:\/\/www.almaria.pt\/wp-content\/uploads\/sites\/58\/2026\/03\/river-view-3-bedrooms-ex-libris-apartments-chiado-almaria-2.jpg\" \/>\n\t<meta property=\"og:image:width\" content=\"2200\" \/>\n\t<meta property=\"og:image:height\" content=\"1466\" \/>\n\t<meta property=\"og:image:type\" content=\"image\/jpeg\" \/>\n<meta name=\"twitter:card\" content=\"summary_large_image\" \/>\n<meta name=\"twitter:label1\" content=\"Est. reading time\" \/>\n\t<meta name=\"twitter:data1\" content=\"1 minute\" \/>\n<script type=\"application\/ld+json\" class=\"yoast-schema-graph\">{\"@context\":\"https:\/\/schema.org\",\"@graph\":[{\"@type\":\"WebPage\",\"@id\":\"https:\/\/www.almaria.pt\/fr\/saviez-vous-que\/\",\"url\":\"https:\/\/www.almaria.pt\/fr\/saviez-vous-que\/\",\"name\":\"Saviez-vous que? ~ Almaria ~\",\"isPartOf\":{\"@id\":\"https:\/\/www.almaria.pt\/fr\/#website\"},\"datePublished\":\"2026-02-25T15:41:34+00:00\",\"dateModified\":\"2026-02-27T11:29:49+00:00\",\"description\":\"La langue portugaise est parl\u00e9e par plus de 200 millions de personnes, r\u00e9parties sur presque tous les continents : Europe, Afrique, Am\u00e9rique et Asie. Cette diversit\u00e9 a contribu\u00e9 \u00e0 l'approfondissement des liens historiques et culturels du Portugal avec le monde. La langue portugaise est la cinqui\u00e8me langue la plus parl\u00e9e au monde et la sixi\u00e8me la plus utilis\u00e9e sur Internet. On trouve \u00e0 Rome plus d'\u00e9glises portugaises que dans certaines de nos villes. La deuxi\u00e8me ville la plus habit\u00e9e par des Portugais est Paris. La boussole de marine a \u00e9t\u00e9 invent\u00e9e par un Portugais. C'est aussi un Portugais qui a invent\u00e9 le canon. La voile latine est \u00e9galement une invention portugaise..\",\"breadcrumb\":{\"@id\":\"https:\/\/www.almaria.pt\/fr\/saviez-vous-que\/#breadcrumb\"},\"inLanguage\":\"fr-FR\",\"potentialAction\":[{\"@type\":\"ReadAction\",\"target\":[\"https:\/\/www.almaria.pt\/fr\/saviez-vous-que\/\"]}]},{\"@type\":\"BreadcrumbList\",\"@id\":\"https:\/\/www.almaria.pt\/fr\/saviez-vous-que\/#breadcrumb\",\"itemListElement\":[{\"@type\":\"ListItem\",\"position\":1,\"name\":\"Home\",\"item\":\"https:\/\/www.almaria.pt\/fr\/\"},{\"@type\":\"ListItem\",\"position\":2,\"name\":\"Saviez-vous que?\"}]},{\"@type\":\"WebSite\",\"@id\":\"https:\/\/www.almaria.pt\/fr\/#website\",\"url\":\"https:\/\/www.almaria.pt\/fr\/\",\"name\":\"Almaria - Edif\u00edcios com Hist\u00f3ria\",\"description\":\"\",\"publisher\":{\"@id\":\"https:\/\/www.almaria.pt\/fr\/#organization\"},\"alternateName\":\"Almaria - Edif\u00edcios com Hist\u00f3ria\",\"potentialAction\":[{\"@type\":\"SearchAction\",\"target\":{\"@type\":\"EntryPoint\",\"urlTemplate\":\"https:\/\/www.almaria.pt\/fr\/?s={search_term_string}\"},\"query-input\":{\"@type\":\"PropertyValueSpecification\",\"valueRequired\":true,\"valueName\":\"search_term_string\"}}],\"inLanguage\":\"fr-FR\"},{\"@type\":\"Organization\",\"@id\":\"https:\/\/www.almaria.pt\/fr\/#organization\",\"name\":\"Almaria - Edif\u00edcios com Hist\u00f3ria\",\"alternateName\":\"Almaria - Edif\u00edcios com Hist\u00f3ria\",\"url\":\"https:\/\/www.almaria.pt\/fr\/\",\"logo\":{\"@type\":\"ImageObject\",\"inLanguage\":\"fr-FR\",\"@id\":\"https:\/\/www.almaria.pt\/fr\/#\/schema\/logo\/image\/\",\"url\":\"https:\/\/www.almaria.pt\/wp-content\/uploads\/sites\/58\/2026\/03\/black-historic-luxury-apartments-lisbon-logo-Almaria-new.png\",\"contentUrl\":\"https:\/\/www.almaria.pt\/wp-content\/uploads\/sites\/58\/2026\/03\/black-historic-luxury-apartments-lisbon-logo-Almaria-new.png\",\"width\":230,\"height\":300,\"caption\":\"Almaria - Edif\u00edcios com Hist\u00f3ria\"},\"image\":{\"@id\":\"https:\/\/www.almaria.pt\/fr\/#\/schema\/logo\/image\/\"},\"sameAs\":[\"https:\/\/www.facebook.com\/almariaedificioscomhistoria\/\",\"https:\/\/www.instagram.com\/almaria_lisbon_apartments\/?hl=en\",\"https:\/\/www.linkedin.com\/company\/almaria-edif\u00edcios-com-hist\u00f3ria\/?viewAsMember=true\"]}]}<\/script>\n<!-- \/ Yoast SEO plugin. -->","yoast_head_json":{"title":"Saviez-vous que? ~ Almaria ~","description":"La langue portugaise est parl\u00e9e par plus de 200 millions de personnes, r\u00e9parties sur presque tous les continents : Europe, Afrique, Am\u00e9rique et Asie.  Cette diversit\u00e9 a contribu\u00e9 \u00e0 l'approfondissement des liens historiques et culturels du Portugal avec le monde.  La langue portugaise est la cinqui\u00e8me langue la plus parl\u00e9e au monde et la sixi\u00e8me la plus utilis\u00e9e sur Internet.  On trouve \u00e0 Rome plus d'\u00e9glises portugaises que dans certaines de nos villes.  La deuxi\u00e8me ville la plus habit\u00e9e par des Portugais est Paris.  La boussole de marine a \u00e9t\u00e9 invent\u00e9e par un Portugais.  C'est aussi un Portugais qui a invent\u00e9 le canon.  La voile latine est \u00e9galement une invention portugaise..","robots":{"index":"index","follow":"follow","max-snippet":"max-snippet:-1","max-image-preview":"max-image-preview:large","max-video-preview":"max-video-preview:-1"},"canonical":"https:\/\/www.almaria.pt\/fr\/saviez-vous-que\/","og_locale":"fr_FR","og_type":"article","og_title":"Saviez-vous que? ~ Almaria ~","og_description":"La langue portugaise est parl\u00e9e par plus de 200 millions de personnes, r\u00e9parties sur presque tous les continents : Europe, Afrique, Am\u00e9rique et Asie.  Cette diversit\u00e9 a contribu\u00e9 \u00e0 l'approfondissement des liens historiques et culturels du Portugal avec le monde.  La langue portugaise est la cinqui\u00e8me langue la plus parl\u00e9e au monde et la sixi\u00e8me la plus utilis\u00e9e sur Internet.  On trouve \u00e0 Rome plus d'\u00e9glises portugaises que dans certaines de nos villes.  La deuxi\u00e8me ville la plus habit\u00e9e par des Portugais est Paris.  La boussole de marine a \u00e9t\u00e9 invent\u00e9e par un Portugais.  C'est aussi un Portugais qui a invent\u00e9 le canon.  La voile latine est \u00e9galement une invention portugaise..","og_url":"https:\/\/www.almaria.pt\/fr\/saviez-vous-que\/","og_site_name":"Almaria","article_publisher":"https:\/\/www.facebook.com\/almariaedificioscomhistoria\/","article_modified_time":"2026-02-27T11:29:49+00:00","og_image":[{"width":2200,"height":1466,"url":"https:\/\/www.almaria.pt\/wp-content\/uploads\/sites\/58\/2026\/03\/river-view-3-bedrooms-ex-libris-apartments-chiado-almaria-2.jpg","type":"image\/jpeg"}],"twitter_card":"summary_large_image","twitter_misc":{"Est. reading time":"1 minute"},"schema":{"@context":"https:\/\/schema.org","@graph":[{"@type":"WebPage","@id":"https:\/\/www.almaria.pt\/fr\/saviez-vous-que\/","url":"https:\/\/www.almaria.pt\/fr\/saviez-vous-que\/","name":"Saviez-vous que? ~ Almaria ~","isPartOf":{"@id":"https:\/\/www.almaria.pt\/fr\/#website"},"datePublished":"2026-02-25T15:41:34+00:00","dateModified":"2026-02-27T11:29:49+00:00","description":"La langue portugaise est parl\u00e9e par plus de 200 millions de personnes, r\u00e9parties sur presque tous les continents : Europe, Afrique, Am\u00e9rique et Asie. Cette diversit\u00e9 a contribu\u00e9 \u00e0 l'approfondissement des liens historiques et culturels du Portugal avec le monde. La langue portugaise est la cinqui\u00e8me langue la plus parl\u00e9e au monde et la sixi\u00e8me la plus utilis\u00e9e sur Internet. On trouve \u00e0 Rome plus d'\u00e9glises portugaises que dans certaines de nos villes. La deuxi\u00e8me ville la plus habit\u00e9e par des Portugais est Paris. La boussole de marine a \u00e9t\u00e9 invent\u00e9e par un Portugais. C'est aussi un Portugais qui a invent\u00e9 le canon. La voile latine est \u00e9galement une invention portugaise..","breadcrumb":{"@id":"https:\/\/www.almaria.pt\/fr\/saviez-vous-que\/#breadcrumb"},"inLanguage":"fr-FR","potentialAction":[{"@type":"ReadAction","target":["https:\/\/www.almaria.pt\/fr\/saviez-vous-que\/"]}]},{"@type":"BreadcrumbList","@id":"https:\/\/www.almaria.pt\/fr\/saviez-vous-que\/#breadcrumb","itemListElement":[{"@type":"ListItem","position":1,"name":"Home","item":"https:\/\/www.almaria.pt\/fr\/"},{"@type":"ListItem","position":2,"name":"Saviez-vous que?"}]},{"@type":"WebSite","@id":"https:\/\/www.almaria.pt\/fr\/#website","url":"https:\/\/www.almaria.pt\/fr\/","name":"Almaria - Edif\u00edcios com Hist\u00f3ria","description":"","publisher":{"@id":"https:\/\/www.almaria.pt\/fr\/#organization"},"alternateName":"Almaria - Edif\u00edcios com Hist\u00f3ria","potentialAction":[{"@type":"SearchAction","target":{"@type":"EntryPoint","urlTemplate":"https:\/\/www.almaria.pt\/fr\/?s={search_term_string}"},"query-input":{"@type":"PropertyValueSpecification","valueRequired":true,"valueName":"search_term_string"}}],"inLanguage":"fr-FR"},{"@type":"Organization","@id":"https:\/\/www.almaria.pt\/fr\/#organization","name":"Almaria - Edif\u00edcios com Hist\u00f3ria","alternateName":"Almaria - Edif\u00edcios com Hist\u00f3ria","url":"https:\/\/www.almaria.pt\/fr\/","logo":{"@type":"ImageObject","inLanguage":"fr-FR","@id":"https:\/\/www.almaria.pt\/fr\/#\/schema\/logo\/image\/","url":"https:\/\/www.almaria.pt\/wp-content\/uploads\/sites\/58\/2026\/03\/black-historic-luxury-apartments-lisbon-logo-Almaria-new.png","contentUrl":"https:\/\/www.almaria.pt\/wp-content\/uploads\/sites\/58\/2026\/03\/black-historic-luxury-apartments-lisbon-logo-Almaria-new.png","width":230,"height":300,"caption":"Almaria - Edif\u00edcios com Hist\u00f3ria"},"image":{"@id":"https:\/\/www.almaria.pt\/fr\/#\/schema\/logo\/image\/"},"sameAs":["https:\/\/www.facebook.com\/almariaedificioscomhistoria\/","https:\/\/www.instagram.com\/almaria_lisbon_apartments\/?hl=en","https:\/\/www.linkedin.com\/company\/almaria-edif\u00edcios-com-hist\u00f3ria\/?viewAsMember=true"]}]}},"acf":[],"_links":{"self":[{"href":"https:\/\/www.almaria.pt\/fr\/wp-json\/wp\/v2\/pages\/97","targetHints":{"allow":["GET"]}}],"collection":[{"href":"https:\/\/www.almaria.pt\/fr\/wp-json\/wp\/v2\/pages"}],"about":[{"href":"https:\/\/www.almaria.pt\/fr\/wp-json\/wp\/v2\/types\/page"}],"author":[{"embeddable":true,"href":"https:\/\/www.almaria.pt\/fr\/wp-json\/wp\/v2\/users\/8"}],"replies":[{"embeddable":true,"href":"https:\/\/www.almaria.pt\/fr\/wp-json\/wp\/v2\/comments?post=97"}],"version-history":[{"count":0,"href":"https:\/\/www.almaria.pt\/fr\/wp-json\/wp\/v2\/pages\/97\/revisions"}],"wp:attachment":[{"href":"https:\/\/www.almaria.pt\/fr\/wp-json\/wp\/v2\/media?parent=97"}],"curies":[{"name":"wp","href":"https:\/\/api.w.org\/{rel}","templated":true}]}}