{"id":84,"date":"2026-02-25T16:24:28","date_gmt":"2026-02-25T16:24:28","guid":{"rendered":"https:\/\/almaria.ms3.decms.eu\/?page_id=84"},"modified":"2026-03-30T09:43:16","modified_gmt":"2026-03-30T09:43:16","slug":"termos-e-condicoes","status":"publish","type":"page","link":"https:\/\/www.almaria.pt\/pt-pt\/termos-e-condicoes\/","title":{"rendered":"Termos e Condi\u00e7\u00f5es"},"content":{"rendered":"<p><strong>O hor\u00e1rio de funcionamento da rece\u00e7\u00e3o \u00e9 limitado \u2013 entre as 09:00h e as 18:00h. <\/strong><\/p>\n<p><strong>\u00c9 importante avisar com anteced\u00eancia o seu hor\u00e1rio de chegada ao Edif\u00edcio por email reservations@almaria.pt ou WhatsApp +351 912 848 555.<\/strong><\/p>\n<p><strong>Se a sua chegada for ap\u00f3s as 18h00, n\u00e3o se preocupe!<\/strong><br \/>\nEmbora a rece\u00e7\u00e3o j\u00e1 esteja encerrada, pode entrar em contacto com o nosso concierge para organizar o seu check-in.<\/p>\n<p>&nbsp;<\/p>\n<p><strong>Late check-out:<\/strong><br \/>\nO check-out deve ser realizado at\u00e9 \u00e0s 12:00h. Caso precise de mais tempo, \u00e9 poss\u00edvel estender a sa\u00edda at\u00e9 \u00e0s 14:00h sem custo adicional. Basta consultar a disponibilidade com o nosso concierge.<\/p>\n<p>O check-out a partir das 14:00h \u2013 tem um custo equivalente a 1 noite\/di\u00e1ria de alojamento.<\/p>\n<p>A Taxa Municipal Tur\u00edstica da Cidade de Lisboa \u00e9 de 4 euros por pessoa, e por noite, e \u00e9 aplicada a todos os h\u00f3spedes com mais de 13 anos, at\u00e9 um m\u00e1ximo de 7 noites consecutivas.<\/p>\n<p>O pagamento deste valor ser\u00e1 solicitado no momento do check-in, n\u00e3o estando inclu\u00eddo no montante da reserva.<\/p>\n<p>&nbsp;<\/p>\n<p><strong>Regras comuns e importantes na Almaria:<\/strong><\/p>\n<p>Na Almaria respeitamos a sensa\u00e7\u00e3o de conforto, seguran\u00e7a e tranquilidade que proporcionamos aos seus h\u00f3spedes, por esse motivo:<\/p>\n<p>Pedimos sil\u00eancio entre as 20:00h e as 08:00h;<br \/>\nN\u00e3o \u00e9 permitido fumar, seja nos apartamentos ou em espa\u00e7os p\u00fablicos. San\u00e7\u00f5es podem ser aplicadas;<br \/>\nN\u00e3o permitimos que pessoas com idade inferior a 18 anos ficassem hospedadas sozinhas no nosso alojamento.<br \/>\nN\u00e3o \u00e9 permitido a sa\u00edda de artigos do Alojamento para uso pessoal pelo h\u00f3spede (toalhas de banho\/cozinha, copos, talheres, etc);<br \/>\nN\u00e3o dispomos de estacionamento em qualquer dos Edif\u00edcios Almaria;<br \/>\nA limpeza dos apartamentos ocupados \u00e9 feita diariamente at\u00e9 \u00e0s 17:00h;<br \/>\nSe o n\u00famero de h\u00f3spedes exceder o indicado na reserva, poder\u00e3o ser aplicados custos adicionais, variando conforme a idade (crian\u00e7a ou adulto).<\/p>\n<p>&nbsp;<\/p>\n<p><strong>Por favor, note que n\u00e3o aceitamos festas\/despedidas de solteiro(a) que possam afetar esse sentimento dos nossos h\u00f3spedes. <\/strong><br \/>\nSe este for o prop\u00f3sito do seu grupo, por favor, n\u00e3o reserve acomoda\u00e7\u00f5es na Almaria, pois isso n\u00e3o ser\u00e1 permitido.<\/p>\n<p>Hora de entrada 3:00 PM<br \/>\nHora de sa\u00edda 12:00 PM<br \/>\nIdade das crian\u00e7as 12<br \/>\nAnimais n\u00e3o est\u00e3o autorizados<\/p>\n","protected":false},"excerpt":{"rendered":"<p>O hor\u00e1rio de funcionamento da rece\u00e7\u00e3o \u00e9 limitado \u2013 entre as 09:00h e as 18:00h. \u00c9 importante avisar com anteced\u00eancia o seu hor\u00e1rio de chegada ao Edif\u00edcio por email reservations@almaria.pt ou WhatsApp +351 912 848 555. Se a sua chegada for ap\u00f3s as 18h00, n\u00e3o se preocupe! Embora a rece\u00e7\u00e3o j\u00e1 esteja encerrada, pode entrar [&hellip;]<\/p>\n","protected":false},"author":8,"featured_media":0,"parent":0,"menu_order":889,"comment_status":"closed","ping_status":"closed","template":"","meta":{"footnotes":""},"class_list":["post-84","page","type-page","status-publish","hentry"],"yoast_head":"<!-- This site is optimized with the Yoast SEO plugin v26.9 - https:\/\/yoast.com\/product\/yoast-seo-wordpress\/ -->\n<title>Termos e Condi\u00e7\u00f5es &#8211; Almaria &#8211;<\/title>\n<meta name=\"description\" content=\"O hor\u00e1rio de funcionamento da rece\u00e7\u00e3o \u00e9 limitado \u2013 entre as 09:00h e as 18:00h.   \u00c9 importante avisar com anteced\u00eancia o seu hor\u00e1rio de chegada ao Edif\u00edcio por email reservations@almaria.pt ou WhatsApp +351 912 848 555.  Se a sua chegada for ap\u00f3s as 18h00, n\u00e3o se preocupe! Embora a rece\u00e7\u00e3o j\u00e1 esteja encerrada, pode entrar em contacto com o nosso concierge para organizar o seu check-in.  &nbsp;  Late check-out: O check-out deve ser realizado at\u00e9 \u00e0s 12:00h\" \/>\n<meta name=\"robots\" content=\"index, follow, max-snippet:-1, max-image-preview:large, max-video-preview:-1\" \/>\n<link rel=\"canonical\" href=\"https:\/\/www.almaria.pt\/pt-pt\/termos-e-condicoes\/\" \/>\n<meta property=\"og:locale\" content=\"pt_PT\" \/>\n<meta property=\"og:type\" content=\"article\" \/>\n<meta property=\"og:title\" content=\"Termos e Condi\u00e7\u00f5es &#8211; Almaria &#8211;\" \/>\n<meta property=\"og:description\" content=\"O hor\u00e1rio de funcionamento da rece\u00e7\u00e3o \u00e9 limitado \u2013 entre as 09:00h e as 18:00h.   \u00c9 importante avisar com anteced\u00eancia o seu hor\u00e1rio de chegada ao Edif\u00edcio por email reservations@almaria.pt ou WhatsApp +351 912 848 555.  Se a sua chegada for ap\u00f3s as 18h00, n\u00e3o se preocupe! Embora a rece\u00e7\u00e3o j\u00e1 esteja encerrada, pode entrar em contacto com o nosso concierge para organizar o seu check-in.  &nbsp;  Late check-out: O check-out deve ser realizado at\u00e9 \u00e0s 12:00h\" \/>\n<meta property=\"og:url\" content=\"https:\/\/www.almaria.pt\/pt-pt\/termos-e-condicoes\/\" \/>\n<meta property=\"og:site_name\" content=\"Almaria\" \/>\n<meta property=\"article:publisher\" content=\"https:\/\/www.facebook.com\/almariaedificioscomhistoria\/\" \/>\n<meta property=\"article:modified_time\" content=\"2026-03-30T09:43:16+00:00\" \/>\n<meta property=\"og:image\" content=\"https:\/\/www.almaria.pt\/wp-content\/uploads\/sites\/58\/2026\/03\/river-view-3-bedrooms-ex-libris-apartments-chiado-almaria-2.jpg\" \/>\n\t<meta property=\"og:image:width\" content=\"2200\" \/>\n\t<meta property=\"og:image:height\" content=\"1466\" \/>\n\t<meta property=\"og:image:type\" content=\"image\/jpeg\" \/>\n<meta name=\"twitter:card\" content=\"summary_large_image\" \/>\n<meta name=\"twitter:label1\" content=\"Est. reading time\" \/>\n\t<meta name=\"twitter:data1\" content=\"2 minutos\" \/>\n<script type=\"application\/ld+json\" class=\"yoast-schema-graph\">{\"@context\":\"https:\/\/schema.org\",\"@graph\":[{\"@type\":\"WebPage\",\"@id\":\"https:\/\/www.almaria.pt\/pt-pt\/termos-e-condicoes\/\",\"url\":\"https:\/\/www.almaria.pt\/pt-pt\/termos-e-condicoes\/\",\"name\":\"Termos e Condi\u00e7\u00f5es &#8211; Almaria &#8211;\",\"isPartOf\":{\"@id\":\"https:\/\/www.almaria.pt\/pt-pt\/#website\"},\"datePublished\":\"2026-02-25T16:24:28+00:00\",\"dateModified\":\"2026-03-30T09:43:16+00:00\",\"description\":\"O hor\u00e1rio de funcionamento da rece\u00e7\u00e3o \u00e9 limitado \u2013 entre as 09:00h e as 18:00h. \u00c9 importante avisar com anteced\u00eancia o seu hor\u00e1rio de chegada ao Edif\u00edcio por email reservations@almaria.pt ou WhatsApp +351 912 848 555. Se a sua chegada for ap\u00f3s as 18h00, n\u00e3o se preocupe! Embora a rece\u00e7\u00e3o j\u00e1 esteja encerrada, pode entrar em contacto com o nosso concierge para organizar o seu check-in. &nbsp; Late check-out: O check-out deve ser realizado at\u00e9 \u00e0s 12:00h\",\"breadcrumb\":{\"@id\":\"https:\/\/www.almaria.pt\/pt-pt\/termos-e-condicoes\/#breadcrumb\"},\"inLanguage\":\"pt-PT\",\"potentialAction\":[{\"@type\":\"ReadAction\",\"target\":[\"https:\/\/www.almaria.pt\/pt-pt\/termos-e-condicoes\/\"]}]},{\"@type\":\"BreadcrumbList\",\"@id\":\"https:\/\/www.almaria.pt\/pt-pt\/termos-e-condicoes\/#breadcrumb\",\"itemListElement\":[{\"@type\":\"ListItem\",\"position\":1,\"name\":\"Home\",\"item\":\"https:\/\/www.almaria.pt\/pt-pt\/\"},{\"@type\":\"ListItem\",\"position\":2,\"name\":\"Termos e Condi\u00e7\u00f5es\"}]},{\"@type\":\"WebSite\",\"@id\":\"https:\/\/www.almaria.pt\/pt-pt\/#website\",\"url\":\"https:\/\/www.almaria.pt\/pt-pt\/\",\"name\":\"Almaria - Edif\u00edcios com Hist\u00f3ria\",\"description\":\"\",\"publisher\":{\"@id\":\"https:\/\/www.almaria.pt\/pt-pt\/#organization\"},\"alternateName\":\"Almaria - Edif\u00edcios com Hist\u00f3ria\",\"potentialAction\":[{\"@type\":\"SearchAction\",\"target\":{\"@type\":\"EntryPoint\",\"urlTemplate\":\"https:\/\/www.almaria.pt\/pt-pt\/?s={search_term_string}\"},\"query-input\":{\"@type\":\"PropertyValueSpecification\",\"valueRequired\":true,\"valueName\":\"search_term_string\"}}],\"inLanguage\":\"pt-PT\"},{\"@type\":\"Organization\",\"@id\":\"https:\/\/www.almaria.pt\/pt-pt\/#organization\",\"name\":\"Almaria - Edif\u00edcios com Hist\u00f3ria\",\"alternateName\":\"Almaria - Edif\u00edcios com Hist\u00f3ria\",\"url\":\"https:\/\/www.almaria.pt\/pt-pt\/\",\"logo\":{\"@type\":\"ImageObject\",\"inLanguage\":\"pt-PT\",\"@id\":\"https:\/\/www.almaria.pt\/pt-pt\/#\/schema\/logo\/image\/\",\"url\":\"https:\/\/www.almaria.pt\/wp-content\/uploads\/sites\/58\/2026\/03\/black-historic-luxury-apartments-lisbon-logo-Almaria-new.png\",\"contentUrl\":\"https:\/\/www.almaria.pt\/wp-content\/uploads\/sites\/58\/2026\/03\/black-historic-luxury-apartments-lisbon-logo-Almaria-new.png\",\"width\":230,\"height\":300,\"caption\":\"Almaria - Edif\u00edcios com Hist\u00f3ria\"},\"image\":{\"@id\":\"https:\/\/www.almaria.pt\/pt-pt\/#\/schema\/logo\/image\/\"},\"sameAs\":[\"https:\/\/www.facebook.com\/almariaedificioscomhistoria\/\",\"https:\/\/www.instagram.com\/almaria_lisbon_apartments\/?hl=en\",\"https:\/\/www.linkedin.com\/company\/almaria-edif\u00edcios-com-hist\u00f3ria\/?viewAsMember=true\"]}]}<\/script>\n<!-- \/ Yoast SEO plugin. -->","yoast_head_json":{"title":"Termos e Condi\u00e7\u00f5es &#8211; Almaria &#8211;","description":"O hor\u00e1rio de funcionamento da rece\u00e7\u00e3o \u00e9 limitado \u2013 entre as 09:00h e as 18:00h.   \u00c9 importante avisar com anteced\u00eancia o seu hor\u00e1rio de chegada ao Edif\u00edcio por email reservations@almaria.pt ou WhatsApp +351 912 848 555.  Se a sua chegada for ap\u00f3s as 18h00, n\u00e3o se preocupe! Embora a rece\u00e7\u00e3o j\u00e1 esteja encerrada, pode entrar em contacto com o nosso concierge para organizar o seu check-in.  &nbsp;  Late check-out: O check-out deve ser realizado at\u00e9 \u00e0s 12:00h","robots":{"index":"index","follow":"follow","max-snippet":"max-snippet:-1","max-image-preview":"max-image-preview:large","max-video-preview":"max-video-preview:-1"},"canonical":"https:\/\/www.almaria.pt\/pt-pt\/termos-e-condicoes\/","og_locale":"pt_PT","og_type":"article","og_title":"Termos e Condi\u00e7\u00f5es &#8211; Almaria &#8211;","og_description":"O hor\u00e1rio de funcionamento da rece\u00e7\u00e3o \u00e9 limitado \u2013 entre as 09:00h e as 18:00h.   \u00c9 importante avisar com anteced\u00eancia o seu hor\u00e1rio de chegada ao Edif\u00edcio por email reservations@almaria.pt ou WhatsApp +351 912 848 555.  Se a sua chegada for ap\u00f3s as 18h00, n\u00e3o se preocupe! Embora a rece\u00e7\u00e3o j\u00e1 esteja encerrada, pode entrar em contacto com o nosso concierge para organizar o seu check-in.  &nbsp;  Late check-out: O check-out deve ser realizado at\u00e9 \u00e0s 12:00h","og_url":"https:\/\/www.almaria.pt\/pt-pt\/termos-e-condicoes\/","og_site_name":"Almaria","article_publisher":"https:\/\/www.facebook.com\/almariaedificioscomhistoria\/","article_modified_time":"2026-03-30T09:43:16+00:00","og_image":[{"width":2200,"height":1466,"url":"https:\/\/www.almaria.pt\/wp-content\/uploads\/sites\/58\/2026\/03\/river-view-3-bedrooms-ex-libris-apartments-chiado-almaria-2.jpg","type":"image\/jpeg"}],"twitter_card":"summary_large_image","twitter_misc":{"Est. reading time":"2 minutos"},"schema":{"@context":"https:\/\/schema.org","@graph":[{"@type":"WebPage","@id":"https:\/\/www.almaria.pt\/pt-pt\/termos-e-condicoes\/","url":"https:\/\/www.almaria.pt\/pt-pt\/termos-e-condicoes\/","name":"Termos e Condi\u00e7\u00f5es &#8211; Almaria &#8211;","isPartOf":{"@id":"https:\/\/www.almaria.pt\/pt-pt\/#website"},"datePublished":"2026-02-25T16:24:28+00:00","dateModified":"2026-03-30T09:43:16+00:00","description":"O hor\u00e1rio de funcionamento da rece\u00e7\u00e3o \u00e9 limitado \u2013 entre as 09:00h e as 18:00h. \u00c9 importante avisar com anteced\u00eancia o seu hor\u00e1rio de chegada ao Edif\u00edcio por email reservations@almaria.pt ou WhatsApp +351 912 848 555. Se a sua chegada for ap\u00f3s as 18h00, n\u00e3o se preocupe! Embora a rece\u00e7\u00e3o j\u00e1 esteja encerrada, pode entrar em contacto com o nosso concierge para organizar o seu check-in. &nbsp; Late check-out: O check-out deve ser realizado at\u00e9 \u00e0s 12:00h","breadcrumb":{"@id":"https:\/\/www.almaria.pt\/pt-pt\/termos-e-condicoes\/#breadcrumb"},"inLanguage":"pt-PT","potentialAction":[{"@type":"ReadAction","target":["https:\/\/www.almaria.pt\/pt-pt\/termos-e-condicoes\/"]}]},{"@type":"BreadcrumbList","@id":"https:\/\/www.almaria.pt\/pt-pt\/termos-e-condicoes\/#breadcrumb","itemListElement":[{"@type":"ListItem","position":1,"name":"Home","item":"https:\/\/www.almaria.pt\/pt-pt\/"},{"@type":"ListItem","position":2,"name":"Termos e Condi\u00e7\u00f5es"}]},{"@type":"WebSite","@id":"https:\/\/www.almaria.pt\/pt-pt\/#website","url":"https:\/\/www.almaria.pt\/pt-pt\/","name":"Almaria - Edif\u00edcios com Hist\u00f3ria","description":"","publisher":{"@id":"https:\/\/www.almaria.pt\/pt-pt\/#organization"},"alternateName":"Almaria - Edif\u00edcios com Hist\u00f3ria","potentialAction":[{"@type":"SearchAction","target":{"@type":"EntryPoint","urlTemplate":"https:\/\/www.almaria.pt\/pt-pt\/?s={search_term_string}"},"query-input":{"@type":"PropertyValueSpecification","valueRequired":true,"valueName":"search_term_string"}}],"inLanguage":"pt-PT"},{"@type":"Organization","@id":"https:\/\/www.almaria.pt\/pt-pt\/#organization","name":"Almaria - Edif\u00edcios com Hist\u00f3ria","alternateName":"Almaria - Edif\u00edcios com Hist\u00f3ria","url":"https:\/\/www.almaria.pt\/pt-pt\/","logo":{"@type":"ImageObject","inLanguage":"pt-PT","@id":"https:\/\/www.almaria.pt\/pt-pt\/#\/schema\/logo\/image\/","url":"https:\/\/www.almaria.pt\/wp-content\/uploads\/sites\/58\/2026\/03\/black-historic-luxury-apartments-lisbon-logo-Almaria-new.png","contentUrl":"https:\/\/www.almaria.pt\/wp-content\/uploads\/sites\/58\/2026\/03\/black-historic-luxury-apartments-lisbon-logo-Almaria-new.png","width":230,"height":300,"caption":"Almaria - Edif\u00edcios com Hist\u00f3ria"},"image":{"@id":"https:\/\/www.almaria.pt\/pt-pt\/#\/schema\/logo\/image\/"},"sameAs":["https:\/\/www.facebook.com\/almariaedificioscomhistoria\/","https:\/\/www.instagram.com\/almaria_lisbon_apartments\/?hl=en","https:\/\/www.linkedin.com\/company\/almaria-edif\u00edcios-com-hist\u00f3ria\/?viewAsMember=true"]}]}},"acf":[],"_links":{"self":[{"href":"https:\/\/www.almaria.pt\/pt-pt\/wp-json\/wp\/v2\/pages\/84","targetHints":{"allow":["GET"]}}],"collection":[{"href":"https:\/\/www.almaria.pt\/pt-pt\/wp-json\/wp\/v2\/pages"}],"about":[{"href":"https:\/\/www.almaria.pt\/pt-pt\/wp-json\/wp\/v2\/types\/page"}],"author":[{"embeddable":true,"href":"https:\/\/www.almaria.pt\/pt-pt\/wp-json\/wp\/v2\/users\/8"}],"replies":[{"embeddable":true,"href":"https:\/\/www.almaria.pt\/pt-pt\/wp-json\/wp\/v2\/comments?post=84"}],"version-history":[{"count":0,"href":"https:\/\/www.almaria.pt\/pt-pt\/wp-json\/wp\/v2\/pages\/84\/revisions"}],"wp:attachment":[{"href":"https:\/\/www.almaria.pt\/pt-pt\/wp-json\/wp\/v2\/media?parent=84"}],"curies":[{"name":"wp","href":"https:\/\/api.w.org\/{rel}","templated":true}]}}