{"id":95,"date":"2026-02-25T16:20:04","date_gmt":"2026-02-25T16:20:04","guid":{"rendered":"https:\/\/almaria.ms3.decms.eu\/?page_id=95"},"modified":"2026-04-13T10:57:28","modified_gmt":"2026-04-13T10:57:28","slug":"privacidade-e-cookies","status":"publish","type":"page","link":"https:\/\/www.almaria.pt\/pt-pt\/privacidade-e-cookies\/","title":{"rendered":"Privacidade e Cookies"},"content":{"rendered":"<h3><em>Pol\u00edtica de Privacidade &#8211; Website \u2013 25 de maio de 2018<\/em><\/h3>\n<p>Este aviso de privacidade informa-o sobre as informa\u00e7\u00f5es que recolhemos quando utiliza o nosso site. Ao recolher essa informa\u00e7\u00e3o, estamos atuando como um respons\u00e1vel pelo tratamento de dados e, por lei, somos obrigados a fornecer-lhe informa\u00e7\u00f5es sobre n\u00f3s, sobre o porqu\u00ea e como utilizamos os seus dados, e sobre os direitos que tem sobre seus dados.<\/p>\n<h3><em>Quem somos?<\/em><\/h3>\n<p>Somos a empresa Almaria \u2013 Edif\u00edcios com Hist\u00f3ria. O nosso endere\u00e7o \u00e9 Rua Tierno Galvan, Torre 3 \u2013 3\u00ba Piso Fra\u00e7\u00e3o DI, DK e DJ, 1170-274 Lisboa. Pode contatar-nos pelo endere\u00e7o acima, por email em reservations@almaria.pt ou por telefone 351\u00a0912 848 555.<\/p>\n<p>N\u00e3o somos obrigados a ter um Encarregado de prote\u00e7\u00e3o de dados, por isso qualquer quest\u00e3o sobre o nosso uso de seus dados pessoais devem ser endere\u00e7ados para os contatos acima.<\/p>\n<h3><em>Como utilizamos os seus Dados Pessoais<\/em><\/h3>\n<p><a href=\"https:\/\/www.almaria.pt\/pt\/hotel-policies.html#_When_you_use\">Quando utiliza o nosso Website<\/a><\/p>\n<p><a href=\"https:\/\/www.almaria.pt\/pt\/hotel-policies.html#_When_you_submit\">Quando envia um formul\u00e1rio atrav\u00e9s do nosso site<\/a><\/p>\n<p><a href=\"https:\/\/www.almaria.pt\/pt\/hotel-policies.html#_When_you_sign\">Quando se inscrever para receber a nossa newsletter<\/a><\/p>\n<p><a href=\"https:\/\/www.almaria.pt\/pt\/hotel-policies.html#_When_you_download\">Quando fizer o download de um documento de exemplo<\/a><\/p>\n<p><a href=\"https:\/\/www.almaria.pt\/pt\/hotel-policies.html#_When_you_submit_1\">Quando enviar um coment\u00e1rio sobre n\u00f3s<\/a><\/p>\n<p><a href=\"https:\/\/www.almaria.pt\/pt\/hotel-policies.html#_Your_right_to\">Os seus direitos como Titular de dados<\/a><\/p>\n<p><a href=\"https:\/\/www.almaria.pt\/pt\/hotel-policies.html#_Your_right_to\">Direito de reclama\u00e7\u00e3o<\/a><\/p>\n<p><a href=\"https:\/\/www.almaria.pt\/pt\/hotel-policies.html#_Updates_to_this\">Atualiza\u00e7\u00f5es a esta pol\u00edtica de privacidade<\/a><\/p>\n<h3><em>Quando utiliza o nosso Web site<\/em><\/h3>\n<p>Quando utiliza o nosso Web site para procurar os produtos e servi\u00e7os e ver as informa\u00e7\u00f5es que disponibilizamos, uma s\u00e9rie de os cookies s\u00e3o usados por n\u00f3s e por terceiros para permitir que o site funcione, para recolher informa\u00e7\u00f5es \u00fateis sobre os visitantes e para ajudar a tornar sua experi\u00eancia de utilizador.<\/p>\n<p>(\u2026) Alguns dos cookies que usamos s\u00e3o estritamente necess\u00e1rios para o nosso site funcionar, para os cookies que s\u00e3o \u00fateis, mas n\u00e3o estritamente necess\u00e1rios, vamos sempre pedir o seu consentimento antes de coloc\u00e1-los. Usamos 2 tipos de cookies:<br \/>\n\u2013 Cookies permanentes -Ficam armazenados ao n\u00edvel do navegador de internet (browser) nos seus dispositivos de acesso (pc, mobile e tablet) e s\u00e3o utilizados sempre que o utilizador faz uma nova visita ao site. Geralmente s\u00e3o utilizados para direcionar a navega\u00e7\u00e3o de acordo com os interesses do visitante, permitindo-nos prestar um servi\u00e7o mais personalizado.<br \/>\n\u2013 Cookies de sess\u00e3o \u2013 S\u00e3o tempor\u00e1rios, permanecem nos cookies do seu navegador de internet (browser) at\u00e9 sair do site. A informa\u00e7\u00e3o obtida permite identificar problemas e fornecer uma melhor experi\u00eancia de navega\u00e7\u00e3o.<\/p>\n<p>Depois de autorizar o uso de cookies, o utilizador pode sempre desativar parte ou a totalidade dos nossos cookies. Todos os navegadores de internet (browsers) permitem ao visitante aceitar, recusar ou apagar cookies, atrav\u00e9s da gest\u00e3o das defini\u00e7\u00f5es no respetivo navegador. Recordamos que ao desativar os cookies, partes do nosso site podem n\u00e3o funcionar corretamente.<\/p>\n<p>Pode obter mais informa\u00e7\u00f5es sobre cookies no seguinte link:<em>\u00a0<a href=\"http:\/\/www.allaboutcookies.org\/\">www.allaboutcookies.org<\/a><\/em><\/p>\n<p>&nbsp;<\/p>\n<a href=\"#dedge-didomi-show-cookie-preferences\" class=\"dedge-didomi-preferences-button\">Consent preferences<\/a>\n<p>&nbsp;<\/p>\n<h3><em>Quando envia um formul\u00e1rio atrav\u00e9s do nosso site<\/em><\/h3>\n<p>Quando envia um formul\u00e1rio atrav\u00e9s do nosso website, pedimos-lhe o seu nome, n\u00famero de telefone e endere\u00e7o de e-mail.<\/p>\n<p>Utilizamos esta informa\u00e7\u00e3o para responder \u00e0 sua consulta, fornecendo-lhe qualquer informa\u00e7\u00e3o solicitada sobre os nossos produtos e servi\u00e7os. Tamb\u00e9m podemos enviar-lhe mensagens por correio eletr\u00f3nico ap\u00f3s o seu envio de formul\u00e1rios para avaliar o seu interesse e assegurarmo-nos de que respondemos \u00e0 sua quest\u00e3o. Faremos isto baseado no nosso interesse leg\u00edtimo em fornecer a informa\u00e7\u00e3o exata antes duma venda.<\/p>\n<p>O seu formul\u00e1rio \u00e9 armazenado e processado como um e-mail nos nossos computadores no \u00e2mbito do Espa\u00e7o Econ\u00f3mico Europeu (EEE).<\/p>\n<p>N\u00e3o usamos as informa\u00e7\u00f5es que fornece para fazer quaisquer decis\u00f5es automatizadas que possam afet\u00e1-lo.<\/p>\n<p>Iremos manter o email do formul\u00e1rio por dois anos, ap\u00f3s esse per\u00edodo s\u00e3o arquivados e mantidos por sete anos, ap\u00f3s esse per\u00edodo apagamo-los.<\/p>\n<h3><em>Quando se inscrever para receber a nossa newsletter<\/em><\/h3>\n<p>Quando se inscrever para receber a nossa newsletter, pedimos o seu endere\u00e7o de e-mail.<\/p>\n<p>Pediremos o seu consentimento para usar o endere\u00e7o de e-mail para lhe enviarmos a nossa newsletter que cont\u00e9m informa\u00e7\u00f5es sobre os nossos produtos e outras informa\u00e7\u00f5es que podem ser do seu interesse.<\/p>\n<p>Pode retirar o seu consentimento a qualquer momento e iremos deixar de lhe enviar a newsletter.<\/p>\n<p>O seu endere\u00e7o de e-mail \u00e9 partilhado com um sistema de envio autom\u00e1tico de emails baseado nos Estados Unidos. Esta empresa contratualmente comprometeu-se a fornecer a seguran\u00e7a apropriada para o tratamento dos seus dados pessoais o que significa que ser\u00e1 protegido em conson\u00e2ncia com os requisitos legais da Uni\u00e3o Europeia.<\/p>\n<p>N\u00e3o usamos as informa\u00e7\u00f5es que fornece para fazer quaisquer decis\u00f5es automatizadas que possam afet\u00e1-lo.<\/p>\n<p>Mantemos os seus dados pessoais enquanto produzirmos e distribuirmos a nossa newsletter. Se retirar o seu consentimento, vamos marcar os seus dados para que eles n\u00e3o sejam utilizados e apag\u00e1-los ap\u00f3s dois anos.<\/p>\n<h3><em>Quando fizer o download de um documento de exemplo<\/em><\/h3>\n<p>Quando solicitar o download no nosso website, como um livro branco. Pedimos o seu nome, nome da empresa (que \u00e9 opcional) e seu endere\u00e7o de e-mail.<\/p>\n<p>Utilizamos esta informa\u00e7\u00e3o para enviar-lhe um link para fazer o download do documento solicitado. Tamb\u00e9m poderemos enviar um e-mail ap\u00f3s o seu download para acompanhar o seu interesse nos nossos produtos e servi\u00e7os. Faremos isso com base no nosso interesse leg\u00edtimo de marketing para poss\u00edveis clientes dos nossos produtos e servi\u00e7os.<\/p>\n<p>Seu nome e endere\u00e7o de e-mail s\u00e3o partilhados com um sistema de pagamentos que \u00e9 baseado no Luxemburgo. Esta empresa compromete-se contratualmente a fornecer a seguran\u00e7a adequada ao tratamento dos seus dados pessoais, o que significa que ser\u00e1 protegida em conformidade com os requisitos legais da Uni\u00e3o Europeia.<\/p>\n<p>N\u00e3o usamos as informa\u00e7\u00f5es que fornece para fazer quaisquer decis\u00f5es automatizadas que possam afet\u00e1-lo.<\/p>\n<p>Os seus dados pessoais s\u00e3o armazenados por um ano ap\u00f3s ter solicitado o download, ap\u00f3s o qual s\u00e3o apagados.<\/p>\n<h3><em>Quando enviar um coment\u00e1rio sobre n\u00f3s<\/em><\/h3>\n<p>Quando envia um coment\u00e1rio sobre n\u00f3s gravamos seu nome, seu endere\u00e7o de e-mail e seu IP (Internet Protocol) endere\u00e7o, que \u00e9 o endere\u00e7o do seu computador na Internet.<\/p>\n<p>Usamos esta informa\u00e7\u00e3o para que se forne\u00e7am opini\u00f5es independentes verificadas sobre nossos produtos e servi\u00e7os aos clientes potenciais. O seu nome e o conte\u00fado do seu coment\u00e1rio e o seu endere\u00e7o de e-mail podem ser exibidos publicamente no nosso site. Faremos isso com base no nosso leg\u00edtimo interesse em comercializar os nossos produtos e servi\u00e7os.<\/p>\n<p>N\u00e3o usamos as informa\u00e7\u00f5es que fornece para fazer quaisquer decis\u00f5es automatizadas que possam afet\u00e1-lo.<\/p>\n<p>Os seus dados pessoais s\u00e3o armazenados desde que estejamos a comercializar o produto ou servi\u00e7os a que o coment\u00e1rio se refere, ap\u00f3s o qual ser\u00e1 apagado. Voc\u00ea pode pedir-nos para remover o seu coment\u00e1rio a qualquer momento.<\/p>\n<h3><em>Os seus direitos como Titular de Dados<\/em><\/h3>\n<p>Por lei, pode solicitar-nos que informa\u00e7\u00e3o recolhemos sobre si, e pode solicitar-nos para corrigi-los se forem imprecisos. N\u00f3s pedimos o seu consentimento para tratamento dos seus dados pessoais, voc\u00ea poder\u00e1 retirar esse consentimento a qualquer momento.<\/p>\n<p>Poderemos fazer o tratamento dos seus dados pessoais porque nos deu o consentimento ou para cumprir um contrato, poder\u00e1 solicitar-nos uma c\u00f3pia da informa\u00e7\u00e3o em formato digital para que possa transferi-lo para outro fornecedor.<\/p>\n<p>Poderemos fazer o tratamento dos seus dados pessoais porque nos deu o consentimento ou interesse leg\u00edtimo, poder\u00e1 solicitar que os seus dados sejam apagados.<\/p>\n<p>Tem o direito de nos solicitar que suspendamos o tratamento dos seus dados pessoais por um per\u00edodo se acreditar que n\u00e3o estamos a faz\u00ea-lo de forma licita.<\/p>\n<p>Finalmente, em algumas circunst\u00e2ncias, pode solicitar-nos para n\u00e3o fazermos processamento automatizado ou cria\u00e7\u00e3o de perfil.<\/p>\n<p>Para submeter um pedido sobre os seus dados pessoais poder\u00e1 faz\u00ea-lo por e-mail, correio ou telefone, veja as informa\u00e7\u00f5es de contacto fornecidas acima na parte\u00a0<a href=\"https:\/\/www.almaria.pt\/pt\/hotel-policies.html#_Who_are_we?\">Quem somos<\/a><\/p>\n<h3><em>Direito de Reclama\u00e7\u00e3o<\/em><\/h3>\n<p>Se tem uma reclama\u00e7\u00e3o sobre o nosso tratamento dos seus dados pessoais, preferimos que entre em contato connosco diretamente em primeiro lugar para que possamos resolver a sua queixa. No entanto, \u00e9 tamb\u00e9m poss\u00edvel contactar a Comiss\u00e3o Nacional de Prote\u00e7\u00e3o de Dados atrav\u00e9s do seu site em\u00a0<a href=\"https:\/\/www.cnpd.pt\/\">https:\/\/www.cnpd.pt\/<\/a>\u00a0ou para a morda:<\/p>\n<p>Comiss\u00e3o Nacional de Prote\u00e7\u00e3o de Dados<\/p>\n<p>Rua de S\u00e3o Bento n.\u00ba 148-3\u00ba<\/p>\n<p>1200-821 Lisboa<\/p>\n<h3><em>Atualiza\u00e7\u00f5es a esta Pol\u00edtica de Privacidade<\/em><\/h3>\n<p>Iremos rever regularmente esta pol\u00edtica e, se for caso disso, atualizar esta pol\u00edtica de privacidade, uma vez que os nossos servi\u00e7os e tratamento de dados pessoais evoluem. Se pretendermos utilizar os seus dados pessoais duma forma que n\u00e3o tenhamos previamente identificado, entraremos em contato consigo para fornecer informa\u00e7\u00f5es sobre essa utiliza\u00e7\u00e3o e, se necess\u00e1rio, pedir o seu consentimento.<\/p>\n<p>Atualizaremos o n\u00famero de vers\u00e3o e a data deste documento sempre que for alterado.<\/p>\n","protected":false},"excerpt":{"rendered":"<p>Pol\u00edtica de Privacidade &#8211; Website \u2013 25 de maio de 2018 Este aviso de privacidade informa-o sobre as informa\u00e7\u00f5es que recolhemos quando utiliza o nosso site. Ao recolher essa informa\u00e7\u00e3o, estamos atuando como um respons\u00e1vel pelo tratamento de dados e, por lei, somos obrigados a fornecer-lhe informa\u00e7\u00f5es sobre n\u00f3s, sobre o porqu\u00ea e como utilizamos [&hellip;]<\/p>\n","protected":false},"author":8,"featured_media":0,"parent":0,"menu_order":990,"comment_status":"closed","ping_status":"closed","template":"","meta":{"footnotes":""},"class_list":["post-95","page","type-page","status-publish","hentry"],"yoast_head":"<!-- This site is optimized with the Yoast SEO plugin v26.9 - https:\/\/yoast.com\/product\/yoast-seo-wordpress\/ -->\n<title>Privacidade e Cookies &#8211; Almaria &#8211;<\/title>\n<meta name=\"description\" content=\"Pol\u00edtica de Privacidade - Website \u2013 25 de maio de 2018 Este aviso de privacidade informa-o sobre as informa\u00e7\u00f5es que recolhemos quando utiliza o nosso site. Ao recolher essa informa\u00e7\u00e3o, estamos atuando como um respons\u00e1vel pelo tratamento de dados e, por lei, somos obrigados a fornecer-lhe informa\u00e7\u00f5es sobre n\u00f3s, sobre o porqu\u00ea e como utilizamos os seus dados, e sobre os direitos que tem sobre seus dados. Quem somos? Somos a empresa Almaria \u2013 Edif\u00edcios com Hist\u00f3ria\" \/>\n<meta name=\"robots\" content=\"index, follow, max-snippet:-1, max-image-preview:large, max-video-preview:-1\" \/>\n<link rel=\"canonical\" href=\"https:\/\/www.almaria.pt\/pt-pt\/privacidade-e-cookies\/\" \/>\n<meta property=\"og:locale\" content=\"pt_PT\" \/>\n<meta property=\"og:type\" content=\"article\" \/>\n<meta property=\"og:title\" content=\"Privacidade e Cookies &#8211; Almaria &#8211;\" \/>\n<meta property=\"og:description\" content=\"Pol\u00edtica de Privacidade - Website \u2013 25 de maio de 2018 Este aviso de privacidade informa-o sobre as informa\u00e7\u00f5es que recolhemos quando utiliza o nosso site. Ao recolher essa informa\u00e7\u00e3o, estamos atuando como um respons\u00e1vel pelo tratamento de dados e, por lei, somos obrigados a fornecer-lhe informa\u00e7\u00f5es sobre n\u00f3s, sobre o porqu\u00ea e como utilizamos os seus dados, e sobre os direitos que tem sobre seus dados. Quem somos? Somos a empresa Almaria \u2013 Edif\u00edcios com Hist\u00f3ria\" \/>\n<meta property=\"og:url\" content=\"https:\/\/www.almaria.pt\/pt-pt\/privacidade-e-cookies\/\" \/>\n<meta property=\"og:site_name\" content=\"Almaria\" \/>\n<meta property=\"article:publisher\" content=\"https:\/\/www.facebook.com\/almariaedificioscomhistoria\/\" \/>\n<meta property=\"article:modified_time\" content=\"2026-04-13T10:57:28+00:00\" \/>\n<meta property=\"og:image\" content=\"https:\/\/www.almaria.pt\/wp-content\/uploads\/sites\/58\/2026\/03\/river-view-3-bedrooms-ex-libris-apartments-chiado-almaria-2.jpg\" \/>\n\t<meta property=\"og:image:width\" content=\"2200\" \/>\n\t<meta property=\"og:image:height\" content=\"1466\" \/>\n\t<meta property=\"og:image:type\" content=\"image\/jpeg\" \/>\n<meta name=\"twitter:card\" content=\"summary_large_image\" \/>\n<meta name=\"twitter:label1\" content=\"Est. reading time\" \/>\n\t<meta name=\"twitter:data1\" content=\"7 minutos\" \/>\n<script type=\"application\/ld+json\" class=\"yoast-schema-graph\">{\"@context\":\"https:\/\/schema.org\",\"@graph\":[{\"@type\":\"WebPage\",\"@id\":\"https:\/\/www.almaria.pt\/pt-pt\/privacidade-e-cookies\/\",\"url\":\"https:\/\/www.almaria.pt\/pt-pt\/privacidade-e-cookies\/\",\"name\":\"Privacidade e Cookies &#8211; Almaria &#8211;\",\"isPartOf\":{\"@id\":\"https:\/\/www.almaria.pt\/pt-pt\/#website\"},\"datePublished\":\"2026-02-25T16:20:04+00:00\",\"dateModified\":\"2026-04-13T10:57:28+00:00\",\"description\":\"Pol\u00edtica de Privacidade - Website \u2013 25 de maio de 2018 Este aviso de privacidade informa-o sobre as informa\u00e7\u00f5es que recolhemos quando utiliza o nosso site. Ao recolher essa informa\u00e7\u00e3o, estamos atuando como um respons\u00e1vel pelo tratamento de dados e, por lei, somos obrigados a fornecer-lhe informa\u00e7\u00f5es sobre n\u00f3s, sobre o porqu\u00ea e como utilizamos os seus dados, e sobre os direitos que tem sobre seus dados. Quem somos? Somos a empresa Almaria \u2013 Edif\u00edcios com Hist\u00f3ria\",\"breadcrumb\":{\"@id\":\"https:\/\/www.almaria.pt\/pt-pt\/privacidade-e-cookies\/#breadcrumb\"},\"inLanguage\":\"pt-PT\",\"potentialAction\":[{\"@type\":\"ReadAction\",\"target\":[\"https:\/\/www.almaria.pt\/pt-pt\/privacidade-e-cookies\/\"]}]},{\"@type\":\"BreadcrumbList\",\"@id\":\"https:\/\/www.almaria.pt\/pt-pt\/privacidade-e-cookies\/#breadcrumb\",\"itemListElement\":[{\"@type\":\"ListItem\",\"position\":1,\"name\":\"Home\",\"item\":\"https:\/\/www.almaria.pt\/pt-pt\/\"},{\"@type\":\"ListItem\",\"position\":2,\"name\":\"Privacidade e Cookies\"}]},{\"@type\":\"WebSite\",\"@id\":\"https:\/\/www.almaria.pt\/pt-pt\/#website\",\"url\":\"https:\/\/www.almaria.pt\/pt-pt\/\",\"name\":\"Almaria - Edif\u00edcios com Hist\u00f3ria\",\"description\":\"\",\"publisher\":{\"@id\":\"https:\/\/www.almaria.pt\/pt-pt\/#organization\"},\"alternateName\":\"Almaria - Edif\u00edcios com Hist\u00f3ria\",\"potentialAction\":[{\"@type\":\"SearchAction\",\"target\":{\"@type\":\"EntryPoint\",\"urlTemplate\":\"https:\/\/www.almaria.pt\/pt-pt\/?s={search_term_string}\"},\"query-input\":{\"@type\":\"PropertyValueSpecification\",\"valueRequired\":true,\"valueName\":\"search_term_string\"}}],\"inLanguage\":\"pt-PT\"},{\"@type\":\"Organization\",\"@id\":\"https:\/\/www.almaria.pt\/pt-pt\/#organization\",\"name\":\"Almaria - Edif\u00edcios com Hist\u00f3ria\",\"alternateName\":\"Almaria - Edif\u00edcios com Hist\u00f3ria\",\"url\":\"https:\/\/www.almaria.pt\/pt-pt\/\",\"logo\":{\"@type\":\"ImageObject\",\"inLanguage\":\"pt-PT\",\"@id\":\"https:\/\/www.almaria.pt\/pt-pt\/#\/schema\/logo\/image\/\",\"url\":\"https:\/\/www.almaria.pt\/wp-content\/uploads\/sites\/58\/2026\/03\/black-historic-luxury-apartments-lisbon-logo-Almaria-new.png\",\"contentUrl\":\"https:\/\/www.almaria.pt\/wp-content\/uploads\/sites\/58\/2026\/03\/black-historic-luxury-apartments-lisbon-logo-Almaria-new.png\",\"width\":230,\"height\":300,\"caption\":\"Almaria - Edif\u00edcios com Hist\u00f3ria\"},\"image\":{\"@id\":\"https:\/\/www.almaria.pt\/pt-pt\/#\/schema\/logo\/image\/\"},\"sameAs\":[\"https:\/\/www.facebook.com\/almariaedificioscomhistoria\/\",\"https:\/\/www.instagram.com\/almaria_lisbon_apartments\/?hl=en\",\"https:\/\/www.linkedin.com\/company\/almaria-edif\u00edcios-com-hist\u00f3ria\/?viewAsMember=true\"]}]}<\/script>\n<!-- \/ Yoast SEO plugin. -->","yoast_head_json":{"title":"Privacidade e Cookies &#8211; Almaria &#8211;","description":"Pol\u00edtica de Privacidade - Website \u2013 25 de maio de 2018 Este aviso de privacidade informa-o sobre as informa\u00e7\u00f5es que recolhemos quando utiliza o nosso site. Ao recolher essa informa\u00e7\u00e3o, estamos atuando como um respons\u00e1vel pelo tratamento de dados e, por lei, somos obrigados a fornecer-lhe informa\u00e7\u00f5es sobre n\u00f3s, sobre o porqu\u00ea e como utilizamos os seus dados, e sobre os direitos que tem sobre seus dados. Quem somos? Somos a empresa Almaria \u2013 Edif\u00edcios com Hist\u00f3ria","robots":{"index":"index","follow":"follow","max-snippet":"max-snippet:-1","max-image-preview":"max-image-preview:large","max-video-preview":"max-video-preview:-1"},"canonical":"https:\/\/www.almaria.pt\/pt-pt\/privacidade-e-cookies\/","og_locale":"pt_PT","og_type":"article","og_title":"Privacidade e Cookies &#8211; Almaria &#8211;","og_description":"Pol\u00edtica de Privacidade - Website \u2013 25 de maio de 2018 Este aviso de privacidade informa-o sobre as informa\u00e7\u00f5es que recolhemos quando utiliza o nosso site. Ao recolher essa informa\u00e7\u00e3o, estamos atuando como um respons\u00e1vel pelo tratamento de dados e, por lei, somos obrigados a fornecer-lhe informa\u00e7\u00f5es sobre n\u00f3s, sobre o porqu\u00ea e como utilizamos os seus dados, e sobre os direitos que tem sobre seus dados. Quem somos? Somos a empresa Almaria \u2013 Edif\u00edcios com Hist\u00f3ria","og_url":"https:\/\/www.almaria.pt\/pt-pt\/privacidade-e-cookies\/","og_site_name":"Almaria","article_publisher":"https:\/\/www.facebook.com\/almariaedificioscomhistoria\/","article_modified_time":"2026-04-13T10:57:28+00:00","og_image":[{"width":2200,"height":1466,"url":"https:\/\/www.almaria.pt\/wp-content\/uploads\/sites\/58\/2026\/03\/river-view-3-bedrooms-ex-libris-apartments-chiado-almaria-2.jpg","type":"image\/jpeg"}],"twitter_card":"summary_large_image","twitter_misc":{"Est. reading time":"7 minutos"},"schema":{"@context":"https:\/\/schema.org","@graph":[{"@type":"WebPage","@id":"https:\/\/www.almaria.pt\/pt-pt\/privacidade-e-cookies\/","url":"https:\/\/www.almaria.pt\/pt-pt\/privacidade-e-cookies\/","name":"Privacidade e Cookies &#8211; Almaria &#8211;","isPartOf":{"@id":"https:\/\/www.almaria.pt\/pt-pt\/#website"},"datePublished":"2026-02-25T16:20:04+00:00","dateModified":"2026-04-13T10:57:28+00:00","description":"Pol\u00edtica de Privacidade - Website \u2013 25 de maio de 2018 Este aviso de privacidade informa-o sobre as informa\u00e7\u00f5es que recolhemos quando utiliza o nosso site. Ao recolher essa informa\u00e7\u00e3o, estamos atuando como um respons\u00e1vel pelo tratamento de dados e, por lei, somos obrigados a fornecer-lhe informa\u00e7\u00f5es sobre n\u00f3s, sobre o porqu\u00ea e como utilizamos os seus dados, e sobre os direitos que tem sobre seus dados. Quem somos? Somos a empresa Almaria \u2013 Edif\u00edcios com Hist\u00f3ria","breadcrumb":{"@id":"https:\/\/www.almaria.pt\/pt-pt\/privacidade-e-cookies\/#breadcrumb"},"inLanguage":"pt-PT","potentialAction":[{"@type":"ReadAction","target":["https:\/\/www.almaria.pt\/pt-pt\/privacidade-e-cookies\/"]}]},{"@type":"BreadcrumbList","@id":"https:\/\/www.almaria.pt\/pt-pt\/privacidade-e-cookies\/#breadcrumb","itemListElement":[{"@type":"ListItem","position":1,"name":"Home","item":"https:\/\/www.almaria.pt\/pt-pt\/"},{"@type":"ListItem","position":2,"name":"Privacidade e Cookies"}]},{"@type":"WebSite","@id":"https:\/\/www.almaria.pt\/pt-pt\/#website","url":"https:\/\/www.almaria.pt\/pt-pt\/","name":"Almaria - Edif\u00edcios com Hist\u00f3ria","description":"","publisher":{"@id":"https:\/\/www.almaria.pt\/pt-pt\/#organization"},"alternateName":"Almaria - Edif\u00edcios com Hist\u00f3ria","potentialAction":[{"@type":"SearchAction","target":{"@type":"EntryPoint","urlTemplate":"https:\/\/www.almaria.pt\/pt-pt\/?s={search_term_string}"},"query-input":{"@type":"PropertyValueSpecification","valueRequired":true,"valueName":"search_term_string"}}],"inLanguage":"pt-PT"},{"@type":"Organization","@id":"https:\/\/www.almaria.pt\/pt-pt\/#organization","name":"Almaria - Edif\u00edcios com Hist\u00f3ria","alternateName":"Almaria - Edif\u00edcios com Hist\u00f3ria","url":"https:\/\/www.almaria.pt\/pt-pt\/","logo":{"@type":"ImageObject","inLanguage":"pt-PT","@id":"https:\/\/www.almaria.pt\/pt-pt\/#\/schema\/logo\/image\/","url":"https:\/\/www.almaria.pt\/wp-content\/uploads\/sites\/58\/2026\/03\/black-historic-luxury-apartments-lisbon-logo-Almaria-new.png","contentUrl":"https:\/\/www.almaria.pt\/wp-content\/uploads\/sites\/58\/2026\/03\/black-historic-luxury-apartments-lisbon-logo-Almaria-new.png","width":230,"height":300,"caption":"Almaria - Edif\u00edcios com Hist\u00f3ria"},"image":{"@id":"https:\/\/www.almaria.pt\/pt-pt\/#\/schema\/logo\/image\/"},"sameAs":["https:\/\/www.facebook.com\/almariaedificioscomhistoria\/","https:\/\/www.instagram.com\/almaria_lisbon_apartments\/?hl=en","https:\/\/www.linkedin.com\/company\/almaria-edif\u00edcios-com-hist\u00f3ria\/?viewAsMember=true"]}]}},"acf":[],"_links":{"self":[{"href":"https:\/\/www.almaria.pt\/pt-pt\/wp-json\/wp\/v2\/pages\/95","targetHints":{"allow":["GET"]}}],"collection":[{"href":"https:\/\/www.almaria.pt\/pt-pt\/wp-json\/wp\/v2\/pages"}],"about":[{"href":"https:\/\/www.almaria.pt\/pt-pt\/wp-json\/wp\/v2\/types\/page"}],"author":[{"embeddable":true,"href":"https:\/\/www.almaria.pt\/pt-pt\/wp-json\/wp\/v2\/users\/8"}],"replies":[{"embeddable":true,"href":"https:\/\/www.almaria.pt\/pt-pt\/wp-json\/wp\/v2\/comments?post=95"}],"version-history":[{"count":0,"href":"https:\/\/www.almaria.pt\/pt-pt\/wp-json\/wp\/v2\/pages\/95\/revisions"}],"wp:attachment":[{"href":"https:\/\/www.almaria.pt\/pt-pt\/wp-json\/wp\/v2\/media?parent=95"}],"curies":[{"name":"wp","href":"https:\/\/api.w.org\/{rel}","templated":true}]}}